{"id":78448,"date":"2025-07-11T16:37:39","date_gmt":"2025-07-11T13:37:39","guid":{"rendered":"https:\/\/demo8.ecube.lv\/sezona.lv\/products\/leki-trekinga-nujas-tucson\/"},"modified":"2025-07-14T15:24:16","modified_gmt":"2025-07-14T12:24:16","slug":"leki-trekinga-nujas-tucson","status":"publish","type":"product","link":"https:\/\/sezona.lv\/en\/products\/leki-trekinga-nujas-tucson\/","title":{"rendered":"Leki trekinga n\u016bjas Tucson"},"content":{"rendered":"<div class=\"rte\">\n<p>&#8220;Oldschool&#8221; tipa trekinga n\u016bjas, kas ir paredz\u0113tas  nelieliem izg\u0101jieniem m\u0113ren\u0101 reljef\u0101. SuperLock stiprin\u0101jums iztur\u0113s  vertik\u0101lo slodzi l\u012bdz pat 140 kg. Liela diametra sekcija &scaron;\u012bs n\u016bjas  padara par \u012bpa&scaron;i iztur\u012bg\u0101m.<\/p>\n<h4>Specifik\u0101cija:<\/h4>\n<p><strong>Garums:<\/strong> 65-145 cm<br \/><strong>Materi\u0101ls:<\/strong> Avi\u0101cija alum\u012bnijs HTS 6.0 <br \/><strong>Roktura materi\u0101ls:<\/strong> PA Saftey Soft<br \/><strong>Regul\u0101cijas sist\u0113ma:<\/strong> Speed Lock<br \/><strong>Sekcijas:<\/strong> 18 mm | 16 mm | 14 mm <br \/><strong>Uzgalis:<\/strong> Karb\u012bda Flextip <br \/><strong>Lence:<\/strong> Lock Security Strap (LSS) &#8211; neilona lence <br \/><strong>Svars:<\/strong> 610 grami (p\u0101ris)<\/p>\n<\/div>\n<p>N\u016bjas garums ir j\u0101izv\u0113l\u0101s attiec\u012bb\u0101 pret n\u016bjot\u0101ja augumu<\/p>\n<p>&nbsp;<\/p>\n<table border=\"0\" cellspacing=\"0\" cellpadding=\"0\" width=\"150\">\n<tbody>\n<tr>\n<td>\n<p align=\"center\"><strong>n\u016bja cm<\/strong><\/p>\n<\/td>\n<td>\n<p align=\"center\"><strong>n\u016bjot\u0101js cm<\/strong><\/p>\n<\/td>\n<\/tr>\n<tr>\n<td>\n<p align=\"center\">90<\/p>\n<\/td>\n<td>\n<p align=\"center\">128 &#8211; 140<\/p>\n<\/td>\n<\/tr>\n<tr>\n<td>\n<p align=\"center\">95<\/p>\n<\/td>\n<td>\n<p align=\"center\">136 &#8211; 145<\/p>\n<\/td>\n<\/tr>\n<tr>\n<td>\n<p align=\"center\">100<\/p>\n<\/td>\n<td>\n<p align=\"center\">142 &#8211; 152<\/p>\n<\/td>\n<\/tr>\n<tr>\n<td>\n<p align=\"center\">105<\/p>\n<\/td>\n<td>\n<p align=\"center\">150 &#8211; 160<\/p>\n<\/td>\n<\/tr>\n<tr>\n<td>\n<p align=\"center\">110<\/p>\n<\/td>\n<td>\n<p align=\"center\">158 &#8211; 168<\/p>\n<\/td>\n<\/tr>\n<tr>\n<td>\n<p align=\"center\">115<\/p>\n<\/td>\n<td>\n<p align=\"center\">165 &#8211; 175<\/p>\n<\/td>\n<\/tr>\n<tr>\n<td>\n<p align=\"center\">120<\/p>\n<\/td>\n<td>\n<p align=\"center\">173 &#8211; 182<\/p>\n<\/td>\n<\/tr>\n<tr>\n<td>\n<p align=\"center\">125<\/p>\n<\/td>\n<td>\n<p align=\"center\">180 &#8211; 190<\/p>\n<\/td>\n<\/tr>\n<tr>\n<td>\n<p align=\"center\">130<\/p>\n<\/td>\n<td>\n<p align=\"center\">188 &#8211; 198<\/p>\n<\/td>\n<\/tr>\n<tr>\n<td>\n<p align=\"center\">135<\/p>\n<\/td>\n<td>\n<p align=\"center\">196 &#8211; 196<\/p>\n<\/td>\n<\/tr>\n<\/tbody>\n<\/table>\n<p>&nbsp;<\/p>\n<p>&nbsp;<\/p>\n<p>&nbsp;<\/p>\n","protected":false},"excerpt":{"rendered":"<p>&#8220;Oldschool&#8221; tipa trekinga n\u016bjas, kas ir paredz\u0113tas nelieliem izg\u0101jieniem m\u0113ren\u0101 reljef\u0101. SuperLock stiprin\u0101jums iztur\u0113s vertik\u0101lo slodzi l\u012bdz pat 140 kg. Liela diametra sekcija &scaron;\u012bs n\u016bjas padara par \u012bpa&scaron;i iztur\u012bg\u0101m. Specifik\u0101cija: Garums: 65-145 cmMateri\u0101ls: Avi\u0101cija alum\u012bnijs HTS 6.0 Roktura materi\u0101ls: PA Saftey SoftRegul\u0101cijas sist\u0113ma: Speed LockSekcijas: 18 mm | 16 mm | 14 mm Uzgalis: Karb\u012bda [&hellip;]<\/p>\n","protected":false},"featured_media":69889,"template":"","meta":[],"product_brand":[932],"product_cat":[4602,4746],"product_tag":[],"class_list":{"0":"post-78448","1":"product","2":"type-product","3":"status-publish","4":"has-post-thumbnail","6":"product_brand-leki","7":"product_cat-summer-sports-sports","8":"product_cat-nordic-walking-summer-sports-sports","10":"first","11":"instock","12":"shipping-taxable","13":"purchasable","14":"product-type-simple"},"_links":{"self":[{"href":"https:\/\/sezona.lv\/en\/wp-json\/wp\/v2\/product\/78448","targetHints":{"allow":["GET"]}}],"collection":[{"href":"https:\/\/sezona.lv\/en\/wp-json\/wp\/v2\/product"}],"about":[{"href":"https:\/\/sezona.lv\/en\/wp-json\/wp\/v2\/types\/product"}],"wp:featuredmedia":[{"embeddable":true,"href":"https:\/\/sezona.lv\/en\/wp-json\/wp\/v2\/media\/69889"}],"wp:attachment":[{"href":"https:\/\/sezona.lv\/en\/wp-json\/wp\/v2\/media?parent=78448"}],"wp:term":[{"taxonomy":"product_brand","embeddable":true,"href":"https:\/\/sezona.lv\/en\/wp-json\/wp\/v2\/product_brand?post=78448"},{"taxonomy":"product_cat","embeddable":true,"href":"https:\/\/sezona.lv\/en\/wp-json\/wp\/v2\/product_cat?post=78448"},{"taxonomy":"product_tag","embeddable":true,"href":"https:\/\/sezona.lv\/en\/wp-json\/wp\/v2\/product_tag?post=78448"}],"curies":[{"name":"wp","href":"https:\/\/api.w.org\/{rel}","templated":true}]}}