{"id":78449,"date":"2025-07-14T15:24:17","date_gmt":"2025-07-14T12:24:17","guid":{"rendered":"https:\/\/demo8.ecube.lv\/sezona.lv\/products\/leki-spiekis-black-series-wanderfreund-sl2\/"},"modified":"2025-07-14T15:24:17","modified_gmt":"2025-07-14T12:24:17","slug":"leki-spiekis-black-series-wanderfreund-sl2","status":"publish","type":"product","link":"https:\/\/sezona.lv\/en\/products\/leki-spiekis-black-series-wanderfreund-sl2\/","title":{"rendered":"Leki spie\u0137is Black Series Wanderfreund SL2"},"content":{"rendered":"<div class=\"rte\">\n<p>\u012apa&scaron;\u0101m v\u0113lm\u0113m \u012bpa&scaron;s spie\u0137is. Leki Black Series  Wanderfreund SL2 spie\u0137is ir izgatavots no 100% oglek\u013ca &scaron;\u0137iedras jeb  karbona materi\u0101la, kas ir ne tikai \u013coti viegls, bet tam piem\u012bt ar\u012b  lieliskas vibr\u0101ciju sl\u0101p\u0113jo&scaron;as \u012bpa&scaron;\u012bbas. T\u0101 dizains, kr\u0101su salikums un  pul\u0113jums ir nostr\u0101d\u0101ts l\u012bdz perfektam izn\u0101kumam no roktura l\u012bdz pat k\u0101ta  galam. Speed Lock regul\u0101cijas aizdare ir ne tikai \u0113rta, bet ar\u012b dro&scaron;a.<\/p>\n<h4>Specifik\u0101cija:<\/h4>\n<p><strong>Rokturis:<\/strong> Aergomed <br \/><strong>Materi\u0101ls:<\/strong> 100% oglek\u013ca &scaron;\u0137iedra jeb karbons <br \/><strong>Sekcijas:<\/strong> 18mm | 16mm | 14mm <br \/><strong>Stiprin\u0101jums:<\/strong> Speed Lock 2 <br \/><strong>Uzgalis:<\/strong> FelxTip <br \/><strong>Uzmanva:<\/strong> Trekking pad <br \/><strong>Garums:<\/strong> 63 cm &#8211; 120 cm <br \/><strong>Svars:<\/strong> 246 grami<\/p>\n<\/div>\n<p>&nbsp;<\/p>\n<p>&nbsp;<\/p>\n<p>&nbsp;<\/p>\n<p>&nbsp;<\/p>\n<p>&nbsp;<\/p>\n<p>&nbsp;<\/p>\n<p>&nbsp;<\/p>\n","protected":false},"excerpt":{"rendered":"<p>\u012apa&scaron;\u0101m v\u0113lm\u0113m \u012bpa&scaron;s spie\u0137is. Leki Black Series Wanderfreund SL2 spie\u0137is ir izgatavots no 100% oglek\u013ca &scaron;\u0137iedras jeb karbona materi\u0101la, kas ir ne tikai \u013coti viegls, bet tam piem\u012bt ar\u012b lieliskas vibr\u0101ciju sl\u0101p\u0113jo&scaron;as \u012bpa&scaron;\u012bbas. T\u0101 dizains, kr\u0101su salikums un pul\u0113jums ir nostr\u0101d\u0101ts l\u012bdz perfektam izn\u0101kumam no roktura l\u012bdz pat k\u0101ta galam. Speed Lock regul\u0101cijas aizdare ir [&hellip;]<\/p>\n","protected":false},"featured_media":0,"template":"","meta":[],"product_brand":[932],"product_cat":[4587,4602,4746],"product_tag":[],"class_list":{"0":"post-78449","1":"product","2":"type-product","3":"status-publish","5":"product_brand-leki","6":"product_cat-sports","7":"product_cat-summer-sports-sports","8":"product_cat-nordic-walking-summer-sports-sports","10":"first","11":"instock","12":"shipping-taxable","13":"purchasable","14":"product-type-simple"},"_links":{"self":[{"href":"https:\/\/sezona.lv\/en\/wp-json\/wp\/v2\/product\/78449","targetHints":{"allow":["GET"]}}],"collection":[{"href":"https:\/\/sezona.lv\/en\/wp-json\/wp\/v2\/product"}],"about":[{"href":"https:\/\/sezona.lv\/en\/wp-json\/wp\/v2\/types\/product"}],"wp:attachment":[{"href":"https:\/\/sezona.lv\/en\/wp-json\/wp\/v2\/media?parent=78449"}],"wp:term":[{"taxonomy":"product_brand","embeddable":true,"href":"https:\/\/sezona.lv\/en\/wp-json\/wp\/v2\/product_brand?post=78449"},{"taxonomy":"product_cat","embeddable":true,"href":"https:\/\/sezona.lv\/en\/wp-json\/wp\/v2\/product_cat?post=78449"},{"taxonomy":"product_tag","embeddable":true,"href":"https:\/\/sezona.lv\/en\/wp-json\/wp\/v2\/product_tag?post=78449"}],"curies":[{"name":"wp","href":"https:\/\/api.w.org\/{rel}","templated":true}]}}