{"id":78451,"date":"2025-07-14T15:24:20","date_gmt":"2025-07-14T12:24:20","guid":{"rendered":"https:\/\/demo8.ecube.lv\/sezona.lv\/products\/leki-nujosanas-nujas-micro-trail-pro\/"},"modified":"2025-07-14T15:24:20","modified_gmt":"2025-07-14T12:24:20","slug":"leki-nujosanas-nujas-micro-trail-pro","status":"publish","type":"product","link":"https:\/\/sezona.lv\/en\/products\/leki-nujosanas-nujas-micro-trail-pro\/","title":{"rendered":"Leki n\u016bjo\u0161anas n\u016bjas Micro Trail Pro"},"content":{"rendered":"<div class=\"rte\">\n<div class=\"rte\">\n<div class=\"rte\">\n<div class=\"rte\">\n<p>\u013boti vieglas un kompaktas n\u016bjo&scaron;anas n\u016bjas no Leki  Z-Pole saimes. Izgatavotas no 100% oglek\u013ca &scaron;\u0137iedras, jeb karbona. \u012apa&scaron;i  piem\u0113rotas skrie&scaron;anai kalnu maratonos un ce\u013cojumiem, jo ar viena pogas  spiediena pal\u012bdz\u012bbu salok\u0101mas tik kompakti, ka ievietojamas pat  mugursom\u0101. Salikt\u0101 veid\u0101 ir tikai 38 cm garas. \u0100tri un \u0113rti no\u0146emams  cimdi\u0146&scaron; un main\u0101mi uzga\u013cu grozi\u0146i.<\/p>\n<h4>Specifik\u0101cija:<\/h4>\n<p><strong>Materi\u0101ls:<\/strong> 100% Carbon <br \/><strong>Garums:<\/strong> No 105 l\u012bdz 130 cm ar soli 5cm <br \/><strong>Salikt\u0101 vied\u0101:<\/strong> 38cm (120cm n\u016bjas) <br \/><strong>Rokturis:<\/strong> Trigger Shark <br \/><strong>Uzgalis:<\/strong> Karb\u012bda Flextip ar gumijas uzmavu &#8220;Powergrip Spike Pad&#8221; <br \/><strong>Diametrs:<\/strong> 16\/14mm <br \/><strong>Plaukstas lence (cimdi\u0146&scaron;):<\/strong> Trigger Shark, regul\u0113jama no S l\u012bdz L izm\u0113ram <br \/><strong>Svars:<\/strong> 394g<\/p>\n<\/div>\n<\/div>\n<\/div>\n<\/div>\n<p>N\u016bjas garums ir j\u0101izv\u0113l\u0101s attiec\u012bb\u0101 pret n\u016bjot\u0101ja augumu<\/p>\n<p>&nbsp;<\/p>\n<table border=\"0\" cellspacing=\"0\" cellpadding=\"0\" width=\"150\">\n<tbody>\n<tr>\n<td>\n<p align=\"center\"><strong>n\u016bja cm<\/strong><\/p>\n<\/td>\n<td>\n<p align=\"center\"><strong>n\u016bjot\u0101js cm<\/strong><\/p>\n<\/td>\n<\/tr>\n<tr>\n<td>\n<p align=\"center\">90<\/p>\n<\/td>\n<td>\n<p align=\"center\">128 &#8211; 140<\/p>\n<\/td>\n<\/tr>\n<tr>\n<td>\n<p align=\"center\">95<\/p>\n<\/td>\n<td>\n<p align=\"center\">136 &#8211; 145<\/p>\n<\/td>\n<\/tr>\n<tr>\n<td>\n<p align=\"center\">100<\/p>\n<\/td>\n<td>\n<p align=\"center\">142 &#8211; 152<\/p>\n<\/td>\n<\/tr>\n<tr>\n<td>\n<p align=\"center\">105<\/p>\n<\/td>\n<td>\n<p align=\"center\">150 &#8211; 160<\/p>\n<\/td>\n<\/tr>\n<tr>\n<td>\n<p align=\"center\">110<\/p>\n<\/td>\n<td>\n<p align=\"center\">158 &#8211; 168<\/p>\n<\/td>\n<\/tr>\n<tr>\n<td>\n<p align=\"center\">115<\/p>\n<\/td>\n<td>\n<p align=\"center\">165 &#8211; 175<\/p>\n<\/td>\n<\/tr>\n<tr>\n<td>\n<p align=\"center\">120<\/p>\n<\/td>\n<td>\n<p align=\"center\">173 &#8211; 182<\/p>\n<\/td>\n<\/tr>\n<tr>\n<td>\n<p align=\"center\">125<\/p>\n<\/td>\n<td>\n<p align=\"center\">180 &#8211; 190<\/p>\n<\/td>\n<\/tr>\n<tr>\n<td>\n<p align=\"center\">130<\/p>\n<\/td>\n<td>\n<p align=\"center\">188 &#8211; 198<\/p>\n<\/td>\n<\/tr>\n<tr>\n<td>\n<p align=\"center\">135<\/p>\n<\/td>\n<td>\n<p align=\"center\">196 &#8211; 196<\/p>\n<\/td>\n<\/tr>\n<\/tbody>\n<\/table>\n<p>&nbsp;<\/p>\n<p>&nbsp;<\/p>\n<p>&nbsp;<\/p>\n","protected":false},"excerpt":{"rendered":"<p>\u013boti vieglas un kompaktas n\u016bjo&scaron;anas n\u016bjas no Leki Z-Pole saimes. Izgatavotas no 100% oglek\u013ca &scaron;\u0137iedras, jeb karbona. \u012apa&scaron;i piem\u0113rotas skrie&scaron;anai kalnu maratonos un ce\u013cojumiem, jo ar viena pogas spiediena pal\u012bdz\u012bbu salok\u0101mas tik kompakti, ka ievietojamas pat mugursom\u0101. Salikt\u0101 veid\u0101 ir tikai 38 cm garas. \u0100tri un \u0113rti no\u0146emams cimdi\u0146&scaron; un main\u0101mi uzga\u013cu grozi\u0146i. Specifik\u0101cija: Materi\u0101ls: [&hellip;]<\/p>\n","protected":false},"featured_media":0,"template":"","meta":[],"product_brand":[932],"product_cat":[4587,4602,4746,4747],"product_tag":[],"class_list":{"0":"post-78451","1":"product","2":"type-product","3":"status-publish","5":"product_brand-leki","6":"product_cat-sports","7":"product_cat-summer-sports-sports","8":"product_cat-nordic-walking-summer-sports-sports","9":"product_cat-walking-sticks-nordic-walking-summer-sports-sports","11":"first","12":"instock","13":"shipping-taxable","14":"purchasable","15":"product-type-simple"},"_links":{"self":[{"href":"https:\/\/sezona.lv\/en\/wp-json\/wp\/v2\/product\/78451","targetHints":{"allow":["GET"]}}],"collection":[{"href":"https:\/\/sezona.lv\/en\/wp-json\/wp\/v2\/product"}],"about":[{"href":"https:\/\/sezona.lv\/en\/wp-json\/wp\/v2\/types\/product"}],"wp:attachment":[{"href":"https:\/\/sezona.lv\/en\/wp-json\/wp\/v2\/media?parent=78451"}],"wp:term":[{"taxonomy":"product_brand","embeddable":true,"href":"https:\/\/sezona.lv\/en\/wp-json\/wp\/v2\/product_brand?post=78451"},{"taxonomy":"product_cat","embeddable":true,"href":"https:\/\/sezona.lv\/en\/wp-json\/wp\/v2\/product_cat?post=78451"},{"taxonomy":"product_tag","embeddable":true,"href":"https:\/\/sezona.lv\/en\/wp-json\/wp\/v2\/product_tag?post=78451"}],"curies":[{"name":"wp","href":"https:\/\/api.w.org\/{rel}","templated":true}]}}