{"id":78452,"date":"2025-07-11T16:37:45","date_gmt":"2025-07-11T13:37:45","guid":{"rendered":"https:\/\/demo8.ecube.lv\/sezona.lv\/products\/leki-trekinga-nujas-khumbu-as-sl\/"},"modified":"2025-07-14T15:24:20","modified_gmt":"2025-07-14T12:24:20","slug":"leki-trekinga-nujas-khumbu-as-sl","status":"publish","type":"product","link":"https:\/\/sezona.lv\/en\/products\/leki-trekinga-nujas-khumbu-as-sl\/","title":{"rendered":"Leki trekinga n\u016bjas Khumbu AS SL"},"content":{"rendered":"<div class=\"rte\">\n<div class=\"rte\">\n<p>\u013boti iztur\u012bgas trekinga n\u016bjas ar anti&scaron;oka sist\u0113mu.  N\u016bju izskata saglab\u0101&scaron;anai tika veikta Ultra Sonic Finish p\u0113capstr\u0101de &#8211;  kvalitat\u012bvs pul\u0113jums, p\u0101rkl\u0101ts ar grafisku z\u012bm\u0113jumu un \u013coti sp\u0113c\u012bgu  aizsarglakojumu un ELOAXAL p\u0113capstr\u0101de &#8211; elektro\u0137\u012bmisks process, ar kuru  apstr\u0101d\u0101tas n\u016bjas, nodro&scaron;ina alum\u012bnijam piln\u012bgu aizsardz\u012bbu pret  skr\u0101p\u0113jumiem. N\u016bjam ir main\u0101ma Nordic Basket uzga\u013cu grozu sist\u0113ma, kas  \u013cauj nomain\u012bt standarta grozi\u0146us pret sniega groziem.<\/p>\n<h4>Specifik\u0101cija:<\/h4>\n<p><strong>Garums:<\/strong> 72-145 cm<br \/><strong>Rokturis:<\/strong> Aergon Soft <br \/><strong>Lence:<\/strong> Lock Security Strap (LSS) &#8211; neilona lence <br \/><strong>Uzgalis:<\/strong> Karb\u012bda Flextip <br \/><strong>Diametrs:<\/strong> 18\/16\/14 mm<br \/><strong>Materi\u0101ls:<\/strong> Aluminium HTS 6.5 <br \/><strong>Regul\u0113&scaron;anas sist\u0113ma:<\/strong> Speed Lock <br \/><strong>Anti&scaron;oka sist\u0113ma:<\/strong> Dynamic Suspension System <br \/><strong>P\u0101rkl\u0101jums:<\/strong> Ultra Sonic Finish \/ ELOXAL <br \/><strong>Svars:<\/strong> 614 grami (p\u0101ris)<\/p>\n<\/div>\n<\/div>\n<p>&nbsp;<\/p>\n<p>N\u016bjas garums ir j\u0101izv\u0113l\u0101s attiec\u012bb\u0101 pret n\u016bjot\u0101ja augumu<\/p>\n<p>&nbsp;<\/p>\n<table border=\"0\" cellspacing=\"0\" cellpadding=\"0\" width=\"150\">\n<tbody>\n<tr>\n<td>\n<p align=\"center\"><strong>n\u016bja cm<\/strong><\/p>\n<\/td>\n<td>\n<p align=\"center\"><strong>n\u016bjot\u0101js cm<\/strong><\/p>\n<\/td>\n<\/tr>\n<tr>\n<td>\n<p align=\"center\">90<\/p>\n<\/td>\n<td>\n<p align=\"center\">128 &#8211; 140<\/p>\n<\/td>\n<\/tr>\n<tr>\n<td>\n<p align=\"center\">95<\/p>\n<\/td>\n<td>\n<p align=\"center\">136 &#8211; 145<\/p>\n<\/td>\n<\/tr>\n<tr>\n<td>\n<p align=\"center\">100<\/p>\n<\/td>\n<td>\n<p align=\"center\">142 &#8211; 152<\/p>\n<\/td>\n<\/tr>\n<tr>\n<td>\n<p align=\"center\">105<\/p>\n<\/td>\n<td>\n<p align=\"center\">150 &#8211; 160<\/p>\n<\/td>\n<\/tr>\n<tr>\n<td>\n<p align=\"center\">110<\/p>\n<\/td>\n<td>\n<p align=\"center\">158 &#8211; 168<\/p>\n<\/td>\n<\/tr>\n<tr>\n<td>\n<p align=\"center\">115<\/p>\n<\/td>\n<td>\n<p align=\"center\">165 &#8211; 175<\/p>\n<\/td>\n<\/tr>\n<tr>\n<td>\n<p align=\"center\">120<\/p>\n<\/td>\n<td>\n<p align=\"center\">173 &#8211; 182<\/p>\n<\/td>\n<\/tr>\n<tr>\n<td>\n<p align=\"center\">125<\/p>\n<\/td>\n<td>\n<p align=\"center\">180 &#8211; 190<\/p>\n<\/td>\n<\/tr>\n<tr>\n<td>\n<p align=\"center\">130<\/p>\n<\/td>\n<td>\n<p align=\"center\">188 &#8211; 198<\/p>\n<\/td>\n<\/tr>\n<tr>\n<td>\n<p align=\"center\">135<\/p>\n<\/td>\n<td>\n<p align=\"center\">196 &#8211; 196<\/p>\n<\/td>\n<\/tr>\n<\/tbody>\n<\/table>\n<p>&nbsp;<\/p>\n<p>&nbsp;<\/p>\n<p>&nbsp;<\/p>\n","protected":false},"excerpt":{"rendered":"<p>\u013boti iztur\u012bgas trekinga n\u016bjas ar anti&scaron;oka sist\u0113mu. N\u016bju izskata saglab\u0101&scaron;anai tika veikta Ultra Sonic Finish p\u0113capstr\u0101de &#8211; kvalitat\u012bvs pul\u0113jums, p\u0101rkl\u0101ts ar grafisku z\u012bm\u0113jumu un \u013coti sp\u0113c\u012bgu aizsarglakojumu un ELOAXAL p\u0113capstr\u0101de &#8211; elektro\u0137\u012bmisks process, ar kuru apstr\u0101d\u0101tas n\u016bjas, nodro&scaron;ina alum\u012bnijam piln\u012bgu aizsardz\u012bbu pret skr\u0101p\u0113jumiem. N\u016bjam ir main\u0101ma Nordic Basket uzga\u013cu grozu sist\u0113ma, kas \u013cauj nomain\u012bt standarta [&hellip;]<\/p>\n","protected":false},"featured_media":69912,"template":"","meta":[],"product_brand":[932],"product_cat":[4602,4746],"product_tag":[],"class_list":{"0":"post-78452","1":"product","2":"type-product","3":"status-publish","4":"has-post-thumbnail","6":"product_brand-leki","7":"product_cat-summer-sports-sports","8":"product_cat-nordic-walking-summer-sports-sports","10":"first","11":"instock","12":"shipping-taxable","13":"purchasable","14":"product-type-simple"},"_links":{"self":[{"href":"https:\/\/sezona.lv\/en\/wp-json\/wp\/v2\/product\/78452","targetHints":{"allow":["GET"]}}],"collection":[{"href":"https:\/\/sezona.lv\/en\/wp-json\/wp\/v2\/product"}],"about":[{"href":"https:\/\/sezona.lv\/en\/wp-json\/wp\/v2\/types\/product"}],"wp:featuredmedia":[{"embeddable":true,"href":"https:\/\/sezona.lv\/en\/wp-json\/wp\/v2\/media\/69912"}],"wp:attachment":[{"href":"https:\/\/sezona.lv\/en\/wp-json\/wp\/v2\/media?parent=78452"}],"wp:term":[{"taxonomy":"product_brand","embeddable":true,"href":"https:\/\/sezona.lv\/en\/wp-json\/wp\/v2\/product_brand?post=78452"},{"taxonomy":"product_cat","embeddable":true,"href":"https:\/\/sezona.lv\/en\/wp-json\/wp\/v2\/product_cat?post=78452"},{"taxonomy":"product_tag","embeddable":true,"href":"https:\/\/sezona.lv\/en\/wp-json\/wp\/v2\/product_tag?post=78452"}],"curies":[{"name":"wp","href":"https:\/\/api.w.org\/{rel}","templated":true}]}}