{"id":78454,"date":"2025-07-11T16:37:48","date_gmt":"2025-07-11T13:37:48","guid":{"rendered":"https:\/\/demo8.ecube.lv\/sezona.lv\/products\/leki-trekinga-nujas-micro-vario-carbon-strong\/"},"modified":"2025-07-14T15:24:22","modified_gmt":"2025-07-14T12:24:22","slug":"leki-trekinga-nujas-micro-vario-carbon-strong","status":"publish","type":"product","link":"https:\/\/sezona.lv\/en\/products\/leki-trekinga-nujas-micro-vario-carbon-strong\/","title":{"rendered":"Leki trekinga n\u016bjas Micro Vario Carbon Strong"},"content":{"rendered":"<div class=\"rte\">\n<div class=\"rte\">\n<p>\u013boti iztur\u012bgas karbona trekinga n\u016bjas ar alum\u012bnija  apak&scaron;\u0113jo segmentu. &Scaron;\u012bs n\u016bjas ir \u012bpa&scaron;i piem\u0113rotas ziemas p\u0101rg\u0101jieniem un  apvidiem ar lieliem akme\u0146iem. Leki SpeedLock stiprin\u0101jums ir tik stiprs,  kas iztur 80 kg vertik\u0101lo slodzi. Garais termo rokturis ir \u012bpa&scaron;i  komfortabls aukst\u0101 laik\u0101, bet ar\u012b vasar\u0101 tas nesag\u0101d\u0101 diskomfortu.  Z-Pole konstrukcija padara t\u0101s par \u013coti kompakt\u0101m salikt\u0101 veid\u0101.<\/p>\n<h4>Specifik\u0101cija:<\/h4>\n<p><strong>Materi\u0101ls:<\/strong> 100%Carbon\/ Alum\u012bnijs HTS6.5 <br \/><strong>Segmenti:<\/strong> 5 gab. <br \/><strong>Diametrs:<\/strong> 18 mm | 16 mm | 14 mm | 14 mm | 14 mm <br \/><strong>Stiprin\u0101jums:<\/strong> Speed Lock <br \/><strong>Regul\u0101cija:<\/strong> 120-140 cm<br \/><strong>Salikt\u0101 veid\u0101:<\/strong> 38 cm<br \/><strong>Rokturis:<\/strong> Aergon Thermo Long <br \/><strong>Lence:<\/strong> Lock Security Strap (Skin) <br \/><strong>Uzgalis:<\/strong> Karb\u012bda Flex Tip Short <br \/><strong>Svars:<\/strong> 532 grami (p\u0101ris)<\/p>\n<\/div>\n<\/div>\n<p>N\u016bjas garums ir j\u0101izv\u0113l\u0101s attiec\u012bb\u0101 pret n\u016bjot\u0101ja augumu<\/p>\n<p>&nbsp;<\/p>\n<table border=\"0\" cellspacing=\"0\" cellpadding=\"0\" width=\"150\">\n<tbody>\n<tr>\n<td>\n<p align=\"center\"><strong>n\u016bja cm<\/strong><\/p>\n<\/td>\n<td>\n<p align=\"center\"><strong>n\u016bjot\u0101js cm<\/strong><\/p>\n<\/td>\n<\/tr>\n<tr>\n<td>\n<p align=\"center\">90<\/p>\n<\/td>\n<td>\n<p align=\"center\">128 &#8211; 140<\/p>\n<\/td>\n<\/tr>\n<tr>\n<td>\n<p align=\"center\">95<\/p>\n<\/td>\n<td>\n<p align=\"center\">136 &#8211; 145<\/p>\n<\/td>\n<\/tr>\n<tr>\n<td>\n<p align=\"center\">100<\/p>\n<\/td>\n<td>\n<p align=\"center\">142 &#8211; 152<\/p>\n<\/td>\n<\/tr>\n<tr>\n<td>\n<p align=\"center\">105<\/p>\n<\/td>\n<td>\n<p align=\"center\">150 &#8211; 160<\/p>\n<\/td>\n<\/tr>\n<tr>\n<td>\n<p align=\"center\">110<\/p>\n<\/td>\n<td>\n<p align=\"center\">158 &#8211; 168<\/p>\n<\/td>\n<\/tr>\n<tr>\n<td>\n<p align=\"center\">115<\/p>\n<\/td>\n<td>\n<p align=\"center\">165 &#8211; 175<\/p>\n<\/td>\n<\/tr>\n<tr>\n<td>\n<p align=\"center\">120<\/p>\n<\/td>\n<td>\n<p align=\"center\">173 &#8211; 182<\/p>\n<\/td>\n<\/tr>\n<tr>\n<td>\n<p align=\"center\">125<\/p>\n<\/td>\n<td>\n<p align=\"center\">180 &#8211; 190<\/p>\n<\/td>\n<\/tr>\n<tr>\n<td>\n<p align=\"center\">130<\/p>\n<\/td>\n<td>\n<p align=\"center\">188 &#8211; 198<\/p>\n<\/td>\n<\/tr>\n<tr>\n<td>\n<p align=\"center\">135<\/p>\n<\/td>\n<td>\n<p align=\"center\">196 &#8211; 196<\/p>\n<\/td>\n<\/tr>\n<\/tbody>\n<\/table>\n<p>&nbsp;<\/p>\n<p>&nbsp;<\/p>\n<p>&nbsp;<\/p>\n","protected":false},"excerpt":{"rendered":"<p>\u013boti iztur\u012bgas karbona trekinga n\u016bjas ar alum\u012bnija apak&scaron;\u0113jo segmentu. &Scaron;\u012bs n\u016bjas ir \u012bpa&scaron;i piem\u0113rotas ziemas p\u0101rg\u0101jieniem un apvidiem ar lieliem akme\u0146iem. Leki SpeedLock stiprin\u0101jums ir tik stiprs, kas iztur 80 kg vertik\u0101lo slodzi. Garais termo rokturis ir \u012bpa&scaron;i komfortabls aukst\u0101 laik\u0101, bet ar\u012b vasar\u0101 tas nesag\u0101d\u0101 diskomfortu. Z-Pole konstrukcija padara t\u0101s par \u013coti kompakt\u0101m salikt\u0101 [&hellip;]<\/p>\n","protected":false},"featured_media":69918,"template":"","meta":[],"product_brand":[932],"product_cat":[4602,4746],"product_tag":[],"class_list":{"0":"post-78454","1":"product","2":"type-product","3":"status-publish","4":"has-post-thumbnail","6":"product_brand-leki","7":"product_cat-summer-sports-sports","8":"product_cat-nordic-walking-summer-sports-sports","10":"first","11":"instock","12":"shipping-taxable","13":"purchasable","14":"product-type-simple"},"_links":{"self":[{"href":"https:\/\/sezona.lv\/en\/wp-json\/wp\/v2\/product\/78454","targetHints":{"allow":["GET"]}}],"collection":[{"href":"https:\/\/sezona.lv\/en\/wp-json\/wp\/v2\/product"}],"about":[{"href":"https:\/\/sezona.lv\/en\/wp-json\/wp\/v2\/types\/product"}],"wp:featuredmedia":[{"embeddable":true,"href":"https:\/\/sezona.lv\/en\/wp-json\/wp\/v2\/media\/69918"}],"wp:attachment":[{"href":"https:\/\/sezona.lv\/en\/wp-json\/wp\/v2\/media?parent=78454"}],"wp:term":[{"taxonomy":"product_brand","embeddable":true,"href":"https:\/\/sezona.lv\/en\/wp-json\/wp\/v2\/product_brand?post=78454"},{"taxonomy":"product_cat","embeddable":true,"href":"https:\/\/sezona.lv\/en\/wp-json\/wp\/v2\/product_cat?post=78454"},{"taxonomy":"product_tag","embeddable":true,"href":"https:\/\/sezona.lv\/en\/wp-json\/wp\/v2\/product_tag?post=78454"}],"curies":[{"name":"wp","href":"https:\/\/api.w.org\/{rel}","templated":true}]}}