{"id":78456,"date":"2025-07-11T16:37:55","date_gmt":"2025-07-11T13:37:55","guid":{"rendered":"https:\/\/demo8.ecube.lv\/sezona.lv\/products\/leki-trekinga-nujas-black-series-sl2\/"},"modified":"2025-07-14T15:24:25","modified_gmt":"2025-07-14T12:24:25","slug":"leki-trekinga-nujas-black-series-sl2","status":"publish","type":"product","link":"https:\/\/sezona.lv\/en\/products\/leki-trekinga-nujas-black-series-sl2\/","title":{"rendered":"Leki trekinga n\u016bjas Black Series SL2"},"content":{"rendered":"<div class=\"rte\">\n<p>Supervieglas un iztur\u012bgas karbona jeb oglek\u013ca  &scaron;\u0137iedras trekinga n\u016bjas. Iztur\u012bgais karbona materi\u0101ls absorb\u0113s  triecienus, nesag\u0101d\u0101jot vibr\u0101ciju diskomfortu lietot\u0101jam, ejot pa cietu  segumu. &Scaron;\u012b n\u016bjas ir teicams ce\u013ca biedrs trekingu m\u012b\u013cot\u0101jiem. &Scaron;\u012bs n\u016bjas  ir vienas no \u0113rt\u0101kaj\u0101m un ar\u012b dizain\u0101 lab\u0101kaj\u0101m trekinga n\u016bj\u0101m Leki  kl\u0101st\u0101.<\/p>\n<h4>Specifik\u0101cija:<\/h4>\n<p><strong> Materi\u0101ls:<\/strong> 100% Oglek\u013ca &scaron;\u0137iedra jeb karbons<br \/><strong>Segmenti:<\/strong> 3 gab.<br \/><strong>Diametrs:<\/strong> 16 mm | 14 mm | 12 mm<br \/><strong>Stiprin\u0101jums:<\/strong> Speed Lock 2 <br \/><strong>Regul\u0101cija:<\/strong> 67-135 cm<br \/><strong>Salikt\u0101 veid\u0101:<\/strong> 67 cm<br \/><strong>Rokturis:<\/strong> Aergon Thermo Mid <br \/><strong>Lence:<\/strong> Lock Security Strap (Skin)<br \/><strong>Uzgalis:<\/strong> Karb\u012bda Flex Tip Short <br \/><strong>Svars:<\/strong> 398 grami (p\u0101ris)<\/p>\n<\/div>\n<p>&nbsp;<\/p>\n<p>&nbsp;<\/p>\n<p>&nbsp;<\/p>\n","protected":false},"excerpt":{"rendered":"<p>Supervieglas un iztur\u012bgas karbona jeb oglek\u013ca &scaron;\u0137iedras trekinga n\u016bjas. Iztur\u012bgais karbona materi\u0101ls absorb\u0113s triecienus, nesag\u0101d\u0101jot vibr\u0101ciju diskomfortu lietot\u0101jam, ejot pa cietu segumu. &Scaron;\u012b n\u016bjas ir teicams ce\u013ca biedrs trekingu m\u012b\u013cot\u0101jiem. &Scaron;\u012bs n\u016bjas ir vienas no \u0113rt\u0101kaj\u0101m un ar\u012b dizain\u0101 lab\u0101kaj\u0101m trekinga n\u016bj\u0101m Leki kl\u0101st\u0101. Specifik\u0101cija: Materi\u0101ls: 100% Oglek\u013ca &scaron;\u0137iedra jeb karbonsSegmenti: 3 gab.Diametrs: 16 mm [&hellip;]<\/p>\n","protected":false},"featured_media":69933,"template":"","meta":[],"product_brand":[932],"product_cat":[4602,4746],"product_tag":[],"class_list":{"0":"post-78456","1":"product","2":"type-product","3":"status-publish","4":"has-post-thumbnail","6":"product_brand-leki","7":"product_cat-summer-sports-sports","8":"product_cat-nordic-walking-summer-sports-sports","10":"first","11":"instock","12":"shipping-taxable","13":"purchasable","14":"product-type-simple"},"_links":{"self":[{"href":"https:\/\/sezona.lv\/en\/wp-json\/wp\/v2\/product\/78456","targetHints":{"allow":["GET"]}}],"collection":[{"href":"https:\/\/sezona.lv\/en\/wp-json\/wp\/v2\/product"}],"about":[{"href":"https:\/\/sezona.lv\/en\/wp-json\/wp\/v2\/types\/product"}],"wp:featuredmedia":[{"embeddable":true,"href":"https:\/\/sezona.lv\/en\/wp-json\/wp\/v2\/media\/69933"}],"wp:attachment":[{"href":"https:\/\/sezona.lv\/en\/wp-json\/wp\/v2\/media?parent=78456"}],"wp:term":[{"taxonomy":"product_brand","embeddable":true,"href":"https:\/\/sezona.lv\/en\/wp-json\/wp\/v2\/product_brand?post=78456"},{"taxonomy":"product_cat","embeddable":true,"href":"https:\/\/sezona.lv\/en\/wp-json\/wp\/v2\/product_cat?post=78456"},{"taxonomy":"product_tag","embeddable":true,"href":"https:\/\/sezona.lv\/en\/wp-json\/wp\/v2\/product_tag?post=78456"}],"curies":[{"name":"wp","href":"https:\/\/api.w.org\/{rel}","templated":true}]}}