{"id":78458,"date":"2025-07-14T15:24:27","date_gmt":"2025-07-14T12:24:27","guid":{"rendered":"https:\/\/demo8.ecube.lv\/sezona.lv\/products\/leki-nujosanas-nujas-traveller-alu\/"},"modified":"2025-07-14T15:24:27","modified_gmt":"2025-07-14T12:24:27","slug":"leki-nujosanas-nujas-traveller-alu","status":"publish","type":"product","link":"https:\/\/sezona.lv\/en\/products\/leki-nujosanas-nujas-traveller-alu\/","title":{"rendered":"Leki N\u016bjo\u0161anas n\u016bjas Traveller Alu"},"content":{"rendered":"<div class=\"rte\">\n<div class=\"rte\">\n<div class=\"rte\">\n<div class=\"rte\">\n<p>Traveller ALU n\u016bjo&scaron;anas n\u016bjas ir lieliska izv\u0113le  ce\u013cojo&scaron;iem n\u016bjot\u0101jiem &#8211; izjaucot &scaron;\u012bs n\u016bjas, t\u0101s ir iesp\u0113jams pat pa\u0146emt  l\u012bdzi lidma&scaron;\u012bnas rokas bag\u0101\u017e\u0101. No\u0146emams cimdi\u0146&scaron; sniegs \u0113rt\u0101ku lieto&scaron;anu.  Nodilumiztur\u012bgs karb\u012bda uzgalis paildzin\u0101s n\u016bju m\u016b\u017eu.<\/p>\n<h4>Specifik\u0101cija:<\/h4>\n<p><strong>Materi\u0101ls:<\/strong> avi\u0101cijas alum\u012bnijs HTS 6.0 <br \/><strong>Stiprin\u0101jums:<\/strong> Speed Lock 2 <br \/><strong>Rokturis:<\/strong> Trigger Shark 2.0 <br \/><strong>Cimdi\u0146&scaron;:<\/strong> Trigger Shark Strap <br \/><strong>Uzgalis:<\/strong> karb\u012bda FlexTip <br \/><strong>Uzmava:<\/strong> gumijas PowerGrip Pad <br \/><strong>Regul\u0113jams garums:<\/strong> 90-130 cm <br \/><strong>Salikt\u0101 veid\u0101:<\/strong> 62 cm<br \/><strong>Izjaukt\u0101 veid\u0101:<\/strong> 52 cm<br \/><strong>Svars:<\/strong> 470 grami (p\u0101ris)<\/p>\n<\/div>\n<\/div>\n<\/div>\n<\/div>\n<p>N\u016bjas garums ir j\u0101izv\u0113l\u0101s attiec\u012bb\u0101 pret n\u016bjot\u0101ja augumu<\/p>\n<p>&nbsp;<\/p>\n<table border=\"0\" cellspacing=\"0\" cellpadding=\"0\" width=\"150\">\n<tbody>\n<tr>\n<td>\n<p align=\"center\"><strong>n\u016bja cm<\/strong><\/p>\n<\/td>\n<td>\n<p align=\"center\"><strong>n\u016bjot\u0101js cm<\/strong><\/p>\n<\/td>\n<\/tr>\n<tr>\n<td>\n<p align=\"center\">90<\/p>\n<\/td>\n<td>\n<p align=\"center\">128 &#8211; 140<\/p>\n<\/td>\n<\/tr>\n<tr>\n<td>\n<p align=\"center\">95<\/p>\n<\/td>\n<td>\n<p align=\"center\">136 &#8211; 145<\/p>\n<\/td>\n<\/tr>\n<tr>\n<td>\n<p align=\"center\">100<\/p>\n<\/td>\n<td>\n<p align=\"center\">142 &#8211; 152<\/p>\n<\/td>\n<\/tr>\n<tr>\n<td>\n<p align=\"center\">105<\/p>\n<\/td>\n<td>\n<p align=\"center\">150 &#8211; 160<\/p>\n<\/td>\n<\/tr>\n<tr>\n<td>\n<p align=\"center\">110<\/p>\n<\/td>\n<td>\n<p align=\"center\">158 &#8211; 168<\/p>\n<\/td>\n<\/tr>\n<tr>\n<td>\n<p align=\"center\">115<\/p>\n<\/td>\n<td>\n<p align=\"center\">165 &#8211; 175<\/p>\n<\/td>\n<\/tr>\n<tr>\n<td>\n<p align=\"center\">120<\/p>\n<\/td>\n<td>\n<p align=\"center\">173 &#8211; 182<\/p>\n<\/td>\n<\/tr>\n<tr>\n<td>\n<p align=\"center\">125<\/p>\n<\/td>\n<td>\n<p align=\"center\">180 &#8211; 190<\/p>\n<\/td>\n<\/tr>\n<tr>\n<td>\n<p align=\"center\">130<\/p>\n<\/td>\n<td>\n<p align=\"center\">188 &#8211; 198<\/p>\n<\/td>\n<\/tr>\n<tr>\n<td>\n<p align=\"center\">135<\/p>\n<\/td>\n<td>\n<p align=\"center\">196 &#8211; 196<\/p>\n<\/td>\n<\/tr>\n<\/tbody>\n<\/table>\n<p>&nbsp;<\/p>\n<p>&nbsp;<\/p>\n<p>&nbsp;<\/p>\n","protected":false},"excerpt":{"rendered":"<p>Traveller ALU n\u016bjo&scaron;anas n\u016bjas ir lieliska izv\u0113le ce\u013cojo&scaron;iem n\u016bjot\u0101jiem &#8211; izjaucot &scaron;\u012bs n\u016bjas, t\u0101s ir iesp\u0113jams pat pa\u0146emt l\u012bdzi lidma&scaron;\u012bnas rokas bag\u0101\u017e\u0101. No\u0146emams cimdi\u0146&scaron; sniegs \u0113rt\u0101ku lieto&scaron;anu. Nodilumiztur\u012bgs karb\u012bda uzgalis paildzin\u0101s n\u016bju m\u016b\u017eu. Specifik\u0101cija: Materi\u0101ls: avi\u0101cijas alum\u012bnijs HTS 6.0 Stiprin\u0101jums: Speed Lock 2 Rokturis: Trigger Shark 2.0 Cimdi\u0146&scaron;: Trigger Shark Strap Uzgalis: karb\u012bda FlexTip Uzmava: [&hellip;]<\/p>\n","protected":false},"featured_media":0,"template":"","meta":[],"product_brand":[932],"product_cat":[4587,4602,4746,4747],"product_tag":[],"class_list":{"0":"post-78458","1":"product","2":"type-product","3":"status-publish","5":"product_brand-leki","6":"product_cat-sports","7":"product_cat-summer-sports-sports","8":"product_cat-nordic-walking-summer-sports-sports","9":"product_cat-walking-sticks-nordic-walking-summer-sports-sports","11":"first","12":"instock","13":"shipping-taxable","14":"purchasable","15":"product-type-simple"},"_links":{"self":[{"href":"https:\/\/sezona.lv\/en\/wp-json\/wp\/v2\/product\/78458","targetHints":{"allow":["GET"]}}],"collection":[{"href":"https:\/\/sezona.lv\/en\/wp-json\/wp\/v2\/product"}],"about":[{"href":"https:\/\/sezona.lv\/en\/wp-json\/wp\/v2\/types\/product"}],"wp:attachment":[{"href":"https:\/\/sezona.lv\/en\/wp-json\/wp\/v2\/media?parent=78458"}],"wp:term":[{"taxonomy":"product_brand","embeddable":true,"href":"https:\/\/sezona.lv\/en\/wp-json\/wp\/v2\/product_brand?post=78458"},{"taxonomy":"product_cat","embeddable":true,"href":"https:\/\/sezona.lv\/en\/wp-json\/wp\/v2\/product_cat?post=78458"},{"taxonomy":"product_tag","embeddable":true,"href":"https:\/\/sezona.lv\/en\/wp-json\/wp\/v2\/product_tag?post=78458"}],"curies":[{"name":"wp","href":"https:\/\/api.w.org\/{rel}","templated":true}]}}