{"id":78459,"date":"2025-07-11T16:38:02","date_gmt":"2025-07-11T13:38:02","guid":{"rendered":"https:\/\/demo8.ecube.lv\/sezona.lv\/products\/leki-trekinga-nujas-black-series-micro-vario-carbon\/"},"modified":"2025-07-14T15:24:27","modified_gmt":"2025-07-14T12:24:27","slug":"leki-trekinga-nujas-black-series-micro-vario-carbon","status":"publish","type":"product","link":"https:\/\/sezona.lv\/en\/products\/leki-trekinga-nujas-black-series-micro-vario-carbon\/","title":{"rendered":"Leki trekinga n\u016bjas Black Series Micro Vario Carbon"},"content":{"rendered":"<div class=\"rte\">\n<div class=\"rte\">\n<div class=\"rte\">\n<div class=\"rte\">\n<div class=\"rte\">\n<p>Minim\u0101listu trekinga n\u016bjas! Vieglas un iztur\u012bgas. To  kompaktais dizains \u013cauj t\u0101s iepakot pat mugursom\u0101, dodoties ce\u013cojum\u0101  tikai ar rokas bag\u0101\u017eu, jo to garums salikt\u0101 veid\u0101 nep\u0101rsniedz pat 40 cm.  Iztur\u012bgais karbona materi\u0101ls absorb\u0113s triecienus, nesag\u0101d\u0101jot vibr\u0101ciju  diskomfortu lietot\u0101jam. T\u0101s var salikt lieto&scaron;anai sekun\u017eu laik\u0101 un tik  pat \u0101tri sapakot atpaka\u013c. Z-poles sist\u0113ma k\u013c\u016bst arvien popul\u0101r\u0101ka tie&scaron;i  t\u0101s kompaktuma d\u0113\u013c. T\u0101s nov\u0113rt\u0113s ne tikai p\u0101rg\u0101jienu m\u012b\u013cot\u0101ji, bet ar\u012b  kalnu skr\u0113j\u0113ji. Izcilas p\u0101rg\u0101jienu n\u016bjas k\u0101 tehniski t\u0101 ar\u012b dizainiski.<\/p>\n<h4>Specifik\u0101cija:<\/h4>\n<p><strong> Materi\u0101ls:<\/strong> 100% Oglek\u013ca &scaron;\u0137iedra jeb karbons <br \/><strong>Segmenti<\/strong>: 5 gab.<br \/><strong>Diametrs:<\/strong> 18 mm | 16 mm | 14 mm | 14 mm | 14 mm <br \/><strong>Stiprin\u0101jums:<\/strong> Speed Lock 2 <br \/><strong>Regul\u0101cija:<\/strong> 110-130 cm&nbsp;<br \/><strong>Salikt\u0101 veid\u0101:<\/strong> 38 cm <br \/><strong>Rokturis:<\/strong> Aergon Thermo Mid <br \/><strong>Lence:<\/strong> Lock Security Strap (Skin) <br \/><strong>Uzgalis:<\/strong> Karb\u012bda Flex Tip Short <br \/><strong>Svars:<\/strong> 452 grami (p\u0101ris)<\/p>\n<\/div>\n<\/div>\n<\/div>\n<\/div>\n<\/div>\n<p>N\u016bjas garums ir j\u0101izv\u0113l\u0101s attiec\u012bb\u0101 pret n\u016bjot\u0101ja augumu<\/p>\n<p>&nbsp;<\/p>\n<table border=\"0\" cellspacing=\"0\" cellpadding=\"0\" width=\"150\">\n<tbody>\n<tr>\n<td>\n<p align=\"center\"><strong>n\u016bja cm<\/strong><\/p>\n<\/td>\n<td>\n<p align=\"center\"><strong>n\u016bjot\u0101js cm<\/strong><\/p>\n<\/td>\n<\/tr>\n<tr>\n<td>\n<p align=\"center\">90<\/p>\n<\/td>\n<td>\n<p align=\"center\">128 &#8211; 140<\/p>\n<\/td>\n<\/tr>\n<tr>\n<td>\n<p align=\"center\">95<\/p>\n<\/td>\n<td>\n<p align=\"center\">136 &#8211; 145<\/p>\n<\/td>\n<\/tr>\n<tr>\n<td>\n<p align=\"center\">100<\/p>\n<\/td>\n<td>\n<p align=\"center\">142 &#8211; 152<\/p>\n<\/td>\n<\/tr>\n<tr>\n<td>\n<p align=\"center\">105<\/p>\n<\/td>\n<td>\n<p align=\"center\">150 &#8211; 160<\/p>\n<\/td>\n<\/tr>\n<tr>\n<td>\n<p align=\"center\">110<\/p>\n<\/td>\n<td>\n<p align=\"center\">158 &#8211; 168<\/p>\n<\/td>\n<\/tr>\n<tr>\n<td>\n<p align=\"center\">115<\/p>\n<\/td>\n<td>\n<p align=\"center\">165 &#8211; 175<\/p>\n<\/td>\n<\/tr>\n<tr>\n<td>\n<p align=\"center\">120<\/p>\n<\/td>\n<td>\n<p align=\"center\">173 &#8211; 182<\/p>\n<\/td>\n<\/tr>\n<tr>\n<td>\n<p align=\"center\">125<\/p>\n<\/td>\n<td>\n<p align=\"center\">180 &#8211; 190<\/p>\n<\/td>\n<\/tr>\n<tr>\n<td>\n<p align=\"center\">130<\/p>\n<\/td>\n<td>\n<p align=\"center\">188 &#8211; 198<\/p>\n<\/td>\n<\/tr>\n<tr>\n<td>\n<p align=\"center\">135<\/p>\n<\/td>\n<td>\n<p align=\"center\">196 &#8211; 196<\/p>\n<\/td>\n<\/tr>\n<\/tbody>\n<\/table>\n<p>&nbsp;<\/p>\n<p>&nbsp;<\/p>\n<p>&nbsp;<\/p>\n","protected":false},"excerpt":{"rendered":"<p>Minim\u0101listu trekinga n\u016bjas! Vieglas un iztur\u012bgas. To kompaktais dizains \u013cauj t\u0101s iepakot pat mugursom\u0101, dodoties ce\u013cojum\u0101 tikai ar rokas bag\u0101\u017eu, jo to garums salikt\u0101 veid\u0101 nep\u0101rsniedz pat 40 cm. Iztur\u012bgais karbona materi\u0101ls absorb\u0113s triecienus, nesag\u0101d\u0101jot vibr\u0101ciju diskomfortu lietot\u0101jam. T\u0101s var salikt lieto&scaron;anai sekun\u017eu laik\u0101 un tik pat \u0101tri sapakot atpaka\u013c. Z-poles sist\u0113ma k\u013c\u016bst arvien popul\u0101r\u0101ka [&hellip;]<\/p>\n","protected":false},"featured_media":69963,"template":"","meta":[],"product_brand":[932],"product_cat":[4602,4746],"product_tag":[],"class_list":{"0":"post-78459","1":"product","2":"type-product","3":"status-publish","4":"has-post-thumbnail","6":"product_brand-leki","7":"product_cat-summer-sports-sports","8":"product_cat-nordic-walking-summer-sports-sports","10":"first","11":"instock","12":"shipping-taxable","13":"purchasable","14":"product-type-simple"},"_links":{"self":[{"href":"https:\/\/sezona.lv\/en\/wp-json\/wp\/v2\/product\/78459","targetHints":{"allow":["GET"]}}],"collection":[{"href":"https:\/\/sezona.lv\/en\/wp-json\/wp\/v2\/product"}],"about":[{"href":"https:\/\/sezona.lv\/en\/wp-json\/wp\/v2\/types\/product"}],"wp:featuredmedia":[{"embeddable":true,"href":"https:\/\/sezona.lv\/en\/wp-json\/wp\/v2\/media\/69963"}],"wp:attachment":[{"href":"https:\/\/sezona.lv\/en\/wp-json\/wp\/v2\/media?parent=78459"}],"wp:term":[{"taxonomy":"product_brand","embeddable":true,"href":"https:\/\/sezona.lv\/en\/wp-json\/wp\/v2\/product_brand?post=78459"},{"taxonomy":"product_cat","embeddable":true,"href":"https:\/\/sezona.lv\/en\/wp-json\/wp\/v2\/product_cat?post=78459"},{"taxonomy":"product_tag","embeddable":true,"href":"https:\/\/sezona.lv\/en\/wp-json\/wp\/v2\/product_tag?post=78459"}],"curies":[{"name":"wp","href":"https:\/\/api.w.org\/{rel}","templated":true}]}}