{"id":78460,"date":"2025-07-11T16:38:04","date_gmt":"2025-07-11T13:38:04","guid":{"rendered":"https:\/\/demo8.ecube.lv\/sezona.lv\/products\/leki-trekinga-nujas-carbon-tisystem\/"},"modified":"2025-07-14T15:24:29","modified_gmt":"2025-07-14T12:24:29","slug":"leki-trekinga-nujas-carbon-tisystem","status":"publish","type":"product","link":"https:\/\/sezona.lv\/en\/products\/leki-trekinga-nujas-carbon-tisystem\/","title":{"rendered":"Leki trekinga n\u016bjas Carbon TiSystem"},"content":{"rendered":"<div class=\"rte\">\n<div class=\"rte\">\n<div class=\"rte\">\n<div class=\"rte\">\n<div class=\"rte\">\n<div class=\"rte\">\n<p>Leki Carbon Ti n\u016bjas ir apr\u012bkotas ar Aergon grip  putu rokturi ar pagarin\u0101jumu, t\u0101d\u0101 veid\u0101 t\u0101s ir daudz \u0113rt\u0101k lietot  main\u012bg\u0101 reljef\u0101, jo nav tik bie\u017ei j\u0101maina n\u016bju garums. Katr\u0101 zi\u0146\u0101, ja  garums ir j\u0101maina, tad to var izdar\u012bt ziben\u012bgi \u0101tri, jo n\u016bjas apr\u012bkotas  ar otr\u0101s paaudzes SpeedLock sist\u0113mu. Pat\u012bkam\u0101kais ir tas, ka &scaron;\u012bs n\u016bjas  ir veidotas no kompoz\u012btmateri\u0101la, l\u012bdz ar to t\u0101s ir p\u0101rsteidzo&scaron;i vieglas  &#8211; tikai 422 grami par p\u0101ri.<\/p>\n<h4>Specifik\u0101cija:<\/h4>\n<p><strong>Garums:<\/strong> 67-135 cm <br \/><strong>Rokturis:<\/strong> Aergon Thermo Long<br \/><strong>Lence:<\/strong> Skin Strap <br \/><strong>Uzgalis:<\/strong> FlexTipShort <br \/><strong>Diametrs:<\/strong> 16\/14\/12 <br \/><strong>Materi\u0101ls:<\/strong> avi\u0101cijas alum\u012bnijs (HTS 6,5)\/karbons <br \/><strong>Regul\u0113&scaron;anas sist\u0113ma:<\/strong> Speed Lock 2 <br \/><strong>Svars:<\/strong> 432 grami (p\u0101ris)<\/p>\n<\/div>\n<\/div>\n<\/div>\n<\/div>\n<\/div>\n<\/div>\n<p>N\u016bjas garums ir j\u0101izv\u0113l\u0101s attiec\u012bb\u0101 pret n\u016bjot\u0101ja augumu<\/p>\n<p>&nbsp;<\/p>\n<table border=\"0\" cellspacing=\"0\" cellpadding=\"0\" width=\"150\">\n<tbody>\n<tr>\n<td>\n<p align=\"center\"><strong>n\u016bja cm<\/strong><\/p>\n<\/td>\n<td>\n<p align=\"center\"><strong>n\u016bjot\u0101js cm<\/strong><\/p>\n<\/td>\n<\/tr>\n<tr>\n<td>\n<p align=\"center\">90<\/p>\n<\/td>\n<td>\n<p align=\"center\">128 &#8211; 140<\/p>\n<\/td>\n<\/tr>\n<tr>\n<td>\n<p align=\"center\">95<\/p>\n<\/td>\n<td>\n<p align=\"center\">136 &#8211; 145<\/p>\n<\/td>\n<\/tr>\n<tr>\n<td>\n<p align=\"center\">100<\/p>\n<\/td>\n<td>\n<p align=\"center\">142 &#8211; 152<\/p>\n<\/td>\n<\/tr>\n<tr>\n<td>\n<p align=\"center\">105<\/p>\n<\/td>\n<td>\n<p align=\"center\">150 &#8211; 160<\/p>\n<\/td>\n<\/tr>\n<tr>\n<td>\n<p align=\"center\">110<\/p>\n<\/td>\n<td>\n<p align=\"center\">158 &#8211; 168<\/p>\n<\/td>\n<\/tr>\n<tr>\n<td>\n<p align=\"center\">115<\/p>\n<\/td>\n<td>\n<p align=\"center\">165 &#8211; 175<\/p>\n<\/td>\n<\/tr>\n<tr>\n<td>\n<p align=\"center\">120<\/p>\n<\/td>\n<td>\n<p align=\"center\">173 &#8211; 182<\/p>\n<\/td>\n<\/tr>\n<tr>\n<td>\n<p align=\"center\">125<\/p>\n<\/td>\n<td>\n<p align=\"center\">180 &#8211; 190<\/p>\n<\/td>\n<\/tr>\n<tr>\n<td>\n<p align=\"center\">130<\/p>\n<\/td>\n<td>\n<p align=\"center\">188 &#8211; 198<\/p>\n<\/td>\n<\/tr>\n<tr>\n<td>\n<p align=\"center\">135<\/p>\n<\/td>\n<td>\n<p align=\"center\">196 &#8211; 196<\/p>\n<\/td>\n<\/tr>\n<\/tbody>\n<\/table>\n<p>&nbsp;<\/p>\n<p>&nbsp;<\/p>\n<p>&nbsp;<\/p>\n","protected":false},"excerpt":{"rendered":"<p>Leki Carbon Ti n\u016bjas ir apr\u012bkotas ar Aergon grip putu rokturi ar pagarin\u0101jumu, t\u0101d\u0101 veid\u0101 t\u0101s ir daudz \u0113rt\u0101k lietot main\u012bg\u0101 reljef\u0101, jo nav tik bie\u017ei j\u0101maina n\u016bju garums. Katr\u0101 zi\u0146\u0101, ja garums ir j\u0101maina, tad to var izdar\u012bt ziben\u012bgi \u0101tri, jo n\u016bjas apr\u012bkotas ar otr\u0101s paaudzes SpeedLock sist\u0113mu. Pat\u012bkam\u0101kais ir tas, ka &scaron;\u012bs n\u016bjas [&hellip;]<\/p>\n","protected":false},"featured_media":69974,"template":"","meta":[],"product_brand":[932],"product_cat":[4602,4746],"product_tag":[],"class_list":{"0":"post-78460","1":"product","2":"type-product","3":"status-publish","4":"has-post-thumbnail","6":"product_brand-leki","7":"product_cat-summer-sports-sports","8":"product_cat-nordic-walking-summer-sports-sports","10":"first","11":"instock","12":"shipping-taxable","13":"purchasable","14":"product-type-simple"},"_links":{"self":[{"href":"https:\/\/sezona.lv\/en\/wp-json\/wp\/v2\/product\/78460","targetHints":{"allow":["GET"]}}],"collection":[{"href":"https:\/\/sezona.lv\/en\/wp-json\/wp\/v2\/product"}],"about":[{"href":"https:\/\/sezona.lv\/en\/wp-json\/wp\/v2\/types\/product"}],"wp:featuredmedia":[{"embeddable":true,"href":"https:\/\/sezona.lv\/en\/wp-json\/wp\/v2\/media\/69974"}],"wp:attachment":[{"href":"https:\/\/sezona.lv\/en\/wp-json\/wp\/v2\/media?parent=78460"}],"wp:term":[{"taxonomy":"product_brand","embeddable":true,"href":"https:\/\/sezona.lv\/en\/wp-json\/wp\/v2\/product_brand?post=78460"},{"taxonomy":"product_cat","embeddable":true,"href":"https:\/\/sezona.lv\/en\/wp-json\/wp\/v2\/product_cat?post=78460"},{"taxonomy":"product_tag","embeddable":true,"href":"https:\/\/sezona.lv\/en\/wp-json\/wp\/v2\/product_tag?post=78460"}],"curies":[{"name":"wp","href":"https:\/\/api.w.org\/{rel}","templated":true}]}}