{"id":78463,"date":"2025-07-14T15:24:32","date_gmt":"2025-07-14T12:24:32","guid":{"rendered":"https:\/\/demo8.ecube.lv\/sezona.lv\/products\/leki-nujosanas-nujas-instructor-lite-sl2\/"},"modified":"2025-07-14T15:24:32","modified_gmt":"2025-07-14T12:24:32","slug":"leki-nujosanas-nujas-instructor-lite-sl2","status":"publish","type":"product","link":"https:\/\/sezona.lv\/en\/products\/leki-nujosanas-nujas-instructor-lite-sl2\/","title":{"rendered":"Leki n\u016bjo\u0161anas n\u016bjas Instructor Lite SL2"},"content":{"rendered":"<div class=\"rte\">\n<div class=\"rte\">\n<div class=\"rte\">\n<div class=\"rte\">\n<div class=\"rte\">\n<div class=\"rte\">\n<div class=\"rte\">\n<div class=\"rte\">\n<div class=\"rte\">\n<p>N\u016bjo&scaron;ans n\u016bjas, kas ir izgatavotas no oglek\u013ca  &scaron;\u0137iedras un alum\u012bnija. N\u016bj\u0101m regul\u0113jams augstums, paredz\u0113tas n\u016bjot\u0101jam  no 140 cm l\u012bdz 183 cm. SpeedLock2 fiks\u0101cijas sist\u0113ma \u013cauj izstur\u0113t  vertik\u0101lo slodzi l\u012bdz pat 140 kg.<\/p>\n<h4>Specifik\u0101cija:<\/h4>\n<p><strong>Garums:<\/strong> 100-125 cm<br \/><strong>Rokturis:<\/strong> Trigger Shark (2-Component) <br \/><strong>Uzgalis:<\/strong> Karb\u012bda Flextip + Rubber Fitness Traction uzgalis <br \/><strong>Diametrs:<\/strong> 14\/12 mm <br \/><strong>Materi\u0101ls:<\/strong> Alum\u012bnijs\/Carbon 100% <br \/><strong>Regul\u0113&scaron;anas sist\u0113ma:<\/strong> Speed Lock 2 Lence (cimdi\u0146&scaron;):Tigger Shark Vario <br \/><strong>Svars:<\/strong> 395 grami<\/p>\n<\/div>\n<p><strong>Garums: <\/strong>100-125cm<\/p>\n<\/div>\n<\/div>\n<\/div>\n<\/div>\n<\/div>\n<\/div>\n<\/div>\n<\/div>\n<p>N\u016bjas garums ir j\u0101izv\u0113l\u0101s attiec\u012bb\u0101 pret n\u016bjot\u0101ja augumu<\/p>\n<p>&nbsp;<\/p>\n<table border=\"0\" cellspacing=\"0\" cellpadding=\"0\" width=\"150\">\n<tbody>\n<tr>\n<td>\n<p align=\"center\"><strong>n\u016bja cm<\/strong><\/p>\n<\/td>\n<td>\n<p align=\"center\"><strong>n\u016bjot\u0101js cm<\/strong><\/p>\n<\/td>\n<\/tr>\n<tr>\n<td>\n<p align=\"center\">90<\/p>\n<\/td>\n<td>\n<p align=\"center\">128 &#8211; 140<\/p>\n<\/td>\n<\/tr>\n<tr>\n<td>\n<p align=\"center\">95<\/p>\n<\/td>\n<td>\n<p align=\"center\">136 &#8211; 145<\/p>\n<\/td>\n<\/tr>\n<tr>\n<td>\n<p align=\"center\">100<\/p>\n<\/td>\n<td>\n<p align=\"center\">142 &#8211; 152<\/p>\n<\/td>\n<\/tr>\n<tr>\n<td>\n<p align=\"center\">105<\/p>\n<\/td>\n<td>\n<p align=\"center\">150 &#8211; 160<\/p>\n<\/td>\n<\/tr>\n<tr>\n<td>\n<p align=\"center\">110<\/p>\n<\/td>\n<td>\n<p align=\"center\">158 &#8211; 168<\/p>\n<\/td>\n<\/tr>\n<tr>\n<td>\n<p align=\"center\">115<\/p>\n<\/td>\n<td>\n<p align=\"center\">165 &#8211; 175<\/p>\n<\/td>\n<\/tr>\n<tr>\n<td>\n<p align=\"center\">120<\/p>\n<\/td>\n<td>\n<p align=\"center\">173 &#8211; 182<\/p>\n<\/td>\n<\/tr>\n<tr>\n<td>\n<p align=\"center\">125<\/p>\n<\/td>\n<td>\n<p align=\"center\">180 &#8211; 190<\/p>\n<\/td>\n<\/tr>\n<tr>\n<td>\n<p align=\"center\">130<\/p>\n<\/td>\n<td>\n<p align=\"center\">188 &#8211; 198<\/p>\n<\/td>\n<\/tr>\n<tr>\n<td>\n<p align=\"center\">135<\/p>\n<\/td>\n<td>\n<p align=\"center\">196 &#8211; 196<\/p>\n<\/td>\n<\/tr>\n<\/tbody>\n<\/table>\n<p>&nbsp;<\/p>\n<p>&nbsp;<\/p>\n<p>&nbsp;<\/p>\n","protected":false},"excerpt":{"rendered":"<p>N\u016bjo&scaron;ans n\u016bjas, kas ir izgatavotas no oglek\u013ca &scaron;\u0137iedras un alum\u012bnija. N\u016bj\u0101m regul\u0113jams augstums, paredz\u0113tas n\u016bjot\u0101jam no 140 cm l\u012bdz 183 cm. SpeedLock2 fiks\u0101cijas sist\u0113ma \u013cauj izstur\u0113t vertik\u0101lo slodzi l\u012bdz pat 140 kg. Specifik\u0101cija: Garums: 100-125 cmRokturis: Trigger Shark (2-Component) Uzgalis: Karb\u012bda Flextip + Rubber Fitness Traction uzgalis Diametrs: 14\/12 mm Materi\u0101ls: Alum\u012bnijs\/Carbon 100% Regul\u0113&scaron;anas sist\u0113ma: [&hellip;]<\/p>\n","protected":false},"featured_media":0,"template":"","meta":[],"product_brand":[932],"product_cat":[4587,4602,4746,4747],"product_tag":[],"class_list":{"0":"post-78463","1":"product","2":"type-product","3":"status-publish","5":"product_brand-leki","6":"product_cat-sports","7":"product_cat-summer-sports-sports","8":"product_cat-nordic-walking-summer-sports-sports","9":"product_cat-walking-sticks-nordic-walking-summer-sports-sports","11":"first","12":"instock","13":"shipping-taxable","14":"purchasable","15":"product-type-simple"},"_links":{"self":[{"href":"https:\/\/sezona.lv\/en\/wp-json\/wp\/v2\/product\/78463","targetHints":{"allow":["GET"]}}],"collection":[{"href":"https:\/\/sezona.lv\/en\/wp-json\/wp\/v2\/product"}],"about":[{"href":"https:\/\/sezona.lv\/en\/wp-json\/wp\/v2\/types\/product"}],"wp:attachment":[{"href":"https:\/\/sezona.lv\/en\/wp-json\/wp\/v2\/media?parent=78463"}],"wp:term":[{"taxonomy":"product_brand","embeddable":true,"href":"https:\/\/sezona.lv\/en\/wp-json\/wp\/v2\/product_brand?post=78463"},{"taxonomy":"product_cat","embeddable":true,"href":"https:\/\/sezona.lv\/en\/wp-json\/wp\/v2\/product_cat?post=78463"},{"taxonomy":"product_tag","embeddable":true,"href":"https:\/\/sezona.lv\/en\/wp-json\/wp\/v2\/product_tag?post=78463"}],"curies":[{"name":"wp","href":"https:\/\/api.w.org\/{rel}","templated":true}]}}