{"id":78465,"date":"2025-07-11T16:38:11","date_gmt":"2025-07-11T13:38:11","guid":{"rendered":"https:\/\/demo8.ecube.lv\/sezona.lv\/products\/leki-trekinga-nujas-cressida-as-sl-2\/"},"modified":"2025-07-14T15:24:33","modified_gmt":"2025-07-14T12:24:33","slug":"leki-trekinga-nujas-cressida-as-sl-2","status":"publish","type":"product","link":"https:\/\/sezona.lv\/en\/products\/leki-trekinga-nujas-cressida-as-sl-2\/","title":{"rendered":"Leki trekinga n\u016bjas Cressida AS SL 2"},"content":{"rendered":"<div class=\"rte\">\n<div class=\"rte\">\n<div class=\"rte\">\n<p>Supervieglas, \u013coti daudzpus\u012bgas sievie&scaron;u trekinga  n\u016bjas. Rokturi izgatavoti no augstv\u0113rt\u012bg\u0101m put\u0101m, kas n\u016bju lieto&scaron;anu  padara pat\u012bkamu jebkuros laikapst\u0101k\u013cos, k\u0101 ar\u012b n\u016bj\u0101s ieb\u016bv\u0113tais  absorberis samazina triecienu uz rok\u0101m. N\u016bju izgatavo&scaron;an\u0101 izmantots  \u012bpa&scaron;i viegls un iztur\u012bgs alum\u012bnija sakaus\u0113jums, t\u0101d\u0113j\u0101di pan\u0101kot, ka  n\u016bju svars ir tikai 448 gram.<\/p>\n<h4>Specifik\u0101cija:<\/h4>\n<p><strong>Garums:<\/strong> 65-125 cm<br \/><strong>Rokturis:<\/strong> Aergon Thermo Compact <br \/><strong>Lence:<\/strong> Lock Security Strap (Skin) <br \/><strong>Uzgalis:<\/strong> Karb\u012bda Flextip <br \/><strong>Diametrs:<\/strong> 16\/14\/12 mm<br \/><strong>Materi\u0101ls:<\/strong> Aluminium HTS 6.5<br \/><strong>Regul\u0113&scaron;anas sist\u0113ma:<\/strong> Speed Lock 2 <br \/><strong>Anti&scaron;oka sist\u0113ma:<\/strong> Dynamic Suspension System (DSS) <br \/><strong>Svars:<\/strong> 460 grami (p\u0101ris)<\/p>\n<\/div>\n<\/div>\n<\/div>\n<p>&nbsp;<\/p>\n<p>N\u016bjas garums ir j\u0101izv\u0113l\u0101s attiec\u012bb\u0101 pret n\u016bjot\u0101ja augumu<\/p>\n<p>&nbsp;<\/p>\n<table border=\"0\" cellspacing=\"0\" cellpadding=\"0\" width=\"150\">\n<tbody>\n<tr>\n<td>\n<p align=\"center\"><strong>n\u016bja cm<\/strong><\/p>\n<\/td>\n<td>\n<p align=\"center\"><strong>n\u016bjot\u0101js cm<\/strong><\/p>\n<\/td>\n<\/tr>\n<tr>\n<td>\n<p align=\"center\">90<\/p>\n<\/td>\n<td>\n<p align=\"center\">128 &#8211; 140<\/p>\n<\/td>\n<\/tr>\n<tr>\n<td>\n<p align=\"center\">95<\/p>\n<\/td>\n<td>\n<p align=\"center\">136 &#8211; 145<\/p>\n<\/td>\n<\/tr>\n<tr>\n<td>\n<p align=\"center\">100<\/p>\n<\/td>\n<td>\n<p align=\"center\">142 &#8211; 152<\/p>\n<\/td>\n<\/tr>\n<tr>\n<td>\n<p align=\"center\">105<\/p>\n<\/td>\n<td>\n<p align=\"center\">150 &#8211; 160<\/p>\n<\/td>\n<\/tr>\n<tr>\n<td>\n<p align=\"center\">110<\/p>\n<\/td>\n<td>\n<p align=\"center\">158 &#8211; 168<\/p>\n<\/td>\n<\/tr>\n<tr>\n<td>\n<p align=\"center\">115<\/p>\n<\/td>\n<td>\n<p align=\"center\">165 &#8211; 175<\/p>\n<\/td>\n<\/tr>\n<tr>\n<td>\n<p align=\"center\">120<\/p>\n<\/td>\n<td>\n<p align=\"center\">173 &#8211; 182<\/p>\n<\/td>\n<\/tr>\n<tr>\n<td>\n<p align=\"center\">125<\/p>\n<\/td>\n<td>\n<p align=\"center\">180 &#8211; 190<\/p>\n<\/td>\n<\/tr>\n<tr>\n<td>\n<p align=\"center\">130<\/p>\n<\/td>\n<td>\n<p align=\"center\">188 &#8211; 198<\/p>\n<\/td>\n<\/tr>\n<tr>\n<td>\n<p align=\"center\">135<\/p>\n<\/td>\n<td>\n<p align=\"center\">196 &#8211; 196<\/p>\n<\/td>\n<\/tr>\n<\/tbody>\n<\/table>\n<p>&nbsp;<\/p>\n<p>&nbsp;<\/p>\n<p>&nbsp;<\/p>\n","protected":false},"excerpt":{"rendered":"<p>Supervieglas, \u013coti daudzpus\u012bgas sievie&scaron;u trekinga n\u016bjas. Rokturi izgatavoti no augstv\u0113rt\u012bg\u0101m put\u0101m, kas n\u016bju lieto&scaron;anu padara pat\u012bkamu jebkuros laikapst\u0101k\u013cos, k\u0101 ar\u012b n\u016bj\u0101s ieb\u016bv\u0113tais absorberis samazina triecienu uz rok\u0101m. N\u016bju izgatavo&scaron;an\u0101 izmantots \u012bpa&scaron;i viegls un iztur\u012bgs alum\u012bnija sakaus\u0113jums, t\u0101d\u0113j\u0101di pan\u0101kot, ka n\u016bju svars ir tikai 448 gram. Specifik\u0101cija: Garums: 65-125 cmRokturis: Aergon Thermo Compact Lence: Lock Security [&hellip;]<\/p>\n","protected":false},"featured_media":69994,"template":"","meta":[],"product_brand":[932],"product_cat":[4602,4746],"product_tag":[],"class_list":{"0":"post-78465","1":"product","2":"type-product","3":"status-publish","4":"has-post-thumbnail","6":"product_brand-leki","7":"product_cat-summer-sports-sports","8":"product_cat-nordic-walking-summer-sports-sports","10":"first","11":"instock","12":"shipping-taxable","13":"purchasable","14":"product-type-simple"},"_links":{"self":[{"href":"https:\/\/sezona.lv\/en\/wp-json\/wp\/v2\/product\/78465","targetHints":{"allow":["GET"]}}],"collection":[{"href":"https:\/\/sezona.lv\/en\/wp-json\/wp\/v2\/product"}],"about":[{"href":"https:\/\/sezona.lv\/en\/wp-json\/wp\/v2\/types\/product"}],"wp:featuredmedia":[{"embeddable":true,"href":"https:\/\/sezona.lv\/en\/wp-json\/wp\/v2\/media\/69994"}],"wp:attachment":[{"href":"https:\/\/sezona.lv\/en\/wp-json\/wp\/v2\/media?parent=78465"}],"wp:term":[{"taxonomy":"product_brand","embeddable":true,"href":"https:\/\/sezona.lv\/en\/wp-json\/wp\/v2\/product_brand?post=78465"},{"taxonomy":"product_cat","embeddable":true,"href":"https:\/\/sezona.lv\/en\/wp-json\/wp\/v2\/product_cat?post=78465"},{"taxonomy":"product_tag","embeddable":true,"href":"https:\/\/sezona.lv\/en\/wp-json\/wp\/v2\/product_tag?post=78465"}],"curies":[{"name":"wp","href":"https:\/\/api.w.org\/{rel}","templated":true}]}}