{"id":78466,"date":"2025-07-11T16:38:13","date_gmt":"2025-07-11T13:38:13","guid":{"rendered":"https:\/\/demo8.ecube.lv\/sezona.lv\/products\/leki-trekinga-nujas-vario-xs-sl\/"},"modified":"2025-07-14T15:24:34","modified_gmt":"2025-07-14T12:24:34","slug":"leki-trekinga-nujas-vario-xs-sl","status":"publish","type":"product","link":"https:\/\/sezona.lv\/en\/products\/leki-trekinga-nujas-vario-xs-sl\/","title":{"rendered":"Leki trekinga n\u016bjas Vario XS SL"},"content":{"rendered":"<div class=\"rte\">\n<div class=\"rte\">\n<div class=\"rte\">\n<div class=\"rte\">\n<p>Divposmu trekinga n\u016bjas ar Speed Lock regul\u0113&scaron;anas sist\u0113mu. Paredz\u0113tas b\u0113rniem vai \u012bsa auguma cilv\u0113kiem.<\/p>\n<h4>Specifik\u0101cija:<\/h4>\n<p><strong>Garums:<\/strong> 78-110 cm <br \/><strong>Rokturis:<\/strong> PA Safety (Compact Soft) <br \/><strong>Lence:<\/strong> Lock Security Strap (LSS) &#8211; neilona lence <br \/><strong>Uzgalis:<\/strong> Karb\u012bda Flextip Diametrs: 14\/12 mm <br \/><strong>Materi\u0101ls<\/strong>: Aluminium HTS 6.5 <br \/><strong>Regul\u0113&scaron;anas sist\u0113ma:<\/strong> Speed Lock <br \/><strong>Anti&scaron;oka sist\u0113ma:<\/strong> Soft Antishock System Lite <br \/><strong>P\u0101rkl\u0101jums:<\/strong> ELOXAL <br \/><strong>Svars:<\/strong> 422 grami (p\u0101ris)<\/p>\n<\/div>\n<\/div>\n<\/div>\n<\/div>\n<p>&nbsp;<\/p>\n<p>N\u016bjas garums ir j\u0101izv\u0113l\u0101s attiec\u012bb\u0101 pret n\u016bjot\u0101ja augumu<\/p>\n<p>&nbsp;<\/p>\n<table border=\"0\" cellspacing=\"0\" cellpadding=\"0\" width=\"150\">\n<tbody>\n<tr>\n<td>\n<p align=\"center\"><strong>n\u016bja cm<\/strong><\/p>\n<\/td>\n<td>\n<p align=\"center\"><strong>n\u016bjot\u0101js cm<\/strong><\/p>\n<\/td>\n<\/tr>\n<tr>\n<td>\n<p align=\"center\">90<\/p>\n<\/td>\n<td>\n<p align=\"center\">128 &#8211; 140<\/p>\n<\/td>\n<\/tr>\n<tr>\n<td>\n<p align=\"center\">95<\/p>\n<\/td>\n<td>\n<p align=\"center\">136 &#8211; 145<\/p>\n<\/td>\n<\/tr>\n<tr>\n<td>\n<p align=\"center\">100<\/p>\n<\/td>\n<td>\n<p align=\"center\">142 &#8211; 152<\/p>\n<\/td>\n<\/tr>\n<tr>\n<td>\n<p align=\"center\">105<\/p>\n<\/td>\n<td>\n<p align=\"center\">150 &#8211; 160<\/p>\n<\/td>\n<\/tr>\n<tr>\n<td>\n<p align=\"center\">110<\/p>\n<\/td>\n<td>\n<p align=\"center\">158 &#8211; 168<\/p>\n<\/td>\n<\/tr>\n<tr>\n<td>\n<p align=\"center\">115<\/p>\n<\/td>\n<td>\n<p align=\"center\">165 &#8211; 175<\/p>\n<\/td>\n<\/tr>\n<tr>\n<td>\n<p align=\"center\">120<\/p>\n<\/td>\n<td>\n<p align=\"center\">173 &#8211; 182<\/p>\n<\/td>\n<\/tr>\n<tr>\n<td>\n<p align=\"center\">125<\/p>\n<\/td>\n<td>\n<p align=\"center\">180 &#8211; 190<\/p>\n<\/td>\n<\/tr>\n<tr>\n<td>\n<p align=\"center\">130<\/p>\n<\/td>\n<td>\n<p align=\"center\">188 &#8211; 198<\/p>\n<\/td>\n<\/tr>\n<tr>\n<td>\n<p align=\"center\">135<\/p>\n<\/td>\n<td>\n<p align=\"center\">196 &#8211; 196<\/p>\n<\/td>\n<\/tr>\n<\/tbody>\n<\/table>\n<p>&nbsp;<\/p>\n<p>&nbsp;<\/p>\n<p>&nbsp;<\/p>\n","protected":false},"excerpt":{"rendered":"<p>Divposmu trekinga n\u016bjas ar Speed Lock regul\u0113&scaron;anas sist\u0113mu. Paredz\u0113tas b\u0113rniem vai \u012bsa auguma cilv\u0113kiem. Specifik\u0101cija: Garums: 78-110 cm Rokturis: PA Safety (Compact Soft) Lence: Lock Security Strap (LSS) &#8211; neilona lence Uzgalis: Karb\u012bda Flextip Diametrs: 14\/12 mm Materi\u0101ls: Aluminium HTS 6.5 Regul\u0113&scaron;anas sist\u0113ma: Speed Lock Anti&scaron;oka sist\u0113ma: Soft Antishock System Lite P\u0101rkl\u0101jums: ELOXAL Svars: 422 [&hellip;]<\/p>\n","protected":false},"featured_media":70001,"template":"","meta":[],"product_brand":[932],"product_cat":[4602,4746],"product_tag":[],"class_list":{"0":"post-78466","1":"product","2":"type-product","3":"status-publish","4":"has-post-thumbnail","6":"product_brand-leki","7":"product_cat-summer-sports-sports","8":"product_cat-nordic-walking-summer-sports-sports","10":"first","11":"instock","12":"shipping-taxable","13":"purchasable","14":"product-type-simple"},"_links":{"self":[{"href":"https:\/\/sezona.lv\/en\/wp-json\/wp\/v2\/product\/78466","targetHints":{"allow":["GET"]}}],"collection":[{"href":"https:\/\/sezona.lv\/en\/wp-json\/wp\/v2\/product"}],"about":[{"href":"https:\/\/sezona.lv\/en\/wp-json\/wp\/v2\/types\/product"}],"wp:featuredmedia":[{"embeddable":true,"href":"https:\/\/sezona.lv\/en\/wp-json\/wp\/v2\/media\/70001"}],"wp:attachment":[{"href":"https:\/\/sezona.lv\/en\/wp-json\/wp\/v2\/media?parent=78466"}],"wp:term":[{"taxonomy":"product_brand","embeddable":true,"href":"https:\/\/sezona.lv\/en\/wp-json\/wp\/v2\/product_brand?post=78466"},{"taxonomy":"product_cat","embeddable":true,"href":"https:\/\/sezona.lv\/en\/wp-json\/wp\/v2\/product_cat?post=78466"},{"taxonomy":"product_tag","embeddable":true,"href":"https:\/\/sezona.lv\/en\/wp-json\/wp\/v2\/product_tag?post=78466"}],"curies":[{"name":"wp","href":"https:\/\/api.w.org\/{rel}","templated":true}]}}