{"id":78467,"date":"2025-07-11T16:38:15","date_gmt":"2025-07-11T13:38:15","guid":{"rendered":"https:\/\/demo8.ecube.lv\/sezona.lv\/products\/leki-trekinga-nujas-micro-vario-titanium\/"},"modified":"2025-07-14T15:24:35","modified_gmt":"2025-07-14T12:24:35","slug":"leki-trekinga-nujas-micro-vario-titanium","status":"publish","type":"product","link":"https:\/\/sezona.lv\/en\/products\/leki-trekinga-nujas-micro-vario-titanium\/","title":{"rendered":"Leki trekinga n\u016bjas Micro Vario Titanium"},"content":{"rendered":"<div class=\"rte\">Avi\u0101cijas alum\u012bnija n\u016bjas ar tit\u0101na stipr\u012bbu. Ar viena pogas spiediena  pal\u012bdz\u012bbu &scaron;\u012bs n\u016bjas salok\u0101s tik kompakti, ka t\u0101s var ievietot mugursom\u0101.  T&Uuml;V standartu sertific\u0113ts Speed Lock aizsl\u0113gs \u013cauj n\u016bjas piel\u0101got  jebkuram augumam.<\/div>\n<p>Izbaudiet inovat\u012bv\u0101s Leki Z-Pole saimes trekinga  n\u016bjas Micro Vario Titanium. Avi\u0101cijas alum\u012bnija n\u016bjas ar tit\u0101na  stipr\u012bbu. Ar viena pogas spiediena pal\u012bdz\u012bbu &scaron;\u012bs n\u016bjas salok\u0101s tik  kompakti, ka t\u0101s var ievietot mugursom\u0101. T&Uuml;V standartu sertific\u0113ts Speed  Lock aizsl\u0113gs \u013cauj n\u016bjas piel\u0101got jebkuram augumam. \u0112rtais  termoizol\u0113jo&scaron;ais Aergon rokturis sag\u0101d\u0101s baudu, dodoties ar &scaron;\u012bm n\u016bj\u0101m  p\u0101rg\u0101jienos ar\u012b aukst\u0101 laik\u0101. T\u0101s b\u016bs lielisks pal\u012bgs gan trekinga  mar&scaron;rutos, gan via ferrata tras\u0113s, gan k\u0101 skrie&scaron;anas n\u016bjas kalnu  maratonos.<\/p>\n<h4>Specifik\u0101cija:<\/h4>\n<p><strong>Garums:<\/strong> 110-130 cm <br \/><strong>Salikt\u0101 veid\u0101:<\/strong> 38 cm &nbsp; <br \/><strong>Rokturis:<\/strong> Aergon Thermo Mid <br \/><strong>Lence:<\/strong> Lock Security Strap (LSS) &#8211; neilona lence <br \/><strong>Uzgalis:<\/strong> Karb\u012bda Flextip <br \/><strong>Diametrs:<\/strong> 18\/16\/14\/14\/14 mm<br \/><strong>Materi\u0101ls:<\/strong> Aluminium HTS 6.5 <br \/><strong>Regul\u0113&scaron;anas sist\u0113ma:<\/strong> Speed Lock<br \/><strong>P\u0101rkl\u0101jums:<\/strong> Ultra Sonic Finish <br \/><strong>Svars:<\/strong> 520 grami (p\u0101ris)&nbsp;<\/p>\n<p>&nbsp;<\/p>\n<p>&nbsp;<\/p>\n<p>&nbsp;<\/p>\n","protected":false},"excerpt":{"rendered":"<p>Avi\u0101cijas alum\u012bnija n\u016bjas ar tit\u0101na stipr\u012bbu. Ar viena pogas spiediena pal\u012bdz\u012bbu &scaron;\u012bs n\u016bjas salok\u0101s tik kompakti, ka t\u0101s var ievietot mugursom\u0101. T&Uuml;V standartu sertific\u0113ts Speed Lock aizsl\u0113gs \u013cauj n\u016bjas piel\u0101got jebkuram augumam. Izbaudiet inovat\u012bv\u0101s Leki Z-Pole saimes trekinga n\u016bjas Micro Vario Titanium. Avi\u0101cijas alum\u012bnija n\u016bjas ar tit\u0101na stipr\u012bbu. Ar viena pogas spiediena pal\u012bdz\u012bbu &scaron;\u012bs n\u016bjas [&hellip;]<\/p>\n","protected":false},"featured_media":70008,"template":"","meta":[],"product_brand":[932],"product_cat":[4602,4746],"product_tag":[],"class_list":{"0":"post-78467","1":"product","2":"type-product","3":"status-publish","4":"has-post-thumbnail","6":"product_brand-leki","7":"product_cat-summer-sports-sports","8":"product_cat-nordic-walking-summer-sports-sports","10":"first","11":"instock","12":"shipping-taxable","13":"purchasable","14":"product-type-simple"},"_links":{"self":[{"href":"https:\/\/sezona.lv\/en\/wp-json\/wp\/v2\/product\/78467","targetHints":{"allow":["GET"]}}],"collection":[{"href":"https:\/\/sezona.lv\/en\/wp-json\/wp\/v2\/product"}],"about":[{"href":"https:\/\/sezona.lv\/en\/wp-json\/wp\/v2\/types\/product"}],"wp:featuredmedia":[{"embeddable":true,"href":"https:\/\/sezona.lv\/en\/wp-json\/wp\/v2\/media\/70008"}],"wp:attachment":[{"href":"https:\/\/sezona.lv\/en\/wp-json\/wp\/v2\/media?parent=78467"}],"wp:term":[{"taxonomy":"product_brand","embeddable":true,"href":"https:\/\/sezona.lv\/en\/wp-json\/wp\/v2\/product_brand?post=78467"},{"taxonomy":"product_cat","embeddable":true,"href":"https:\/\/sezona.lv\/en\/wp-json\/wp\/v2\/product_cat?post=78467"},{"taxonomy":"product_tag","embeddable":true,"href":"https:\/\/sezona.lv\/en\/wp-json\/wp\/v2\/product_tag?post=78467"}],"curies":[{"name":"wp","href":"https:\/\/api.w.org\/{rel}","templated":true}]}}