{"id":78468,"date":"2025-07-11T16:38:16","date_gmt":"2025-07-11T13:38:16","guid":{"rendered":"https:\/\/demo8.ecube.lv\/sezona.lv\/products\/leki-trekinga-nujas-black-series-mvc-18\/"},"modified":"2025-07-14T15:24:36","modified_gmt":"2025-07-14T12:24:36","slug":"leki-trekinga-nujas-black-series-mvc-18","status":"publish","type":"product","link":"https:\/\/sezona.lv\/en\/products\/leki-trekinga-nujas-black-series-mvc-18\/","title":{"rendered":"Leki trekinga n\u016bjas Black Series MVC &#8217;18"},"content":{"rendered":"<div class=\"rte\">\n<p>Jaun\u0101kais papildin\u0101jums Micro s\u0113rijas vieglaj\u0101m un  saliekamaj\u0101m n\u016bj\u0101m. Micro Vario Black Carbon n\u016bj\u0101m ir Speed Lock 2  regul\u0113&scaron;anas sist\u0113ma un jauna ELD (External Locking Device \/ \u0101r\u0113j\u0101  blo\u0137\u0113&scaron;anas ier\u012bce), kas t\u0101s padara lietot\u0101jam v\u0113l draudz\u012bg\u0101kas. <span id=\"result_box\" lang=\"lv\"><span>TUV  sertific\u0113tas, SpeedLock 2 nodro&scaron;ina 20 cm regul\u0113&scaron;anas diapazonu  (110-130 cm).&nbsp;Aergon Thermo foam rokturi un superviegla karbona  konstrukcija. Komplekt\u0101 iek\u013cauta soma p\u0101rn\u0113s\u0101&scaron;anai un uzglab\u0101&scaron;anai.&nbsp;<\/span> <\/span><\/p>\n<h4><span lang=\"lv\"><span>Specifik\u0101cija:<\/span><\/span><\/h4>\n<table style=\"height: 191px\" border=\"0\" width=\"567\">\n<tbody>\n<tr>\n<td><strong>Konstrukcija:<\/strong><\/td>\n<td>Salok\u0101ma \/ regul\u0113jama<\/td>\n<\/tr>\n<tr>\n<td><strong>Rokturis:<\/strong><\/td>\n<td>Aergon (Thermo) + Thermo Mid<\/td>\n<\/tr>\n<tr>\n<td><strong>Cilpi\u0146a:<\/strong><\/td>\n<td>Lock Security Strap (Skin)<\/td>\n<\/tr>\n<tr>\n<td><strong>Diametrs:<\/strong><\/td>\n<td>18|16|14|14|14 mm<\/td>\n<\/tr>\n<tr>\n<td><strong>Materi\u0101ls:<\/strong><\/td>\n<td>100% karbons<\/td>\n<\/tr>\n<tr>\n<td><strong>Regul\u0113&scaron;anas sist\u0113ma:<\/strong><\/td>\n<td>Speed Lock 2<\/td>\n<\/tr>\n<tr>\n<td><strong>Grozi\u0146i:<\/strong><\/td>\n<td>NW | Micro<\/td>\n<\/tr>\n<tr>\n<td><strong>Uzgalis:<\/strong><\/td>\n<td>Flex tip<\/td>\n<\/tr>\n<tr>\n<td><strong>Regul\u0113&scaron;anas diapazons:<\/strong><\/td>\n<td>110-130 cm (40 cm izjaukt\u0101 veid\u0101)<\/td>\n<\/tr>\n<tr>\n<td><strong>Svars:<\/strong><\/td>\n<td>478 grami (p\u0101ris)<\/td>\n<\/tr>\n<\/tbody>\n<\/table>\n<h4>Raksturojums:<\/h4>\n<ul>\n<li>Kompakti <strong>salok\u0101mas<\/strong> (40cm) n\u016bjas, kas ide\u0101li piem\u0113rotas k\u0101p&scaron;anai, taku skrie&scaron;anai un viegli pa\u0146emamas l\u012bdzi.<\/li>\n<li>Ultraviegls <strong>Aergon Thermo grip<\/strong> rokturis, kas \u0113rti ietilpst plaukst\u0101<\/li>\n<li><strong>LEKI Skin Strap<\/strong> cilpi\u0146a &#8211; ultra viegla un elpojo&scaron;a &#8211; maksim\u0101ls komforts un minim\u0101ls svars<\/li>\n<li><strong>Thermo mid<\/strong> roktura pagarin\u0101jums<\/li>\n<li><strong>Speed Lock 2<\/strong> regul\u0113&scaron;anas sist\u0113ma, kas ir par 30% maz\u0101ka, 25% viegl\u0101ka un vismaz 20% iztur\u012bg\u0101ka.<\/li>\n<\/ul>\n<\/div>\n<p>&nbsp;<\/p>\n<p>&nbsp;<\/p>\n","protected":false},"excerpt":{"rendered":"<p>Jaun\u0101kais papildin\u0101jums Micro s\u0113rijas vieglaj\u0101m un saliekamaj\u0101m n\u016bj\u0101m. Micro Vario Black Carbon n\u016bj\u0101m ir Speed Lock 2 regul\u0113&scaron;anas sist\u0113ma un jauna ELD (External Locking Device \/ \u0101r\u0113j\u0101 blo\u0137\u0113&scaron;anas ier\u012bce), kas t\u0101s padara lietot\u0101jam v\u0113l draudz\u012bg\u0101kas. TUV sertific\u0113tas, SpeedLock 2 nodro&scaron;ina 20 cm regul\u0113&scaron;anas diapazonu (110-130 cm).&nbsp;Aergon Thermo foam rokturi un superviegla karbona konstrukcija. Komplekt\u0101 iek\u013cauta [&hellip;]<\/p>\n","protected":false},"featured_media":70017,"template":"","meta":[],"product_brand":[932],"product_cat":[4602,4746],"product_tag":[],"class_list":{"0":"post-78468","1":"product","2":"type-product","3":"status-publish","4":"has-post-thumbnail","6":"product_brand-leki","7":"product_cat-summer-sports-sports","8":"product_cat-nordic-walking-summer-sports-sports","10":"first","11":"instock","12":"shipping-taxable","13":"purchasable","14":"product-type-simple"},"_links":{"self":[{"href":"https:\/\/sezona.lv\/en\/wp-json\/wp\/v2\/product\/78468","targetHints":{"allow":["GET"]}}],"collection":[{"href":"https:\/\/sezona.lv\/en\/wp-json\/wp\/v2\/product"}],"about":[{"href":"https:\/\/sezona.lv\/en\/wp-json\/wp\/v2\/types\/product"}],"wp:featuredmedia":[{"embeddable":true,"href":"https:\/\/sezona.lv\/en\/wp-json\/wp\/v2\/media\/70017"}],"wp:attachment":[{"href":"https:\/\/sezona.lv\/en\/wp-json\/wp\/v2\/media?parent=78468"}],"wp:term":[{"taxonomy":"product_brand","embeddable":true,"href":"https:\/\/sezona.lv\/en\/wp-json\/wp\/v2\/product_brand?post=78468"},{"taxonomy":"product_cat","embeddable":true,"href":"https:\/\/sezona.lv\/en\/wp-json\/wp\/v2\/product_cat?post=78468"},{"taxonomy":"product_tag","embeddable":true,"href":"https:\/\/sezona.lv\/en\/wp-json\/wp\/v2\/product_tag?post=78468"}],"curies":[{"name":"wp","href":"https:\/\/api.w.org\/{rel}","templated":true}]}}