{"id":78469,"date":"2025-07-11T16:38:17","date_gmt":"2025-07-11T13:38:17","guid":{"rendered":"https:\/\/demo8.ecube.lv\/sezona.lv\/products\/leki-trekinga-nujas-vario-xs-sl1\/"},"modified":"2025-07-14T15:24:37","modified_gmt":"2025-07-14T12:24:37","slug":"leki-trekinga-nujas-vario-xs-sl1","status":"publish","type":"product","link":"https:\/\/sezona.lv\/en\/products\/leki-trekinga-nujas-vario-xs-sl1\/","title":{"rendered":"Leki trekinga n\u016bjas Vario XS SL1"},"content":{"rendered":"<div class=\"rte\">\n<div class=\"rte\">\n<div class=\"rte\">\n<div class=\"rte\">\n<p>P\u0101rg\u0101jienu un sl\u0113po&scaron;anas n\u016bjas b\u0113rniem ar regul\u0113jamu dro&scaron;\u012bbas cilpi\u0146u. <span id=\"result_box\" lang=\"lv\"><span>Pateicoties Speed Lock regul\u0113&scaron;anas sist\u0113mai no 80 l\u012bdz 110 cm, n\u016bjas augs kop\u0101 ar b\u0113rnu. <\/span><\/span><\/p>\n<h4><span lang=\"lv\"><span>Specifik\u0101cija:<\/span><\/span><\/h4>\n<table style=\"height: 107px\" border=\"0\" width=\"570\">\n<tbody>\n<tr>\n<td><strong>Regul\u0113&scaron;anas diapazons:<\/strong><\/td>\n<td>80-110cm (izjaukt\u0101 veid\u0101 67cm)<\/td>\n<\/tr>\n<tr>\n<td><strong>Svars:<\/strong><\/td>\n<td>221 grams<\/td>\n<\/tr>\n<tr>\n<td><strong>Materi\u0101ls:<\/strong><\/td>\n<td>Aluminium (HTS 5.5)<\/td>\n<\/tr>\n<tr>\n<td><strong>Rokturis:<\/strong><\/td>\n<td>PA Safety (Compact Soft)&nbsp;<\/td>\n<\/tr>\n<tr>\n<td><strong>Konstrukcija:<\/strong><\/td>\n<td>Vario<\/td>\n<\/tr>\n<tr>\n<td><strong>Siksni\u0146a:<\/strong><\/td>\n<td>Lock Security Strap (Nylon)&nbsp;<\/td>\n<\/tr>\n<tr>\n<td><strong>Diametrs:<\/strong><\/td>\n<td>14|12 mm<\/td>\n<\/tr>\n<tr>\n<td><strong>Regul\u0113&scaron;anas sist\u0113ma:<\/strong><\/td>\n<td>Speed Lock<\/td>\n<\/tr>\n<tr>\n<td><strong>Grozi\u0146i:<\/strong><\/td>\n<td>Trekking<\/td>\n<\/tr>\n<tr>\n<td><strong>Uzgalis:<\/strong><\/td>\n<td>Steel Tip<\/td>\n<\/tr>\n<\/tbody>\n<\/table>\n<h4>Raksturojums:<\/h4>\n<ul>\n<li><strong>Speed Lock<\/strong> regul\u0113&scaron;anas sist\u0113ma &#8211; <span lang=\"lv\"><span>\u0101<\/span><span>tra piel\u0101go&scaron;ana, <\/span><span>T&Uuml;V sertific\u0113ts.<\/span> <span>Piel\u0101gojiet savus polus \u0113rt\u0101kaj\u0101 garum\u0101 ar Speed Lock.<\/span><\/span><\/li>\n<li><span lang=\"lv\"><span><strong>Alum\u012bnijs HTS<\/strong> &#8211; stabils, robusts un \u013coti iztur\u012bgs<\/span><\/span><\/li>\n<li><span lang=\"lv\"><span><span lang=\"lv\"><span><strong>T\u0113rauda uzgalis<\/strong> &#8211;&nbsp;<\/span><span> optim\u0101lai sa\u0137erei gandr\u012bz jebkur\u0101 reljef\u0101.<\/span><\/span><\/span><\/span><\/li>\n<\/ul>\n<\/div>\n<\/div>\n<\/div>\n<\/div>\n<p>&nbsp;<\/p>\n<p>N\u016bjas garums ir j\u0101izv\u0113l\u0101s attiec\u012bb\u0101 pret n\u016bjot\u0101ja augumu<\/p>\n<p>&nbsp;<\/p>\n<table border=\"0\" cellspacing=\"0\" cellpadding=\"0\" width=\"150\">\n<tbody>\n<tr>\n<td>\n<p align=\"center\"><strong>n\u016bja cm<\/strong><\/p>\n<\/td>\n<td>\n<p align=\"center\"><strong>n\u016bjot\u0101js cm<\/strong><\/p>\n<\/td>\n<\/tr>\n<tr>\n<td>\n<p align=\"center\">90<\/p>\n<\/td>\n<td>\n<p align=\"center\">128 &#8211; 140<\/p>\n<\/td>\n<\/tr>\n<tr>\n<td>\n<p align=\"center\">95<\/p>\n<\/td>\n<td>\n<p align=\"center\">136 &#8211; 145<\/p>\n<\/td>\n<\/tr>\n<tr>\n<td>\n<p align=\"center\">100<\/p>\n<\/td>\n<td>\n<p align=\"center\">142 &#8211; 152<\/p>\n<\/td>\n<\/tr>\n<tr>\n<td>\n<p align=\"center\">105<\/p>\n<\/td>\n<td>\n<p align=\"center\">150 &#8211; 160<\/p>\n<\/td>\n<\/tr>\n<tr>\n<td>\n<p align=\"center\">110<\/p>\n<\/td>\n<td>\n<p align=\"center\">158 &#8211; 168<\/p>\n<\/td>\n<\/tr>\n<tr>\n<td>\n<p align=\"center\">115<\/p>\n<\/td>\n<td>\n<p align=\"center\">165 &#8211; 175<\/p>\n<\/td>\n<\/tr>\n<tr>\n<td>\n<p align=\"center\">120<\/p>\n<\/td>\n<td>\n<p align=\"center\">173 &#8211; 182<\/p>\n<\/td>\n<\/tr>\n<tr>\n<td>\n<p align=\"center\">125<\/p>\n<\/td>\n<td>\n<p align=\"center\">180 &#8211; 190<\/p>\n<\/td>\n<\/tr>\n<tr>\n<td>\n<p align=\"center\">130<\/p>\n<\/td>\n<td>\n<p align=\"center\">188 &#8211; 198<\/p>\n<\/td>\n<\/tr>\n<tr>\n<td>\n<p align=\"center\">135<\/p>\n<\/td>\n<td>\n<p align=\"center\">196 &#8211; 196<\/p>\n<\/td>\n<\/tr>\n<\/tbody>\n<\/table>\n<p>&nbsp;<\/p>\n<p>&nbsp;<\/p>\n<p>&nbsp;<\/p>\n","protected":false},"excerpt":{"rendered":"<p>P\u0101rg\u0101jienu un sl\u0113po&scaron;anas n\u016bjas b\u0113rniem ar regul\u0113jamu dro&scaron;\u012bbas cilpi\u0146u. Pateicoties Speed Lock regul\u0113&scaron;anas sist\u0113mai no 80 l\u012bdz 110 cm, n\u016bjas augs kop\u0101 ar b\u0113rnu. Specifik\u0101cija: Regul\u0113&scaron;anas diapazons: 80-110cm (izjaukt\u0101 veid\u0101 67cm) Svars: 221 grams Materi\u0101ls: Aluminium (HTS 5.5) Rokturis: PA Safety (Compact Soft)&nbsp; Konstrukcija: Vario Siksni\u0146a: Lock Security Strap (Nylon)&nbsp; Diametrs: 14|12 mm Regul\u0113&scaron;anas sist\u0113ma: [&hellip;]<\/p>\n","protected":false},"featured_media":70020,"template":"","meta":[],"product_brand":[932],"product_cat":[4602,4746],"product_tag":[],"class_list":{"0":"post-78469","1":"product","2":"type-product","3":"status-publish","4":"has-post-thumbnail","6":"product_brand-leki","7":"product_cat-summer-sports-sports","8":"product_cat-nordic-walking-summer-sports-sports","10":"first","11":"instock","12":"shipping-taxable","13":"purchasable","14":"product-type-simple"},"_links":{"self":[{"href":"https:\/\/sezona.lv\/en\/wp-json\/wp\/v2\/product\/78469","targetHints":{"allow":["GET"]}}],"collection":[{"href":"https:\/\/sezona.lv\/en\/wp-json\/wp\/v2\/product"}],"about":[{"href":"https:\/\/sezona.lv\/en\/wp-json\/wp\/v2\/types\/product"}],"wp:featuredmedia":[{"embeddable":true,"href":"https:\/\/sezona.lv\/en\/wp-json\/wp\/v2\/media\/70020"}],"wp:attachment":[{"href":"https:\/\/sezona.lv\/en\/wp-json\/wp\/v2\/media?parent=78469"}],"wp:term":[{"taxonomy":"product_brand","embeddable":true,"href":"https:\/\/sezona.lv\/en\/wp-json\/wp\/v2\/product_brand?post=78469"},{"taxonomy":"product_cat","embeddable":true,"href":"https:\/\/sezona.lv\/en\/wp-json\/wp\/v2\/product_cat?post=78469"},{"taxonomy":"product_tag","embeddable":true,"href":"https:\/\/sezona.lv\/en\/wp-json\/wp\/v2\/product_tag?post=78469"}],"curies":[{"name":"wp","href":"https:\/\/api.w.org\/{rel}","templated":true}]}}