{"id":78470,"date":"2025-07-11T16:38:18","date_gmt":"2025-07-11T13:38:18","guid":{"rendered":"https:\/\/demo8.ecube.lv\/sezona.lv\/products\/leki-trekinga-nujas-tour-stick-vario-v\/"},"modified":"2025-07-14T15:24:38","modified_gmt":"2025-07-14T12:24:38","slug":"leki-trekinga-nujas-tour-stick-vario-v","status":"publish","type":"product","link":"https:\/\/sezona.lv\/en\/products\/leki-trekinga-nujas-tour-stick-vario-v\/","title":{"rendered":"Leki trekinga n\u016bjas Tour Stick Vario V"},"content":{"rendered":"<p>N\u016bjas ir \u0101tri un \u0113rti izjaucamas, nospie\u017eot pogu. <span id=\"result_box\" lang=\"lv\"><span>T&Uuml;V  sertific\u0113t\u0101 Speed Lock 2 regul\u0113&scaron;anas sist\u0113ma \u013cauj \u0101tri un \u0113rti  noregul\u0113t n\u016bju garumu, pat ja ir auksts un j\u016bs lietojat cimdus. <\/span><\/span><\/p>\n<h4><span lang=\"lv\"><span>Specifik\u0101cija:<\/span><\/span><\/h4>\n<table style=\"height: 128px\" border=\"0\" width=\"569\">\n<tbody>\n<tr>\n<td><strong>Izm\u0113ru diapazons:<\/strong><\/td>\n<td>115-135 cm (Izjaukt\u0101 veid\u0101 41 cm)<\/td>\n<\/tr>\n<tr>\n<td><strong>Svars:<\/strong><\/td>\n<td>277 grami (viena)<\/td>\n<\/tr>\n<tr>\n<td><strong>Materi\u0101ls:<\/strong><\/td>\n<td>100% karbons; Aluminium (HTS 6.5)<\/td>\n<\/tr>\n<tr>\n<td><strong>Konstrukcija:<\/strong><\/td>\n<td>Folding poles<\/td>\n<\/tr>\n<tr>\n<td><strong>Rokturis:<\/strong><\/td>\n<td>Trigger S Vertical + Thermo Long<strong> <\/strong><\/td>\n<\/tr>\n<tr>\n<td><strong>Cilpi\u0146a:<\/strong><\/td>\n<td><strong><\/strong>Trigger S Vertical<strong> <\/strong><\/td>\n<\/tr>\n<tr>\n<td><strong>Diametrs:<\/strong><\/td>\n<td>18|16|14|14|14 mm<strong> <br \/><\/strong><\/td>\n<\/tr>\n<tr>\n<td><strong>Regul\u0113&scaron;anas sist\u0113ma:<\/strong><\/td>\n<td>Speed Lock 2<\/td>\n<\/tr>\n<tr>\n<td><strong>Grozi\u0146i:<\/strong><\/td>\n<td>Touring | Backcountry (Binding Basket)<\/td>\n<\/tr>\n<tr>\n<td><strong>Uzga\u013ci:<\/strong><\/td>\n<td>Flex Tip (Long)<\/td>\n<\/tr>\n<\/tbody>\n<\/table>\n<h4>Raksturojums:<\/h4>\n<ul>\n<li>Vieglas un kompakti izjaucamas, l\u012bdz minim\u0101lam izm\u0113ram<\/li>\n<li>Triger S Vertical cimdi\u0146a stiprin\u0101&scaron;anas sist\u0113ma<\/li>\n<li>&nbsp;Thermo Long Thermal pagarin\u0101ts rokturis<\/li>\n<li>Speed Lock 2 regul\u0113&scaron;anas sist\u0113ma<\/li>\n<\/ul>\n<p>&nbsp;<\/p>\n<p>&nbsp;<\/p>\n<p>&nbsp;<\/p>\n<p>&nbsp;<\/p>\n","protected":false},"excerpt":{"rendered":"<p>N\u016bjas ir \u0101tri un \u0113rti izjaucamas, nospie\u017eot pogu. T&Uuml;V sertific\u0113t\u0101 Speed Lock 2 regul\u0113&scaron;anas sist\u0113ma \u013cauj \u0101tri un \u0113rti noregul\u0113t n\u016bju garumu, pat ja ir auksts un j\u016bs lietojat cimdus. Specifik\u0101cija: Izm\u0113ru diapazons: 115-135 cm (Izjaukt\u0101 veid\u0101 41 cm) Svars: 277 grami (viena) Materi\u0101ls: 100% karbons; Aluminium (HTS 6.5) Konstrukcija: Folding poles Rokturis: Trigger S [&hellip;]<\/p>\n","protected":false},"featured_media":70023,"template":"","meta":[],"product_brand":[932],"product_cat":[4602,4746],"product_tag":[],"class_list":{"0":"post-78470","1":"product","2":"type-product","3":"status-publish","4":"has-post-thumbnail","6":"product_brand-leki","7":"product_cat-summer-sports-sports","8":"product_cat-nordic-walking-summer-sports-sports","10":"first","11":"instock","12":"shipping-taxable","13":"purchasable","14":"product-type-simple"},"_links":{"self":[{"href":"https:\/\/sezona.lv\/en\/wp-json\/wp\/v2\/product\/78470","targetHints":{"allow":["GET"]}}],"collection":[{"href":"https:\/\/sezona.lv\/en\/wp-json\/wp\/v2\/product"}],"about":[{"href":"https:\/\/sezona.lv\/en\/wp-json\/wp\/v2\/types\/product"}],"wp:featuredmedia":[{"embeddable":true,"href":"https:\/\/sezona.lv\/en\/wp-json\/wp\/v2\/media\/70023"}],"wp:attachment":[{"href":"https:\/\/sezona.lv\/en\/wp-json\/wp\/v2\/media?parent=78470"}],"wp:term":[{"taxonomy":"product_brand","embeddable":true,"href":"https:\/\/sezona.lv\/en\/wp-json\/wp\/v2\/product_brand?post=78470"},{"taxonomy":"product_cat","embeddable":true,"href":"https:\/\/sezona.lv\/en\/wp-json\/wp\/v2\/product_cat?post=78470"},{"taxonomy":"product_tag","embeddable":true,"href":"https:\/\/sezona.lv\/en\/wp-json\/wp\/v2\/product_tag?post=78470"}],"curies":[{"name":"wp","href":"https:\/\/api.w.org\/{rel}","templated":true}]}}