{"id":78471,"date":"2025-07-11T16:38:19","date_gmt":"2025-07-11T13:38:19","guid":{"rendered":"https:\/\/demo8.ecube.lv\/sezona.lv\/products\/leki-trekinga-nujas-micro-vario-carbon-lady\/"},"modified":"2025-07-14T15:24:39","modified_gmt":"2025-07-14T12:24:39","slug":"leki-trekinga-nujas-micro-vario-carbon-lady","status":"publish","type":"product","link":"https:\/\/sezona.lv\/en\/products\/leki-trekinga-nujas-micro-vario-carbon-lady\/","title":{"rendered":"Leki trekinga n\u016bjas Micro Vario Carbon Lady"},"content":{"rendered":"<div class=\"rte\">\n<div class=\"rte\">\n<div class=\"rte\">\n<p>Saliekamas karbona n\u016bjas tie&scaron;i d\u0101m\u0101m, ar komfortablu Aergon rokturi.  N\u016bjas ir \u0101tri un \u0113rti izjaucamas, vienk\u0101r&scaron;i nospie\u017eot pogu, turkl\u0101t  izjaukt\u0101 veid\u0101 t\u0101s der\u0113s ar\u012b rokas bag\u0101\u017e\u0101.<\/p>\n<h4>Specifik\u0101cija:<\/h4>\n<table style=\"height: 65px\" border=\"0\" width=\"559\">\n<tbody>\n<tr>\n<td><strong>Izm\u0113ru diapazons:<\/strong><\/td>\n<td>Regul\u0113jamas no 100-120 cm (izjaukt\u0101 veid\u0101 38 cm)<\/td>\n<\/tr>\n<tr>\n<td><strong>Svars:<\/strong><\/td>\n<td>212 grami (viena)<\/td>\n<\/tr>\n<tr>\n<td><strong>Materi\u0101ls:<\/strong><\/td>\n<td>100% karbons<\/td>\n<\/tr>\n<tr>\n<td><strong>Konstrukcija:<\/strong><\/td>\n<td>Folding poles Vario<\/td>\n<\/tr>\n<tr>\n<td><strong>Rokturis:<\/strong><\/td>\n<td>Aergon (Thermo Compact) + Thermo Mid<\/td>\n<\/tr>\n<tr>\n<td><strong>Cilpi\u0146a:<\/strong><\/td>\n<td>Lock Security Strap (Skin)<\/td>\n<\/tr>\n<tr>\n<td><strong>Diametrs:<\/strong><\/td>\n<td>18|16|14|14|14 mm<\/td>\n<\/tr>\n<tr>\n<td><strong>Regul\u0113&scaron;anas sist\u0113ma:<\/strong><\/td>\n<td>Speed Lock 2<\/td>\n<\/tr>\n<tr>\n<td><strong>Grozi\u0146i:<\/strong><\/td>\n<td>Nordic Walking<\/td>\n<\/tr>\n<tr>\n<td><strong>Uzgalis:<\/strong><\/td>\n<td>Flex Tip (Short)<\/td>\n<\/tr>\n<\/tbody>\n<\/table>\n<h4>Raksturojums:<\/h4>\n<ul>\n<li>Vieglas un kompakti izjaucamas, l\u012bdz minim\u0101lam izm\u0113ram<\/li>\n<li><span id=\"result_box\" lang=\"lv\"><span>Ultra-viegls Aergon Thermo rokturis, kas \u0113rti ieguls jebkur\u0101 rok\u0101<\/span><\/span><\/li>\n<li><span lang=\"lv\"><span>Viegla, elpojo&scaron;a un komfortabla cilpi\u0146a<\/span><\/span><\/li>\n<li><span lang=\"lv\"><span><span lang=\"lv\"><span>Thermo Mid termiskais pagarin\u0101jums<br \/><\/span><\/span><\/span><\/span><\/li>\n<li><span lang=\"lv\"><span><span lang=\"lv\"><span>Speed Lock 2 regul\u0113&scaron;anas sist\u0113ma<\/span><\/span><\/span><\/span><\/li>\n<li><span lang=\"lv\"><span><span lang=\"lv\"><span>100% t\u012brs karbons<\/span><\/span><\/span><\/span><\/li>\n<\/ul>\n<\/div>\n<\/div>\n<\/div>\n<p>N\u016bjas garums ir j\u0101izv\u0113l\u0101s attiec\u012bb\u0101 pret n\u016bjot\u0101ja augumu<\/p>\n<p>&nbsp;<\/p>\n<table border=\"0\" cellspacing=\"0\" cellpadding=\"0\" width=\"150\">\n<tbody>\n<tr>\n<td>\n<p align=\"center\"><strong>n\u016bja cm<\/strong><\/p>\n<\/td>\n<td>\n<p align=\"center\"><strong>n\u016bjot\u0101js cm<\/strong><\/p>\n<\/td>\n<\/tr>\n<tr>\n<td>\n<p align=\"center\">90<\/p>\n<\/td>\n<td>\n<p align=\"center\">128 &#8211; 140<\/p>\n<\/td>\n<\/tr>\n<tr>\n<td>\n<p align=\"center\">95<\/p>\n<\/td>\n<td>\n<p align=\"center\">136 &#8211; 145<\/p>\n<\/td>\n<\/tr>\n<tr>\n<td>\n<p align=\"center\">100<\/p>\n<\/td>\n<td>\n<p align=\"center\">142 &#8211; 152<\/p>\n<\/td>\n<\/tr>\n<tr>\n<td>\n<p align=\"center\">105<\/p>\n<\/td>\n<td>\n<p align=\"center\">150 &#8211; 160<\/p>\n<\/td>\n<\/tr>\n<tr>\n<td>\n<p align=\"center\">110<\/p>\n<\/td>\n<td>\n<p align=\"center\">158 &#8211; 168<\/p>\n<\/td>\n<\/tr>\n<tr>\n<td>\n<p align=\"center\">115<\/p>\n<\/td>\n<td>\n<p align=\"center\">165 &#8211; 175<\/p>\n<\/td>\n<\/tr>\n<tr>\n<td>\n<p align=\"center\">120<\/p>\n<\/td>\n<td>\n<p align=\"center\">173 &#8211; 182<\/p>\n<\/td>\n<\/tr>\n<tr>\n<td>\n<p align=\"center\">125<\/p>\n<\/td>\n<td>\n<p align=\"center\">180 &#8211; 190<\/p>\n<\/td>\n<\/tr>\n<tr>\n<td>\n<p align=\"center\">130<\/p>\n<\/td>\n<td>\n<p align=\"center\">188 &#8211; 198<\/p>\n<\/td>\n<\/tr>\n<tr>\n<td>\n<p align=\"center\">135<\/p>\n<\/td>\n<td>\n<p align=\"center\">196 &#8211; 196<\/p>\n<\/td>\n<\/tr>\n<\/tbody>\n<\/table>\n<p>&nbsp;<\/p>\n<p>&nbsp;<\/p>\n<p>&nbsp;<\/p>\n","protected":false},"excerpt":{"rendered":"<p>Saliekamas karbona n\u016bjas tie&scaron;i d\u0101m\u0101m, ar komfortablu Aergon rokturi. N\u016bjas ir \u0101tri un \u0113rti izjaucamas, vienk\u0101r&scaron;i nospie\u017eot pogu, turkl\u0101t izjaukt\u0101 veid\u0101 t\u0101s der\u0113s ar\u012b rokas bag\u0101\u017e\u0101. Specifik\u0101cija: Izm\u0113ru diapazons: Regul\u0113jamas no 100-120 cm (izjaukt\u0101 veid\u0101 38 cm) Svars: 212 grami (viena) Materi\u0101ls: 100% karbons Konstrukcija: Folding poles Vario Rokturis: Aergon (Thermo Compact) + Thermo Mid [&hellip;]<\/p>\n","protected":false},"featured_media":70026,"template":"","meta":[],"product_brand":[932],"product_cat":[4602,4746],"product_tag":[],"class_list":{"0":"post-78471","1":"product","2":"type-product","3":"status-publish","4":"has-post-thumbnail","6":"product_brand-leki","7":"product_cat-summer-sports-sports","8":"product_cat-nordic-walking-summer-sports-sports","10":"first","11":"instock","12":"shipping-taxable","13":"purchasable","14":"product-type-simple"},"_links":{"self":[{"href":"https:\/\/sezona.lv\/en\/wp-json\/wp\/v2\/product\/78471","targetHints":{"allow":["GET"]}}],"collection":[{"href":"https:\/\/sezona.lv\/en\/wp-json\/wp\/v2\/product"}],"about":[{"href":"https:\/\/sezona.lv\/en\/wp-json\/wp\/v2\/types\/product"}],"wp:featuredmedia":[{"embeddable":true,"href":"https:\/\/sezona.lv\/en\/wp-json\/wp\/v2\/media\/70026"}],"wp:attachment":[{"href":"https:\/\/sezona.lv\/en\/wp-json\/wp\/v2\/media?parent=78471"}],"wp:term":[{"taxonomy":"product_brand","embeddable":true,"href":"https:\/\/sezona.lv\/en\/wp-json\/wp\/v2\/product_brand?post=78471"},{"taxonomy":"product_cat","embeddable":true,"href":"https:\/\/sezona.lv\/en\/wp-json\/wp\/v2\/product_cat?post=78471"},{"taxonomy":"product_tag","embeddable":true,"href":"https:\/\/sezona.lv\/en\/wp-json\/wp\/v2\/product_tag?post=78471"}],"curies":[{"name":"wp","href":"https:\/\/api.w.org\/{rel}","templated":true}]}}