{"id":78472,"date":"2025-07-11T16:38:20","date_gmt":"2025-07-11T13:38:20","guid":{"rendered":"https:\/\/demo8.ecube.lv\/sezona.lv\/products\/leki-trekinga-nujas-sherpa-xl-as-sl2-ds\/"},"modified":"2025-07-14T15:24:40","modified_gmt":"2025-07-14T12:24:40","slug":"leki-trekinga-nujas-sherpa-xl-as-sl2-ds","status":"publish","type":"product","link":"https:\/\/sezona.lv\/en\/products\/leki-trekinga-nujas-sherpa-xl-as-sl2-ds\/","title":{"rendered":"Leki trekinga n\u016bjas Sherpa XL AS SL2\/DS"},"content":{"rendered":"<div class=\"rte\">\n<p><span id=\"result_box\" lang=\"lv\"><span>Sherpa XL Antishock n\u016bjas, apr\u012bkotas ar vieglu Aergon grip rokturi un thermal pagarin\u0101jumu. <span lang=\"lv\"><span>T&Uuml;V sertific\u0113ta Speed Lock 2 regul\u0113&scaron;anas sist\u0113m<\/span><\/span>a  un viegli, iztur\u012bgi alum\u012bnija posmi. DSS amortiz\u0101cija, kas samazina  triecienus par aptuveni 40%, t\u0101d\u0113j\u0101di saudz\u0113jot loc\u012btavas, musku\u013cus un  saites. <br \/><\/span><\/span><\/p>\n<h4><span lang=\"lv\"><span>Specifik\u0101cija:<\/span><\/span><\/h4>\n<table style=\"height: 212px\" border=\"0\" width=\"567\">\n<tbody>\n<tr>\n<td><strong>Konstrukcija:<\/strong><\/td>\n<td>Vario<\/td>\n<\/tr>\n<tr>\n<td><strong>Rokturi:<\/strong><\/td>\n<td>Aergon (Thermo Long)<\/td>\n<\/tr>\n<tr>\n<td><strong>Siksni\u0146a:<\/strong><\/td>\n<td>Lock Security Strap (Skin)<\/td>\n<\/tr>\n<tr>\n<td><strong>Da\u013cas:<\/strong><\/td>\n<td>3<\/td>\n<\/tr>\n<tr>\n<td><strong>Diametrs:<\/strong><\/td>\n<td>18|16|14 mm<\/td>\n<\/tr>\n<tr>\n<td><strong>Materi\u0101ls:<\/strong><\/td>\n<td>Aluminium (HTS 6.5)<\/td>\n<\/tr>\n<tr>\n<td><strong>Regul\u0113&scaron;anas sist\u0113ma:<\/strong><\/td>\n<td>Speed Lock 2<\/td>\n<\/tr>\n<tr>\n<td><strong>Amortiz\u0101cija:<\/strong><\/td>\n<td>Dynamic Suspension System (DSS)<\/td>\n<\/tr>\n<tr>\n<td><strong>Grozi\u0146i:<\/strong><\/td>\n<td>Trekking<\/td>\n<\/tr>\n<tr>\n<td><strong>Uzga\u013ci:<\/strong><\/td>\n<td>Flex Tip (Short)<\/td>\n<\/tr>\n<tr>\n<td><strong>Garums:<\/strong><\/td>\n<td>72-145cm<\/td>\n<\/tr>\n<tr>\n<td><strong>Svars:<\/strong><\/td>\n<td>272 grami (viena)<\/td>\n<\/tr>\n<\/tbody>\n<\/table>\n<\/div>\n<p><strong>&nbsp;<\/strong><\/p>\n<p><strong>&nbsp;<\/strong>N\u016bjas garums ir j\u0101izv\u0113l\u0101s attiec\u012bb\u0101 pret n\u016bjot\u0101ja augumu<\/p>\n<p>&nbsp;<\/p>\n<table border=\"0\" cellspacing=\"0\" cellpadding=\"0\" width=\"150\">\n<tbody>\n<tr>\n<td>\n<p align=\"center\"><strong>n\u016bja cm<\/strong><\/p>\n<\/td>\n<td>\n<p align=\"center\"><strong>n\u016bjot\u0101js cm<\/strong><\/p>\n<\/td>\n<\/tr>\n<tr>\n<td>\n<p align=\"center\">90<\/p>\n<\/td>\n<td>\n<p align=\"center\">128 &#8211; 140<\/p>\n<\/td>\n<\/tr>\n<tr>\n<td>\n<p align=\"center\">95<\/p>\n<\/td>\n<td>\n<p align=\"center\">136 &#8211; 145<\/p>\n<\/td>\n<\/tr>\n<tr>\n<td>\n<p align=\"center\">100<\/p>\n<\/td>\n<td>\n<p align=\"center\">142 &#8211; 152<\/p>\n<\/td>\n<\/tr>\n<tr>\n<td>\n<p align=\"center\">105<\/p>\n<\/td>\n<td>\n<p align=\"center\">150 &#8211; 160<\/p>\n<\/td>\n<\/tr>\n<tr>\n<td>\n<p align=\"center\">110<\/p>\n<\/td>\n<td>\n<p align=\"center\">158 &#8211; 168<\/p>\n<\/td>\n<\/tr>\n<tr>\n<td>\n<p align=\"center\">115<\/p>\n<\/td>\n<td>\n<p align=\"center\">165 &#8211; 175<\/p>\n<\/td>\n<\/tr>\n<tr>\n<td>\n<p align=\"center\">120<\/p>\n<\/td>\n<td>\n<p align=\"center\">173 &#8211; 182<\/p>\n<\/td>\n<\/tr>\n<tr>\n<td>\n<p align=\"center\">125<\/p>\n<\/td>\n<td>\n<p align=\"center\">180 &#8211; 190<\/p>\n<\/td>\n<\/tr>\n<tr>\n<td>\n<p align=\"center\">130<\/p>\n<\/td>\n<td>\n<p align=\"center\">188 &#8211; 198<\/p>\n<\/td>\n<\/tr>\n<tr>\n<td>\n<p align=\"center\">135<\/p>\n<\/td>\n<td>\n<p align=\"center\">196 &#8211; 196<\/p>\n<\/td>\n<\/tr>\n<\/tbody>\n<\/table>\n<p>&nbsp;<\/p>\n<p>&nbsp;<\/p>\n","protected":false},"excerpt":{"rendered":"<p>Sherpa XL Antishock n\u016bjas, apr\u012bkotas ar vieglu Aergon grip rokturi un thermal pagarin\u0101jumu. T&Uuml;V sertific\u0113ta Speed Lock 2 regul\u0113&scaron;anas sist\u0113ma un viegli, iztur\u012bgi alum\u012bnija posmi. DSS amortiz\u0101cija, kas samazina triecienus par aptuveni 40%, t\u0101d\u0113j\u0101di saudz\u0113jot loc\u012btavas, musku\u013cus un saites. Specifik\u0101cija: Konstrukcija: Vario Rokturi: Aergon (Thermo Long) Siksni\u0146a: Lock Security Strap (Skin) Da\u013cas: 3 Diametrs: 18|16|14 [&hellip;]<\/p>\n","protected":false},"featured_media":70029,"template":"","meta":[],"product_brand":[932],"product_cat":[4602,4746],"product_tag":[],"class_list":{"0":"post-78472","1":"product","2":"type-product","3":"status-publish","4":"has-post-thumbnail","6":"product_brand-leki","7":"product_cat-summer-sports-sports","8":"product_cat-nordic-walking-summer-sports-sports","10":"first","11":"instock","12":"shipping-taxable","13":"purchasable","14":"product-type-simple"},"_links":{"self":[{"href":"https:\/\/sezona.lv\/en\/wp-json\/wp\/v2\/product\/78472","targetHints":{"allow":["GET"]}}],"collection":[{"href":"https:\/\/sezona.lv\/en\/wp-json\/wp\/v2\/product"}],"about":[{"href":"https:\/\/sezona.lv\/en\/wp-json\/wp\/v2\/types\/product"}],"wp:featuredmedia":[{"embeddable":true,"href":"https:\/\/sezona.lv\/en\/wp-json\/wp\/v2\/media\/70029"}],"wp:attachment":[{"href":"https:\/\/sezona.lv\/en\/wp-json\/wp\/v2\/media?parent=78472"}],"wp:term":[{"taxonomy":"product_brand","embeddable":true,"href":"https:\/\/sezona.lv\/en\/wp-json\/wp\/v2\/product_brand?post=78472"},{"taxonomy":"product_cat","embeddable":true,"href":"https:\/\/sezona.lv\/en\/wp-json\/wp\/v2\/product_cat?post=78472"},{"taxonomy":"product_tag","embeddable":true,"href":"https:\/\/sezona.lv\/en\/wp-json\/wp\/v2\/product_tag?post=78472"}],"curies":[{"name":"wp","href":"https:\/\/api.w.org\/{rel}","templated":true}]}}