{"id":78473,"date":"2025-07-11T16:38:21","date_gmt":"2025-07-11T13:38:21","guid":{"rendered":"https:\/\/demo8.ecube.lv\/sezona.lv\/products\/leki-trekinga-nujas-tour-stick-vario-carbon\/"},"modified":"2025-07-14T15:24:41","modified_gmt":"2025-07-14T12:24:41","slug":"leki-trekinga-nujas-tour-stick-vario-carbon","status":"publish","type":"product","link":"https:\/\/sezona.lv\/en\/products\/leki-trekinga-nujas-tour-stick-vario-carbon\/","title":{"rendered":"Leki trekinga n\u016bjas Tour Stick Vario Carbon"},"content":{"rendered":"<p><span id=\"result_box\" lang=\"lv\"><span>Aergon Thermo  Tour rokturi ar da\u017e\u0101d\u0101m satver&scaron;anas iesp\u0113jas. Lock 2 meh\u0101nisms \u013cauj n\u016bju  regul\u0113t no 115-135 cm, turkl\u0101t izjaukt\u0101 veid\u0101 t\u0101s garums ir nieka 39  cm, t\u0101p\u0113c t\u0101 viegli satilpt mugursom\u0101.&nbsp; T\u012bra karbona aug&scaron;\u0113j\u0101 da\u013ca  nodro&scaron;ina optim\u0101lu veiktsp\u0113ju, kam\u0113r apak&scaron;\u0113j\u0101 da\u013ca izgatavota no augstas  kvalit\u0101tes alum\u012bnija, lai pasarg\u0101tu n\u016bju no as\u0101m sl\u0113pju mal\u0101m.  Piem\u0113rotas skitouringam. <br \/><\/span><\/span><\/p>\n<h4><span lang=\"lv\"><span>Specifik\u0101cija:<\/span><\/span><\/h4>\n<table style=\"height: 212px\" border=\"0\" width=\"571\">\n<tbody>\n<tr>\n<td><strong>Konstrukcija:<\/strong><\/td>\n<td>Folding poles Vario<\/td>\n<\/tr>\n<tr>\n<td><strong>Rokturis:<\/strong><\/td>\n<td>Aergon (Tour Thermo Mid)<\/td>\n<\/tr>\n<tr>\n<td><strong>Cilpa:<\/strong><\/td>\n<td>Lock Security Strap (Neoprene) (60% rubber, 40% nylon)<\/td>\n<\/tr>\n<tr>\n<td><strong>Da\u013cas:<\/strong><\/td>\n<td>5<\/td>\n<\/tr>\n<tr>\n<td><strong>Diametrs:<\/strong><\/td>\n<td>18|16|14|14|14 mm<\/td>\n<\/tr>\n<tr>\n<td><strong>Materi\u0101ls:<\/strong><\/td>\n<td><span class=\"short_text\" lang=\"lv\"><span class=\"alt-edited\">Aug&scaron;\u0113j\u0101 da\u013ca 100% karbons |<\/span> <span>apak&scaron;\u0113j\u0101 da\u013ca alum\u012bnijs (HTS 6.5)<br \/><\/span><\/span><\/td>\n<\/tr>\n<tr>\n<td><strong>Regul\u0113&scaron;ana:<\/strong><\/td>\n<td>Speed Lock 2<\/td>\n<\/tr>\n<tr>\n<td><strong>Grozi\u0146i:<\/strong><\/td>\n<td>Touring | Backcountry (Binding Basket)&nbsp;<\/td>\n<\/tr>\n<tr>\n<td><strong>Uzga\u013ci:<\/strong><\/td>\n<td>Flex Tip (Long)<\/td>\n<\/tr>\n<tr>\n<td><strong>Garums:<\/strong><\/td>\n<td>115-135 cm<\/td>\n<\/tr>\n<tr>\n<td><strong>Svars:<\/strong><\/td>\n<td>253 grami (viena)<\/td>\n<\/tr>\n<\/tbody>\n<\/table>\n<p>&nbsp;<\/p>\n<p>&nbsp;<\/p>\n<p>&nbsp;<\/p>\n","protected":false},"excerpt":{"rendered":"<p>Aergon Thermo Tour rokturi ar da\u017e\u0101d\u0101m satver&scaron;anas iesp\u0113jas. Lock 2 meh\u0101nisms \u013cauj n\u016bju regul\u0113t no 115-135 cm, turkl\u0101t izjaukt\u0101 veid\u0101 t\u0101s garums ir nieka 39 cm, t\u0101p\u0113c t\u0101 viegli satilpt mugursom\u0101.&nbsp; T\u012bra karbona aug&scaron;\u0113j\u0101 da\u013ca nodro&scaron;ina optim\u0101lu veiktsp\u0113ju, kam\u0113r apak&scaron;\u0113j\u0101 da\u013ca izgatavota no augstas kvalit\u0101tes alum\u012bnija, lai pasarg\u0101tu n\u016bju no as\u0101m sl\u0113pju mal\u0101m. Piem\u0113rotas skitouringam. [&hellip;]<\/p>\n","protected":false},"featured_media":70032,"template":"","meta":[],"product_brand":[932],"product_cat":[4602,4746],"product_tag":[],"class_list":{"0":"post-78473","1":"product","2":"type-product","3":"status-publish","4":"has-post-thumbnail","6":"product_brand-leki","7":"product_cat-summer-sports-sports","8":"product_cat-nordic-walking-summer-sports-sports","10":"first","11":"instock","12":"shipping-taxable","13":"purchasable","14":"product-type-simple"},"_links":{"self":[{"href":"https:\/\/sezona.lv\/en\/wp-json\/wp\/v2\/product\/78473","targetHints":{"allow":["GET"]}}],"collection":[{"href":"https:\/\/sezona.lv\/en\/wp-json\/wp\/v2\/product"}],"about":[{"href":"https:\/\/sezona.lv\/en\/wp-json\/wp\/v2\/types\/product"}],"wp:featuredmedia":[{"embeddable":true,"href":"https:\/\/sezona.lv\/en\/wp-json\/wp\/v2\/media\/70032"}],"wp:attachment":[{"href":"https:\/\/sezona.lv\/en\/wp-json\/wp\/v2\/media?parent=78473"}],"wp:term":[{"taxonomy":"product_brand","embeddable":true,"href":"https:\/\/sezona.lv\/en\/wp-json\/wp\/v2\/product_brand?post=78473"},{"taxonomy":"product_cat","embeddable":true,"href":"https:\/\/sezona.lv\/en\/wp-json\/wp\/v2\/product_cat?post=78473"},{"taxonomy":"product_tag","embeddable":true,"href":"https:\/\/sezona.lv\/en\/wp-json\/wp\/v2\/product_tag?post=78473"}],"curies":[{"name":"wp","href":"https:\/\/api.w.org\/{rel}","templated":true}]}}