{"id":78474,"date":"2025-07-11T16:38:22","date_gmt":"2025-07-11T13:38:22","guid":{"rendered":"https:\/\/demo8.ecube.lv\/sezona.lv\/products\/leki-uzgali-trekking-silent-spike-pad\/"},"modified":"2025-07-14T15:24:42","modified_gmt":"2025-07-14T12:24:42","slug":"leki-uzgali-trekking-silent-spike-pad","status":"publish","type":"product","link":"https:\/\/sezona.lv\/en\/products\/leki-uzgali-trekking-silent-spike-pad\/","title":{"rendered":"Leki uzga\u013ci Trekking Silent Spike Pad"},"content":{"rendered":"<p>SILENT SPIKE PAD Inovat\u012bvs, tehnisks trekinga n\u016bju uzgalis ar  nodilumiztur\u012bg\u0101m radz\u0113m, nodro&scaron;inot dro&scaron;u atsp\u0113rienu. Viegls, izgatavots  no \u013coti nodimiztur\u012bga kau\u010duka sakaus\u0113juma.<\/p>\n","protected":false},"excerpt":{"rendered":"<p>SILENT SPIKE PAD Inovat\u012bvs, tehnisks trekinga n\u016bju uzgalis ar nodilumiztur\u012bg\u0101m radz\u0113m, nodro&scaron;inot dro&scaron;u atsp\u0113rienu. Viegls, izgatavots no \u013coti nodimiztur\u012bga kau\u010duka sakaus\u0113juma.<\/p>\n","protected":false},"featured_media":70035,"template":"","meta":[],"product_brand":[932],"product_cat":[4602,4746,4749],"product_tag":[],"class_list":{"0":"post-78474","1":"product","2":"type-product","3":"status-publish","4":"has-post-thumbnail","6":"product_brand-leki","7":"product_cat-summer-sports-sports","8":"product_cat-nordic-walking-summer-sports-sports","9":"product_cat-walking-stick-accessories-nordic-walking-summer-sports-sports","11":"first","12":"instock","13":"shipping-taxable","14":"purchasable","15":"product-type-simple"},"_links":{"self":[{"href":"https:\/\/sezona.lv\/en\/wp-json\/wp\/v2\/product\/78474","targetHints":{"allow":["GET"]}}],"collection":[{"href":"https:\/\/sezona.lv\/en\/wp-json\/wp\/v2\/product"}],"about":[{"href":"https:\/\/sezona.lv\/en\/wp-json\/wp\/v2\/types\/product"}],"wp:featuredmedia":[{"embeddable":true,"href":"https:\/\/sezona.lv\/en\/wp-json\/wp\/v2\/media\/70035"}],"wp:attachment":[{"href":"https:\/\/sezona.lv\/en\/wp-json\/wp\/v2\/media?parent=78474"}],"wp:term":[{"taxonomy":"product_brand","embeddable":true,"href":"https:\/\/sezona.lv\/en\/wp-json\/wp\/v2\/product_brand?post=78474"},{"taxonomy":"product_cat","embeddable":true,"href":"https:\/\/sezona.lv\/en\/wp-json\/wp\/v2\/product_cat?post=78474"},{"taxonomy":"product_tag","embeddable":true,"href":"https:\/\/sezona.lv\/en\/wp-json\/wp\/v2\/product_tag?post=78474"}],"curies":[{"name":"wp","href":"https:\/\/api.w.org\/{rel}","templated":true}]}}