{"id":78475,"date":"2025-07-14T15:24:43","date_gmt":"2025-07-14T12:24:43","guid":{"rendered":"https:\/\/demo8.ecube.lv\/sezona.lv\/products\/leki-soma-folding-pole-bag\/"},"modified":"2025-07-14T15:24:43","modified_gmt":"2025-07-14T12:24:43","slug":"leki-soma-folding-pole-bag","status":"publish","type":"product","link":"https:\/\/sezona.lv\/en\/products\/leki-soma-folding-pole-bag\/","title":{"rendered":"Leki soma Folding pole bag"},"content":{"rendered":"<p>Leki saliekamo n\u016bju soma.<\/p>\n<h4>Specifik\u0101cija:<\/h4>\n<table style=\"height: 44px\" border=\"0\" width=\"572\">\n<tbody>\n<tr>\n<td><strong>Materi\u0101ls:<\/strong><\/td>\n<td>Poliesters<\/td>\n<\/tr>\n<tr>\n<td><strong>Garums:<\/strong><\/td>\n<td>45 cm<\/td>\n<\/tr>\n<\/tbody>\n<\/table>\n","protected":false},"excerpt":{"rendered":"<p>Leki saliekamo n\u016bju soma. Specifik\u0101cija: Materi\u0101ls: Poliesters Garums: 45 cm<\/p>\n","protected":false},"featured_media":0,"template":"","meta":[],"product_brand":[932],"product_cat":[4587,4602,4746,4749],"product_tag":[],"class_list":{"0":"post-78475","1":"product","2":"type-product","3":"status-publish","5":"product_brand-leki","6":"product_cat-sports","7":"product_cat-summer-sports-sports","8":"product_cat-nordic-walking-summer-sports-sports","9":"product_cat-walking-stick-accessories-nordic-walking-summer-sports-sports","11":"first","12":"instock","13":"shipping-taxable","14":"purchasable","15":"product-type-simple"},"_links":{"self":[{"href":"https:\/\/sezona.lv\/en\/wp-json\/wp\/v2\/product\/78475","targetHints":{"allow":["GET"]}}],"collection":[{"href":"https:\/\/sezona.lv\/en\/wp-json\/wp\/v2\/product"}],"about":[{"href":"https:\/\/sezona.lv\/en\/wp-json\/wp\/v2\/types\/product"}],"wp:attachment":[{"href":"https:\/\/sezona.lv\/en\/wp-json\/wp\/v2\/media?parent=78475"}],"wp:term":[{"taxonomy":"product_brand","embeddable":true,"href":"https:\/\/sezona.lv\/en\/wp-json\/wp\/v2\/product_brand?post=78475"},{"taxonomy":"product_cat","embeddable":true,"href":"https:\/\/sezona.lv\/en\/wp-json\/wp\/v2\/product_cat?post=78475"},{"taxonomy":"product_tag","embeddable":true,"href":"https:\/\/sezona.lv\/en\/wp-json\/wp\/v2\/product_tag?post=78475"}],"curies":[{"name":"wp","href":"https:\/\/api.w.org\/{rel}","templated":true}]}}