{"id":78477,"date":"2025-07-11T16:38:31","date_gmt":"2025-07-11T13:38:31","guid":{"rendered":"https:\/\/demo8.ecube.lv\/sezona.lv\/products\/leki-nujas-uzgalis-carbide-flextip\/"},"modified":"2025-07-14T15:24:45","modified_gmt":"2025-07-14T12:24:45","slug":"leki-nujas-uzgalis-carbide-flextip","status":"publish","type":"product","link":"https:\/\/sezona.lv\/en\/products\/leki-nujas-uzgalis-carbide-flextip\/","title":{"rendered":"Leki n\u016bjas uzgalis Carbide Flextip"},"content":{"rendered":"<p>Univers\u0101ls karb\u012bda n\u016bjas uzgalis Leki n\u016bj\u0101m.<\/p>\n","protected":false},"excerpt":{"rendered":"<p>Univers\u0101ls karb\u012bda n\u016bjas uzgalis Leki n\u016bj\u0101m.<\/p>\n","protected":false},"featured_media":70038,"template":"","meta":[],"product_brand":[932],"product_cat":[4602,4746,4749],"product_tag":[],"class_list":{"0":"post-78477","1":"product","2":"type-product","3":"status-publish","4":"has-post-thumbnail","6":"product_brand-leki","7":"product_cat-summer-sports-sports","8":"product_cat-nordic-walking-summer-sports-sports","9":"product_cat-walking-stick-accessories-nordic-walking-summer-sports-sports","11":"first","12":"instock","13":"shipping-taxable","14":"purchasable","15":"product-type-simple"},"_links":{"self":[{"href":"https:\/\/sezona.lv\/en\/wp-json\/wp\/v2\/product\/78477","targetHints":{"allow":["GET"]}}],"collection":[{"href":"https:\/\/sezona.lv\/en\/wp-json\/wp\/v2\/product"}],"about":[{"href":"https:\/\/sezona.lv\/en\/wp-json\/wp\/v2\/types\/product"}],"wp:featuredmedia":[{"embeddable":true,"href":"https:\/\/sezona.lv\/en\/wp-json\/wp\/v2\/media\/70038"}],"wp:attachment":[{"href":"https:\/\/sezona.lv\/en\/wp-json\/wp\/v2\/media?parent=78477"}],"wp:term":[{"taxonomy":"product_brand","embeddable":true,"href":"https:\/\/sezona.lv\/en\/wp-json\/wp\/v2\/product_brand?post=78477"},{"taxonomy":"product_cat","embeddable":true,"href":"https:\/\/sezona.lv\/en\/wp-json\/wp\/v2\/product_cat?post=78477"},{"taxonomy":"product_tag","embeddable":true,"href":"https:\/\/sezona.lv\/en\/wp-json\/wp\/v2\/product_tag?post=78477"}],"curies":[{"name":"wp","href":"https:\/\/api.w.org\/{rel}","templated":true}]}}