{"id":78478,"date":"2025-07-14T15:24:46","date_gmt":"2025-07-14T12:24:46","guid":{"rendered":"https:\/\/demo8.ecube.lv\/sezona.lv\/products\/leki-foto-pareja-aergon-photoadapter\/"},"modified":"2025-07-14T15:24:46","modified_gmt":"2025-07-14T12:24:46","slug":"leki-foto-pareja-aergon-photoadapter","status":"publish","type":"product","link":"https:\/\/sezona.lv\/en\/products\/leki-foto-pareja-aergon-photoadapter\/","title":{"rendered":"Leki foto p\u0101reja Aergon photoadapter"},"content":{"rendered":"<p>Dodoties treking\u0101 neaimirsti par &scaron;o nelielo aksesu\u0101ru, kuru var uzmont\u0113t  jau m\u0101j\u0101s. Leki Aergon photoadapter ir neliels fotoapar\u0101ta adapters,  kuru uzmont\u0113 tie&scaron;i uz trekinga n\u016bjas ar LEKI AERGON rokturi.<\/p>\n","protected":false},"excerpt":{"rendered":"<p>Dodoties treking\u0101 neaimirsti par &scaron;o nelielo aksesu\u0101ru, kuru var uzmont\u0113t jau m\u0101j\u0101s. Leki Aergon photoadapter ir neliels fotoapar\u0101ta adapters, kuru uzmont\u0113 tie&scaron;i uz trekinga n\u016bjas ar LEKI AERGON rokturi.<\/p>\n","protected":false},"featured_media":0,"template":"","meta":[],"product_brand":[932],"product_cat":[4587,4602,4746,4749],"product_tag":[],"class_list":{"0":"post-78478","1":"product","2":"type-product","3":"status-publish","5":"product_brand-leki","6":"product_cat-sports","7":"product_cat-summer-sports-sports","8":"product_cat-nordic-walking-summer-sports-sports","9":"product_cat-walking-stick-accessories-nordic-walking-summer-sports-sports","11":"first","12":"instock","13":"shipping-taxable","14":"purchasable","15":"product-type-simple"},"_links":{"self":[{"href":"https:\/\/sezona.lv\/en\/wp-json\/wp\/v2\/product\/78478","targetHints":{"allow":["GET"]}}],"collection":[{"href":"https:\/\/sezona.lv\/en\/wp-json\/wp\/v2\/product"}],"about":[{"href":"https:\/\/sezona.lv\/en\/wp-json\/wp\/v2\/types\/product"}],"wp:attachment":[{"href":"https:\/\/sezona.lv\/en\/wp-json\/wp\/v2\/media?parent=78478"}],"wp:term":[{"taxonomy":"product_brand","embeddable":true,"href":"https:\/\/sezona.lv\/en\/wp-json\/wp\/v2\/product_brand?post=78478"},{"taxonomy":"product_cat","embeddable":true,"href":"https:\/\/sezona.lv\/en\/wp-json\/wp\/v2\/product_cat?post=78478"},{"taxonomy":"product_tag","embeddable":true,"href":"https:\/\/sezona.lv\/en\/wp-json\/wp\/v2\/product_tag?post=78478"}],"curies":[{"name":"wp","href":"https:\/\/api.w.org\/{rel}","templated":true}]}}