{"id":78479,"date":"2025-07-11T16:38:36","date_gmt":"2025-07-11T13:38:36","guid":{"rendered":"https:\/\/demo8.ecube.lv\/sezona.lv\/products\/gsi-outdoor-trauku-komplekts-glacier-stainless-camper\/"},"modified":"2025-07-14T15:24:46","modified_gmt":"2025-07-14T12:24:46","slug":"gsi-outdoor-trauku-komplekts-glacier-stainless-camper","status":"publish","type":"product","link":"https:\/\/sezona.lv\/en\/products\/gsi-outdoor-trauku-komplekts-glacier-stainless-camper\/","title":{"rendered":"GSI Outdoor Trauku komplekts Glacier Stainless Camper"},"content":{"rendered":"<p>Kompakts dizains, kuru iesp\u0113jams konfigur\u0113t no 2 cilv\u0113ku p\u0101rg\u0101jiena  l\u012bdz 4 cilv\u0113ku auto kempinam.&nbsp; Viss komplekts iepakojams iztur\u012bg\u0101  maisi\u0146\u0101, kas izmantojams ar\u012b k\u0101 izlietne. Visi galda piederumi ir  mar\u0137\u0113ti ar k\u0101du no \u010detr\u0101m kr\u0101s\u0101m, nodro&scaron;inot katram ce\u013cot\u0101jam  personaliz\u0113tu komplektu. Katla un pannas rokturis ir no\u0146emams, kompaktai  uzglab\u0101&scaron;anai. Katla v\u0101k\u0101 ir integr\u0113ti caurumi, liek\u0101 &scaron;\u0137idruma  nok\u0101&scaron;anai. Katlu var likt uz ugunskura, ta\u010du rokturi nedr\u012bkst likt zem  atkl\u0101tas liesmas.<\/p>\n<h4>Specifik\u0101cija:<\/h4>\n<table style=\"height: 86px\" border=\"0\" width=\"567\">\n<tbody>\n<tr>\n<td><strong>Personu skaits:<\/strong><\/td>\n<td>4<\/td>\n<\/tr>\n<tr>\n<td><strong>Svars:<\/strong><\/td>\n<td>1610 grami<\/td>\n<\/tr>\n<tr>\n<td><strong>Izm\u0113ri sapakotam:<\/strong><\/td>\n<td>216 x 216 x 132 mm<\/td>\n<\/tr>\n<tr>\n<td><strong>Komplekt\u0101:<\/strong><\/td>\n<td>soma \/ izlietne, rokturis, 3L katls, 2L katls, 4 b\u013codas, 4 kr\u016bzes, 4 kr\u016b\u017eu v\u0101ci\u0146i, katla v\u0101ks ar sieti\u0146u, 4 &scaron;\u0137\u012bvji panna<\/td>\n<\/tr>\n<tr>\n<td><strong>Materi\u0101ls:<\/strong><\/td>\n<td>Infinity clear polypropylene, stainless steel, Glacier Stainless<\/td>\n<\/tr>\n<\/tbody>\n<\/table>\n","protected":false},"excerpt":{"rendered":"<p>Kompakts dizains, kuru iesp\u0113jams konfigur\u0113t no 2 cilv\u0113ku p\u0101rg\u0101jiena l\u012bdz 4 cilv\u0113ku auto kempinam.&nbsp; Viss komplekts iepakojams iztur\u012bg\u0101 maisi\u0146\u0101, kas izmantojams ar\u012b k\u0101 izlietne. Visi galda piederumi ir mar\u0137\u0113ti ar k\u0101du no \u010detr\u0101m kr\u0101s\u0101m, nodro&scaron;inot katram ce\u013cot\u0101jam personaliz\u0113tu komplektu. Katla un pannas rokturis ir no\u0146emams, kompaktai uzglab\u0101&scaron;anai. Katla v\u0101k\u0101 ir integr\u0113ti caurumi, liek\u0101 &scaron;\u0137idruma nok\u0101&scaron;anai. [&hellip;]<\/p>\n","protected":false},"featured_media":70041,"template":"","meta":[],"product_brand":[959],"product_cat":[4558,4571,4730],"product_tag":[],"class_list":{"0":"post-78479","1":"product","2":"type-product","3":"status-publish","4":"has-post-thumbnail","6":"product_brand-gsi-outdoors","7":"product_cat-for-tourism-recreation","8":"product_cat-dishes-knives-folding-tables-for-tourism-recreation","9":"product_cat-pots-and-pans-dishes-knives-folding-tables-for-tourism-recreation","11":"first","12":"instock","13":"shipping-taxable","14":"purchasable","15":"product-type-simple"},"_links":{"self":[{"href":"https:\/\/sezona.lv\/en\/wp-json\/wp\/v2\/product\/78479","targetHints":{"allow":["GET"]}}],"collection":[{"href":"https:\/\/sezona.lv\/en\/wp-json\/wp\/v2\/product"}],"about":[{"href":"https:\/\/sezona.lv\/en\/wp-json\/wp\/v2\/types\/product"}],"wp:featuredmedia":[{"embeddable":true,"href":"https:\/\/sezona.lv\/en\/wp-json\/wp\/v2\/media\/70041"}],"wp:attachment":[{"href":"https:\/\/sezona.lv\/en\/wp-json\/wp\/v2\/media?parent=78479"}],"wp:term":[{"taxonomy":"product_brand","embeddable":true,"href":"https:\/\/sezona.lv\/en\/wp-json\/wp\/v2\/product_brand?post=78479"},{"taxonomy":"product_cat","embeddable":true,"href":"https:\/\/sezona.lv\/en\/wp-json\/wp\/v2\/product_cat?post=78479"},{"taxonomy":"product_tag","embeddable":true,"href":"https:\/\/sezona.lv\/en\/wp-json\/wp\/v2\/product_tag?post=78479"}],"curies":[{"name":"wp","href":"https:\/\/api.w.org\/{rel}","templated":true}]}}