{"id":78480,"date":"2025-07-14T15:24:47","date_gmt":"2025-07-14T12:24:47","guid":{"rendered":"https:\/\/demo8.ecube.lv\/sezona.lv\/products\/gsi-outdoors-katls-glacier-stainless-1-1-l-boiler\/"},"modified":"2025-07-14T15:24:47","modified_gmt":"2025-07-14T12:24:47","slug":"gsi-outdoors-katls-glacier-stainless-1-1-l-boiler","status":"publish","type":"product","link":"https:\/\/sezona.lv\/en\/products\/gsi-outdoors-katls-glacier-stainless-1-1-l-boiler\/","title":{"rendered":"GSI Outdoors Katls Glacier Stainless 1,1 L Boiler"},"content":{"rendered":"<p>Glacier Stainless Boiler ir ultra viegls, ner\u016bs\u0113jo&scaron;\u0101 t\u0113rauda 1.1L  katli\u0146&scaron;, piem\u0113rots gatavo&scaron;anai uz ogl\u0113m, baloniem vai ugunskuriem.  Iek&scaron;pus\u0113, viegli salas\u0101ma tilpuma skala. \u0112rts, salok\u0101m rokturis. Katli\u0146\u0101  var ievietot 110\/230 gramu baloni\u0146u un degli (nav iek\u013cauti komplekt\u0101).<\/p>\n<h4>Specifik\u0101cija:<\/h4>\n<table style=\"height: 86px\" border=\"0\" width=\"570\">\n<tbody>\n<tr>\n<td><strong>Tilpums:<\/strong><\/td>\n<td>1.1 L<\/td>\n<\/tr>\n<tr>\n<td><strong>Svars:<\/strong><\/td>\n<td>342 grami<\/td>\n<\/tr>\n<tr>\n<td><strong>Izm\u0113ri:<\/strong><\/td>\n<td>130 x 121 x 125 mm<\/td>\n<\/tr>\n<tr>\n<td><strong>Komplekt\u0101cij\u0101:<\/strong><\/td>\n<td>1.1 L katli\u0146&scaron;, v\u0101ci\u0146&scaron; un maisi\u0146&scaron; uzglab\u0101&scaron;anai<\/td>\n<\/tr>\n<\/tbody>\n<\/table>\n","protected":false},"excerpt":{"rendered":"<p>Glacier Stainless Boiler ir ultra viegls, ner\u016bs\u0113jo&scaron;\u0101 t\u0113rauda 1.1L katli\u0146&scaron;, piem\u0113rots gatavo&scaron;anai uz ogl\u0113m, baloniem vai ugunskuriem. Iek&scaron;pus\u0113, viegli salas\u0101ma tilpuma skala. \u0112rts, salok\u0101m rokturis. Katli\u0146\u0101 var ievietot 110\/230 gramu baloni\u0146u un degli (nav iek\u013cauti komplekt\u0101). Specifik\u0101cija: Tilpums: 1.1 L Svars: 342 grami Izm\u0113ri: 130 x 121 x 125 mm Komplekt\u0101cij\u0101: 1.1 L katli\u0146&scaron;, v\u0101ci\u0146&scaron; [&hellip;]<\/p>\n","protected":false},"featured_media":0,"template":"","meta":[],"product_brand":[959],"product_cat":[4558,4571,4640,4730],"product_tag":[],"class_list":{"0":"post-78480","1":"product","2":"type-product","3":"status-publish","5":"product_brand-gsi-outdoors","6":"product_cat-for-tourism-recreation","7":"product_cat-dishes-knives-folding-tables-for-tourism-recreation","8":"product_cat-recreation","9":"product_cat-pots-and-pans-dishes-knives-folding-tables-for-tourism-recreation","11":"first","12":"instock","13":"shipping-taxable","14":"purchasable","15":"product-type-simple"},"_links":{"self":[{"href":"https:\/\/sezona.lv\/en\/wp-json\/wp\/v2\/product\/78480","targetHints":{"allow":["GET"]}}],"collection":[{"href":"https:\/\/sezona.lv\/en\/wp-json\/wp\/v2\/product"}],"about":[{"href":"https:\/\/sezona.lv\/en\/wp-json\/wp\/v2\/types\/product"}],"wp:attachment":[{"href":"https:\/\/sezona.lv\/en\/wp-json\/wp\/v2\/media?parent=78480"}],"wp:term":[{"taxonomy":"product_brand","embeddable":true,"href":"https:\/\/sezona.lv\/en\/wp-json\/wp\/v2\/product_brand?post=78480"},{"taxonomy":"product_cat","embeddable":true,"href":"https:\/\/sezona.lv\/en\/wp-json\/wp\/v2\/product_cat?post=78480"},{"taxonomy":"product_tag","embeddable":true,"href":"https:\/\/sezona.lv\/en\/wp-json\/wp\/v2\/product_tag?post=78480"}],"curies":[{"name":"wp","href":"https:\/\/api.w.org\/{rel}","templated":true}]}}