{"id":78481,"date":"2025-07-14T15:24:48","date_gmt":"2025-07-14T12:24:48","guid":{"rendered":"https:\/\/demo8.ecube.lv\/sezona.lv\/products\/gsi-outdoors-kafijas-aparats-mini-espresso-set-4-cup\/"},"modified":"2025-07-14T15:24:48","modified_gmt":"2025-07-14T12:24:48","slug":"gsi-outdoors-kafijas-aparats-mini-espresso-set-4-cup","status":"publish","type":"product","link":"https:\/\/sezona.lv\/en\/products\/gsi-outdoors-kafijas-aparats-mini-espresso-set-4-cup\/","title":{"rendered":"GSI Outdoors Kafijas apar\u0101ts Mini Espresso Set 4 cup"},"content":{"rendered":"<p>Viegls un p\u0101rn\u0113s\u0101jams kafijas apar\u0101ts. Iztur\u012bgs un v<span id=\"result_box\" lang=\"lv\"><span>ienk\u0101r&scaron;s  dizains, kas ir \u012bpa&scaron;i viegli lietojams. P\u0101ris min\u016b&scaron;u laik\u0101 uzv\u0101r\u012bs  lielisku espresso. Komplekt\u0101 iek\u013cauta kr\u016bze ar dubulto sieni\u0146u.  Iepakots, kompakt\u0101 somi\u0146\u0101. <\/span><\/span><\/p>\n<h4><span lang=\"lv\"><span>Specifik\u0101cija:<\/span><\/span><\/h4>\n<table style=\"height: 107px\" border=\"0\" width=\"570\">\n<tbody>\n<tr>\n<td><strong>Tilpums:<\/strong><\/td>\n<td>295 ml<\/td>\n<\/tr>\n<tr>\n<td><strong>Svars:<\/strong><\/td>\n<td>635 grami<\/td>\n<\/tr>\n<tr>\n<td><strong>Izm\u0113ri:<\/strong><\/td>\n<td>294 x 190 x 51 mm<\/td>\n<\/tr>\n<tr>\n<td><strong>Komplekt\u0101cij\u0101:<\/strong><\/td>\n<td>Kafijas apar\u0101ts, kr\u016bz\u012bte, somi\u0146a<\/td>\n<\/tr>\n<\/tbody>\n<\/table>\n","protected":false},"excerpt":{"rendered":"<p>Viegls un p\u0101rn\u0113s\u0101jams kafijas apar\u0101ts. Iztur\u012bgs un vienk\u0101r&scaron;s dizains, kas ir \u012bpa&scaron;i viegli lietojams. P\u0101ris min\u016b&scaron;u laik\u0101 uzv\u0101r\u012bs lielisku espresso. Komplekt\u0101 iek\u013cauta kr\u016bze ar dubulto sieni\u0146u. Iepakots, kompakt\u0101 somi\u0146\u0101. Specifik\u0101cija: Tilpums: 295 ml Svars: 635 grami Izm\u0113ri: 294 x 190 x 51 mm Komplekt\u0101cij\u0101: Kafijas apar\u0101ts, kr\u016bz\u012bte, somi\u0146a<\/p>\n","protected":false},"featured_media":0,"template":"","meta":[],"product_brand":[959],"product_cat":[4558,4571,4640,4730],"product_tag":[],"class_list":{"0":"post-78481","1":"product","2":"type-product","3":"status-publish","5":"product_brand-gsi-outdoors","6":"product_cat-for-tourism-recreation","7":"product_cat-dishes-knives-folding-tables-for-tourism-recreation","8":"product_cat-recreation","9":"product_cat-pots-and-pans-dishes-knives-folding-tables-for-tourism-recreation","11":"first","12":"instock","13":"shipping-taxable","14":"purchasable","15":"product-type-simple"},"_links":{"self":[{"href":"https:\/\/sezona.lv\/en\/wp-json\/wp\/v2\/product\/78481","targetHints":{"allow":["GET"]}}],"collection":[{"href":"https:\/\/sezona.lv\/en\/wp-json\/wp\/v2\/product"}],"about":[{"href":"https:\/\/sezona.lv\/en\/wp-json\/wp\/v2\/types\/product"}],"wp:attachment":[{"href":"https:\/\/sezona.lv\/en\/wp-json\/wp\/v2\/media?parent=78481"}],"wp:term":[{"taxonomy":"product_brand","embeddable":true,"href":"https:\/\/sezona.lv\/en\/wp-json\/wp\/v2\/product_brand?post=78481"},{"taxonomy":"product_cat","embeddable":true,"href":"https:\/\/sezona.lv\/en\/wp-json\/wp\/v2\/product_cat?post=78481"},{"taxonomy":"product_tag","embeddable":true,"href":"https:\/\/sezona.lv\/en\/wp-json\/wp\/v2\/product_tag?post=78481"}],"curies":[{"name":"wp","href":"https:\/\/api.w.org\/{rel}","templated":true}]}}