{"id":78482,"date":"2025-07-14T15:24:49","date_gmt":"2025-07-14T12:24:49","guid":{"rendered":"https:\/\/demo8.ecube.lv\/sezona.lv\/products\/gsi-outdoors-tejkanna-glacier-stainless-8-cup-perc-1-2l\/"},"modified":"2025-07-14T15:24:49","modified_gmt":"2025-07-14T12:24:49","slug":"gsi-outdoors-tejkanna-glacier-stainless-8-cup-perc-1-2l","status":"publish","type":"product","link":"https:\/\/sezona.lv\/en\/products\/gsi-outdoors-tejkanna-glacier-stainless-8-cup-perc-1-2l\/","title":{"rendered":"GSI Outdoors T\u0113jkanna Glacier Stainless 8 Cup Perc 1,2L"},"content":{"rendered":"<p>Neizn\u012bcin\u0101ms kafijas perkulators- katra outd\u014drista\/baristas sapnis.<\/p>\n<div class=\"rte\">\n<p>&Scaron;is t\u0113rauda kafijas perkulators ir k\u0101 rad\u012bts,  lai&nbsp;iztur\u0113tu \u012bpa&scaron;i skarbos, Rembo cien\u012bgos piedz\u012bvojumus, kuriem seko  laiska kafijas v\u0101r\u012b&scaron;ana ugunskura ogl\u0113s. Cik stipru? T\u0101s &#8220;stipr\u012bbu&#8221;  var\u0113si redz\u0113t caursp\u012bd\u012bgaj\u0101 kor\u0137\u012bt\u012b. Kaut vai tik melnu, ka Cietais  Rieksts neaizv\u0113rs acis l\u012bdz n\u0101kamai apokalipsei!<\/p>\n<h4>Specifik\u0101cija:<\/h4>\n<p><strong>Svars:<\/strong> 860 g<br \/><strong>Tilpums:<\/strong>&nbsp;1,8 l<br \/><strong>Materi\u0101ls:<\/strong> ner\u016bs\u0113jo&scaron;ais t\u0113rauds<\/p>\n<\/div>\n","protected":false},"excerpt":{"rendered":"<p>Neizn\u012bcin\u0101ms kafijas perkulators- katra outd\u014drista\/baristas sapnis. &Scaron;is t\u0113rauda kafijas perkulators ir k\u0101 rad\u012bts, lai&nbsp;iztur\u0113tu \u012bpa&scaron;i skarbos, Rembo cien\u012bgos piedz\u012bvojumus, kuriem seko laiska kafijas v\u0101r\u012b&scaron;ana ugunskura ogl\u0113s. Cik stipru? T\u0101s &#8220;stipr\u012bbu&#8221; var\u0113si redz\u0113t caursp\u012bd\u012bgaj\u0101 kor\u0137\u012bt\u012b. Kaut vai tik melnu, ka Cietais Rieksts neaizv\u0113rs acis l\u012bdz n\u0101kamai apokalipsei! Specifik\u0101cija: Svars: 860 gTilpums:&nbsp;1,8 lMateri\u0101ls: ner\u016bs\u0113jo&scaron;ais t\u0113rauds<\/p>\n","protected":false},"featured_media":0,"template":"","meta":[],"product_brand":[959],"product_cat":[4558,4571,4640,4730],"product_tag":[],"class_list":{"0":"post-78482","1":"product","2":"type-product","3":"status-publish","5":"product_brand-gsi-outdoors","6":"product_cat-for-tourism-recreation","7":"product_cat-dishes-knives-folding-tables-for-tourism-recreation","8":"product_cat-recreation","9":"product_cat-pots-and-pans-dishes-knives-folding-tables-for-tourism-recreation","11":"first","12":"instock","13":"shipping-taxable","14":"purchasable","15":"product-type-simple"},"_links":{"self":[{"href":"https:\/\/sezona.lv\/en\/wp-json\/wp\/v2\/product\/78482","targetHints":{"allow":["GET"]}}],"collection":[{"href":"https:\/\/sezona.lv\/en\/wp-json\/wp\/v2\/product"}],"about":[{"href":"https:\/\/sezona.lv\/en\/wp-json\/wp\/v2\/types\/product"}],"wp:attachment":[{"href":"https:\/\/sezona.lv\/en\/wp-json\/wp\/v2\/media?parent=78482"}],"wp:term":[{"taxonomy":"product_brand","embeddable":true,"href":"https:\/\/sezona.lv\/en\/wp-json\/wp\/v2\/product_brand?post=78482"},{"taxonomy":"product_cat","embeddable":true,"href":"https:\/\/sezona.lv\/en\/wp-json\/wp\/v2\/product_cat?post=78482"},{"taxonomy":"product_tag","embeddable":true,"href":"https:\/\/sezona.lv\/en\/wp-json\/wp\/v2\/product_tag?post=78482"}],"curies":[{"name":"wp","href":"https:\/\/api.w.org\/{rel}","templated":true}]}}