{"id":78483,"date":"2025-07-14T15:24:50","date_gmt":"2025-07-14T12:24:50","guid":{"rendered":"https:\/\/demo8.ecube.lv\/sezona.lv\/products\/gsi-outdoors-tejkanna-6-cup-coffee-pot-1-4l\/"},"modified":"2025-07-14T15:24:50","modified_gmt":"2025-07-14T12:24:50","slug":"gsi-outdoors-tejkanna-6-cup-coffee-pot-1-4l","status":"publish","type":"product","link":"https:\/\/sezona.lv\/en\/products\/gsi-outdoors-tejkanna-6-cup-coffee-pot-1-4l\/","title":{"rendered":"GSI Outdoors T\u0113jkanna 6 Cup Coffee Pot 1,4L"},"content":{"rendered":"<p>Klasisk\u0101 dizaina kafijas kannas atdzim&scaron;ana!<\/p>\n<div class=\"rte\">\n<p>Tiem, kas noilgoju&scaron;ies p\u0113c vec\u0101s lab\u0101s emalj\u0113t\u0101s  kafijas kannas burbu\u013co&scaron;anas, izdalot pat\u012bkamo kafijas arom\u0101tu istab\u0101,  kemper\u012b vai me\u017ea ielok\u0101 uz g\u0101zes pl\u012bts, deg\u013ca vai ugunskura ogl\u0113m&#8230;<\/p>\n<h4>Specifik\u0101cija:<\/h4>\n<p><strong>Materi\u0101ls:<\/strong> Emalj\u0113ts t\u0113rauds<br \/><strong>Tilpums:<\/strong> 1,4 l<br \/><strong>Svars:<\/strong> 414 g<\/p>\n<\/div>\n","protected":false},"excerpt":{"rendered":"<p>Klasisk\u0101 dizaina kafijas kannas atdzim&scaron;ana! Tiem, kas noilgoju&scaron;ies p\u0113c vec\u0101s lab\u0101s emalj\u0113t\u0101s kafijas kannas burbu\u013co&scaron;anas, izdalot pat\u012bkamo kafijas arom\u0101tu istab\u0101, kemper\u012b vai me\u017ea ielok\u0101 uz g\u0101zes pl\u012bts, deg\u013ca vai ugunskura ogl\u0113m&#8230; Specifik\u0101cija: Materi\u0101ls: Emalj\u0113ts t\u0113raudsTilpums: 1,4 lSvars: 414 g<\/p>\n","protected":false},"featured_media":0,"template":"","meta":[],"product_brand":[959],"product_cat":[4558,4571,4640,4730],"product_tag":[],"class_list":{"0":"post-78483","1":"product","2":"type-product","3":"status-publish","5":"product_brand-gsi-outdoors","6":"product_cat-for-tourism-recreation","7":"product_cat-dishes-knives-folding-tables-for-tourism-recreation","8":"product_cat-recreation","9":"product_cat-pots-and-pans-dishes-knives-folding-tables-for-tourism-recreation","11":"first","12":"instock","13":"shipping-taxable","14":"purchasable","15":"product-type-simple"},"_links":{"self":[{"href":"https:\/\/sezona.lv\/en\/wp-json\/wp\/v2\/product\/78483","targetHints":{"allow":["GET"]}}],"collection":[{"href":"https:\/\/sezona.lv\/en\/wp-json\/wp\/v2\/product"}],"about":[{"href":"https:\/\/sezona.lv\/en\/wp-json\/wp\/v2\/types\/product"}],"wp:attachment":[{"href":"https:\/\/sezona.lv\/en\/wp-json\/wp\/v2\/media?parent=78483"}],"wp:term":[{"taxonomy":"product_brand","embeddable":true,"href":"https:\/\/sezona.lv\/en\/wp-json\/wp\/v2\/product_brand?post=78483"},{"taxonomy":"product_cat","embeddable":true,"href":"https:\/\/sezona.lv\/en\/wp-json\/wp\/v2\/product_cat?post=78483"},{"taxonomy":"product_tag","embeddable":true,"href":"https:\/\/sezona.lv\/en\/wp-json\/wp\/v2\/product_tag?post=78483"}],"curies":[{"name":"wp","href":"https:\/\/api.w.org\/{rel}","templated":true}]}}