{"id":78484,"date":"2025-07-14T15:24:51","date_gmt":"2025-07-14T12:24:51","guid":{"rendered":"https:\/\/demo8.ecube.lv\/sezona.lv\/products\/gsi-outdoors-tejkanna-halulite-1-8qt-tea-kettle\/"},"modified":"2025-07-14T15:24:51","modified_gmt":"2025-07-14T12:24:51","slug":"gsi-outdoors-tejkanna-halulite-1-8qt-tea-kettle","status":"publish","type":"product","link":"https:\/\/sezona.lv\/en\/products\/gsi-outdoors-tejkanna-halulite-1-8qt-tea-kettle\/","title":{"rendered":"GSI Outdoors T\u0113jkanna Halulite 1,8QT Tea Kettle"},"content":{"rendered":"<p>Ietilp\u012bga p\u0101rg\u0101jienu t\u0113jkanna, kas padzird\u012bs ar t\u0113ju vismaz \u010detrus cilv\u0113kus.<\/p>\n<div class=\"rte\">\n<p>\u012apa&scaron;i viegla un ietilp\u012bga t\u0113jkanna, kuras v\u0101ka  atv\u0113rums ir tie&scaron;i tik liels, lai t\u0113jkann\u0101 var\u0113tu ievietot g\u0101zes balonu  un degli, l\u012bdz ar to visa virtuve ir kompakta. Viegli nolok\u0101ms rokturis  un nepilo&scaron;s &scaron;\u0146ub\u012btis ir it k\u0101 s\u012bkumi, bet noz\u012bm\u012bgi!<\/p>\n<h4>Specifik\u0101cija:<\/h4>\n<p><strong>Tilpums:<\/strong> 1,7 l<br \/><strong>Svars:<\/strong> 246 g<br \/><strong>Izm\u0113rs:<\/strong> 17 x 14 cm<br \/><strong>Materi\u0101ls:<\/strong> Anodiz\u0113ts alum\u012bnija sakaus\u0113jums<\/p>\n<\/div>\n","protected":false},"excerpt":{"rendered":"<p>Ietilp\u012bga p\u0101rg\u0101jienu t\u0113jkanna, kas padzird\u012bs ar t\u0113ju vismaz \u010detrus cilv\u0113kus. \u012apa&scaron;i viegla un ietilp\u012bga t\u0113jkanna, kuras v\u0101ka atv\u0113rums ir tie&scaron;i tik liels, lai t\u0113jkann\u0101 var\u0113tu ievietot g\u0101zes balonu un degli, l\u012bdz ar to visa virtuve ir kompakta. Viegli nolok\u0101ms rokturis un nepilo&scaron;s &scaron;\u0146ub\u012btis ir it k\u0101 s\u012bkumi, bet noz\u012bm\u012bgi! Specifik\u0101cija: Tilpums: 1,7 lSvars: 246 gIzm\u0113rs: [&hellip;]<\/p>\n","protected":false},"featured_media":0,"template":"","meta":[],"product_brand":[959],"product_cat":[4558,4571,4640,4730],"product_tag":[],"class_list":{"0":"post-78484","1":"product","2":"type-product","3":"status-publish","5":"product_brand-gsi-outdoors","6":"product_cat-for-tourism-recreation","7":"product_cat-dishes-knives-folding-tables-for-tourism-recreation","8":"product_cat-recreation","9":"product_cat-pots-and-pans-dishes-knives-folding-tables-for-tourism-recreation","11":"first","12":"instock","13":"shipping-taxable","14":"purchasable","15":"product-type-simple"},"_links":{"self":[{"href":"https:\/\/sezona.lv\/en\/wp-json\/wp\/v2\/product\/78484","targetHints":{"allow":["GET"]}}],"collection":[{"href":"https:\/\/sezona.lv\/en\/wp-json\/wp\/v2\/product"}],"about":[{"href":"https:\/\/sezona.lv\/en\/wp-json\/wp\/v2\/types\/product"}],"wp:attachment":[{"href":"https:\/\/sezona.lv\/en\/wp-json\/wp\/v2\/media?parent=78484"}],"wp:term":[{"taxonomy":"product_brand","embeddable":true,"href":"https:\/\/sezona.lv\/en\/wp-json\/wp\/v2\/product_brand?post=78484"},{"taxonomy":"product_cat","embeddable":true,"href":"https:\/\/sezona.lv\/en\/wp-json\/wp\/v2\/product_cat?post=78484"},{"taxonomy":"product_tag","embeddable":true,"href":"https:\/\/sezona.lv\/en\/wp-json\/wp\/v2\/product_tag?post=78484"}],"curies":[{"name":"wp","href":"https:\/\/api.w.org\/{rel}","templated":true}]}}