{"id":78485,"date":"2025-07-11T16:38:44","date_gmt":"2025-07-11T13:38:44","guid":{"rendered":"https:\/\/demo8.ecube.lv\/sezona.lv\/products\/gsi-outdoors-panna-gourment-stailess-steel-8-frypan\/"},"modified":"2025-07-14T15:24:52","modified_gmt":"2025-07-14T12:24:52","slug":"gsi-outdoors-panna-gourment-stailess-steel-8-frypan","status":"publish","type":"product","link":"https:\/\/sezona.lv\/en\/products\/gsi-outdoors-panna-gourment-stailess-steel-8-frypan\/","title":{"rendered":"GSI Outdoors Panna Gourment Stailess Steel 8&#8243; Frypan"},"content":{"rendered":"<p>Neliela, bet lieliska panna perfektai omletei.<\/p>\n<div class=\"rte\">\n<p>Pann\u0101 apvienotas divu met\u0101lu lab\u0101k\u0101s \u012bpa&scaron;\u012bbas-  ner\u016bs\u0113jo&scaron;\u0101 t\u0113rauda sp\u0113ja ner\u016bs\u0113t un meh\u0101nisk\u0101 iztur\u012bba, k\u0101 ar\u012b alum\u012bja  serde \u0101tr\u0101kai sasil&scaron;anai un siltuma vienm\u0113r\u012bgai izdalei pa visu pannas  virsmu. Nolok\u0101mais rokturis \u013caus somu \u0113rt\u0101k ievietot p\u0101rg\u0101jiena som\u0101. Ar  l\u0101zeru apstr\u0101d\u0101ta cepam\u0101 da\u013ca ne\u013caus piedegt \u0113dienam, k\u0101 ar\u012b atvieglos  mazg\u0101&scaron;anu.<\/p>\n<h4>Specifik\u0101cija:<\/h4>\n<p><strong>Diametrs:<\/strong>&nbsp;20 cm, malu pac\u0113lums 6 cm<br \/><strong>Svars:<\/strong>&nbsp;501 g<br \/><strong>Materi\u0101ls:<\/strong>&nbsp;Ner\u016bs\u0113jo&scaron;ais t\u0113rauds ar l\u0101zera apstr\u0101di, alum\u012bnijs<\/p>\n<h4>Raksturojums:<\/h4>\n<ul>\n<li>Nepiedego&scaron;a virsma<\/li>\n<li>Nolok\u0101ms rokturis<\/li>\n<li>\u0100tri un vienm\u0113r\u012bgi uzsilsto&scaron;a<\/li>\n<\/ul>\n<\/div>\n","protected":false},"excerpt":{"rendered":"<p>Neliela, bet lieliska panna perfektai omletei. Pann\u0101 apvienotas divu met\u0101lu lab\u0101k\u0101s \u012bpa&scaron;\u012bbas- ner\u016bs\u0113jo&scaron;\u0101 t\u0113rauda sp\u0113ja ner\u016bs\u0113t un meh\u0101nisk\u0101 iztur\u012bba, k\u0101 ar\u012b alum\u012bja serde \u0101tr\u0101kai sasil&scaron;anai un siltuma vienm\u0113r\u012bgai izdalei pa visu pannas virsmu. Nolok\u0101mais rokturis \u013caus somu \u0113rt\u0101k ievietot p\u0101rg\u0101jiena som\u0101. Ar l\u0101zeru apstr\u0101d\u0101ta cepam\u0101 da\u013ca ne\u013caus piedegt \u0113dienam, k\u0101 ar\u012b atvieglos mazg\u0101&scaron;anu. Specifik\u0101cija: Diametrs:&nbsp;20 [&hellip;]<\/p>\n","protected":false},"featured_media":70075,"template":"","meta":[],"product_brand":[959],"product_cat":[4558,4571,4730],"product_tag":[],"class_list":{"0":"post-78485","1":"product","2":"type-product","3":"status-publish","4":"has-post-thumbnail","6":"product_brand-gsi-outdoors","7":"product_cat-for-tourism-recreation","8":"product_cat-dishes-knives-folding-tables-for-tourism-recreation","9":"product_cat-pots-and-pans-dishes-knives-folding-tables-for-tourism-recreation","11":"first","12":"instock","13":"shipping-taxable","14":"purchasable","15":"product-type-simple"},"_links":{"self":[{"href":"https:\/\/sezona.lv\/en\/wp-json\/wp\/v2\/product\/78485","targetHints":{"allow":["GET"]}}],"collection":[{"href":"https:\/\/sezona.lv\/en\/wp-json\/wp\/v2\/product"}],"about":[{"href":"https:\/\/sezona.lv\/en\/wp-json\/wp\/v2\/types\/product"}],"wp:featuredmedia":[{"embeddable":true,"href":"https:\/\/sezona.lv\/en\/wp-json\/wp\/v2\/media\/70075"}],"wp:attachment":[{"href":"https:\/\/sezona.lv\/en\/wp-json\/wp\/v2\/media?parent=78485"}],"wp:term":[{"taxonomy":"product_brand","embeddable":true,"href":"https:\/\/sezona.lv\/en\/wp-json\/wp\/v2\/product_brand?post=78485"},{"taxonomy":"product_cat","embeddable":true,"href":"https:\/\/sezona.lv\/en\/wp-json\/wp\/v2\/product_cat?post=78485"},{"taxonomy":"product_tag","embeddable":true,"href":"https:\/\/sezona.lv\/en\/wp-json\/wp\/v2\/product_tag?post=78485"}],"curies":[{"name":"wp","href":"https:\/\/api.w.org\/{rel}","templated":true}]}}