{"id":78487,"date":"2025-07-14T15:24:54","date_gmt":"2025-07-14T12:24:54","guid":{"rendered":"https:\/\/demo8.ecube.lv\/sezona.lv\/products\/gsi-outdoors-kafijas-aparats-glacier-stainless-6-cup\/"},"modified":"2025-07-14T15:24:54","modified_gmt":"2025-07-14T12:24:54","slug":"gsi-outdoors-kafijas-aparats-glacier-stainless-6-cup","status":"publish","type":"product","link":"https:\/\/sezona.lv\/en\/products\/gsi-outdoors-kafijas-aparats-glacier-stainless-6-cup\/","title":{"rendered":"GSI Outdoors Kafijas apar\u0101ts Glacier Stainless 6 Cup"},"content":{"rendered":"<div class=\"rte\">\n<p>\u0112rta kafijas kanni\u0146a, kas ir izgatavota no  ner\u016bs\u0113jo&scaron;\u0101 t\u0113rauda. V\u0101rot kafiju kanni\u0146\u0101, t\u0101 saglab\u0101s to bez nos\u0113dumiem  un J\u016bs var\u0113siet baud\u012bt gardu kafiju. Nesl\u012bdo&scaron;s silikona rokturis.<\/p>\n<h4>Specifik\u0101cija:<\/h4>\n<p><strong>Materi\u0101ls:<\/strong> Ner\u016bs\u0113jo&scaron;ais t\u0113rauds <br \/><strong>Tilpums:<\/strong> 6&nbsp; tas\u012btes <br \/><strong>Svars:<\/strong> 570 grami<br \/><strong>Izm\u0113rs:<\/strong> 203 mm x 124 mm x 162 mm<\/p>\n<\/div>\n","protected":false},"excerpt":{"rendered":"<p>\u0112rta kafijas kanni\u0146a, kas ir izgatavota no ner\u016bs\u0113jo&scaron;\u0101 t\u0113rauda. V\u0101rot kafiju kanni\u0146\u0101, t\u0101 saglab\u0101s to bez nos\u0113dumiem un J\u016bs var\u0113siet baud\u012bt gardu kafiju. Nesl\u012bdo&scaron;s silikona rokturis. Specifik\u0101cija: Materi\u0101ls: Ner\u016bs\u0113jo&scaron;ais t\u0113rauds Tilpums: 6&nbsp; tas\u012btes Svars: 570 gramiIzm\u0113rs: 203 mm x 124 mm x 162 mm<\/p>\n","protected":false},"featured_media":0,"template":"","meta":[],"product_brand":[959],"product_cat":[4558,4571,4640,4730],"product_tag":[],"class_list":{"0":"post-78487","1":"product","2":"type-product","3":"status-publish","5":"product_brand-gsi-outdoors","6":"product_cat-for-tourism-recreation","7":"product_cat-dishes-knives-folding-tables-for-tourism-recreation","8":"product_cat-recreation","9":"product_cat-pots-and-pans-dishes-knives-folding-tables-for-tourism-recreation","11":"first","12":"instock","13":"shipping-taxable","14":"purchasable","15":"product-type-simple"},"_links":{"self":[{"href":"https:\/\/sezona.lv\/en\/wp-json\/wp\/v2\/product\/78487","targetHints":{"allow":["GET"]}}],"collection":[{"href":"https:\/\/sezona.lv\/en\/wp-json\/wp\/v2\/product"}],"about":[{"href":"https:\/\/sezona.lv\/en\/wp-json\/wp\/v2\/types\/product"}],"wp:attachment":[{"href":"https:\/\/sezona.lv\/en\/wp-json\/wp\/v2\/media?parent=78487"}],"wp:term":[{"taxonomy":"product_brand","embeddable":true,"href":"https:\/\/sezona.lv\/en\/wp-json\/wp\/v2\/product_brand?post=78487"},{"taxonomy":"product_cat","embeddable":true,"href":"https:\/\/sezona.lv\/en\/wp-json\/wp\/v2\/product_cat?post=78487"},{"taxonomy":"product_tag","embeddable":true,"href":"https:\/\/sezona.lv\/en\/wp-json\/wp\/v2\/product_tag?post=78487"}],"curies":[{"name":"wp","href":"https:\/\/api.w.org\/{rel}","templated":true}]}}