{"id":78488,"date":"2025-07-14T15:24:54","date_gmt":"2025-07-14T12:24:54","guid":{"rendered":"https:\/\/demo8.ecube.lv\/sezona.lv\/products\/gsi-outdoors-spiediena-katls-halulite-2-7l-pressure-cooker\/"},"modified":"2025-07-14T15:24:54","modified_gmt":"2025-07-14T12:24:54","slug":"gsi-outdoors-spiediena-katls-halulite-2-7l-pressure-cooker","status":"publish","type":"product","link":"https:\/\/sezona.lv\/en\/products\/gsi-outdoors-spiediena-katls-halulite-2-7l-pressure-cooker\/","title":{"rendered":"GSI Outdoors Spiediena katls Halulite 2,7L Pressure Cooker"},"content":{"rendered":"<div class=\"rte\">\n<p>V\u0113lies \u0101tr\u0101k pagatavot vesel\u012bgu malt\u012bti un samazin\u0101t  pat\u0113r\u0113to ener\u0123iju? Tad GSI Halulite 2,7L Pressure Cooker spiediena  katls ir k\u0101 rad\u012bts Tev. Izgatavots no netoksiska alum\u012bnija ar  anodiz\u0113juma p\u0101rkl\u0101jumu. Tas ir viegls un \u013coti efekt\u012bvs virtuves pal\u012bgs  k\u0101 kemping\u0101, t\u0101 ar\u012b m\u0101j\u0101s. Tas pal\u012bdz\u0113s pagatavot malt\u012bti daudz \u0101tr\u0101k  nek\u0101 v\u0101rot to tradicion\u0101lajos katlos. Turkl\u0101t tas ir dro&scaron;s, jo ir  apr\u012bkots ar tr\u012bspak\u0101pju spiediena aizsardz\u012bbu.<\/p>\n<h4>Specifik\u0101cija:<\/h4>\n<p><strong>Materi\u0101ls:<\/strong> Anodiz\u0113ts alum\u012bnijs<br \/><strong>Tilpums:<\/strong> 2,7 Litri <br \/><strong>Izm\u0113rs:<\/strong> 30 cm x 21 cm x 16 cm<br \/><strong>Svars:<\/strong> 1240 grami<\/p>\n<h4>Raksturojums:<\/h4>\n<ul>\n<li>Aukstas efektivit\u0101tes konstrukcija<\/li>\n<li>Viegls, kompakts un p\u0101rdom\u0101ts dizains<\/li>\n<li>Tr\u012bsk\u0101rt\u012bga spiediena aizsardz\u012bbas sist\u0113ma<\/li>\n<li>Samazina gatavo&scaron;anas laiku l\u012bdz pat 66%<\/li>\n<\/ul>\n<\/div>\n","protected":false},"excerpt":{"rendered":"<p>V\u0113lies \u0101tr\u0101k pagatavot vesel\u012bgu malt\u012bti un samazin\u0101t pat\u0113r\u0113to ener\u0123iju? Tad GSI Halulite 2,7L Pressure Cooker spiediena katls ir k\u0101 rad\u012bts Tev. Izgatavots no netoksiska alum\u012bnija ar anodiz\u0113juma p\u0101rkl\u0101jumu. Tas ir viegls un \u013coti efekt\u012bvs virtuves pal\u012bgs k\u0101 kemping\u0101, t\u0101 ar\u012b m\u0101j\u0101s. Tas pal\u012bdz\u0113s pagatavot malt\u012bti daudz \u0101tr\u0101k nek\u0101 v\u0101rot to tradicion\u0101lajos katlos. Turkl\u0101t tas ir [&hellip;]<\/p>\n","protected":false},"featured_media":0,"template":"","meta":[],"product_brand":[959],"product_cat":[4558,4571,4640,4730],"product_tag":[],"class_list":{"0":"post-78488","1":"product","2":"type-product","3":"status-publish","5":"product_brand-gsi-outdoors","6":"product_cat-for-tourism-recreation","7":"product_cat-dishes-knives-folding-tables-for-tourism-recreation","8":"product_cat-recreation","9":"product_cat-pots-and-pans-dishes-knives-folding-tables-for-tourism-recreation","11":"first","12":"instock","13":"shipping-taxable","14":"purchasable","15":"product-type-simple"},"_links":{"self":[{"href":"https:\/\/sezona.lv\/en\/wp-json\/wp\/v2\/product\/78488","targetHints":{"allow":["GET"]}}],"collection":[{"href":"https:\/\/sezona.lv\/en\/wp-json\/wp\/v2\/product"}],"about":[{"href":"https:\/\/sezona.lv\/en\/wp-json\/wp\/v2\/types\/product"}],"wp:attachment":[{"href":"https:\/\/sezona.lv\/en\/wp-json\/wp\/v2\/media?parent=78488"}],"wp:term":[{"taxonomy":"product_brand","embeddable":true,"href":"https:\/\/sezona.lv\/en\/wp-json\/wp\/v2\/product_brand?post=78488"},{"taxonomy":"product_cat","embeddable":true,"href":"https:\/\/sezona.lv\/en\/wp-json\/wp\/v2\/product_cat?post=78488"},{"taxonomy":"product_tag","embeddable":true,"href":"https:\/\/sezona.lv\/en\/wp-json\/wp\/v2\/product_tag?post=78488"}],"curies":[{"name":"wp","href":"https:\/\/api.w.org\/{rel}","templated":true}]}}