{"id":78490,"date":"2025-07-11T16:38:50","date_gmt":"2025-07-11T13:38:50","guid":{"rendered":"https:\/\/demo8.ecube.lv\/sezona.lv\/products\/gsi-outdoors-kafijas-aparats-1-cup-aluminium-mini-expresso\/"},"modified":"2025-07-14T15:24:56","modified_gmt":"2025-07-14T12:24:56","slug":"gsi-outdoors-kafijas-aparats-1-cup-aluminium-mini-expresso","status":"publish","type":"product","link":"https:\/\/sezona.lv\/en\/products\/gsi-outdoors-kafijas-aparats-1-cup-aluminium-mini-expresso\/","title":{"rendered":"GSI Outdoors Kafijas apar\u0101ts 1 Cup Aluminium Mini Expresso"},"content":{"rendered":"<div class=\"rte\">\n<div class=\"rte\">\n<p>\u0100rk\u0101rt\u012bgi viegli lietojams mini espresso kafijas  apar\u0101ti\u0146&scaron;. &Scaron;is mazais apar\u0101ti\u0146&scaron; nepiln\u0101s 90 sekund\u0113s sp\u0113j uzv\u0101r\u012bt  lielisku dubulto espresso. Kr\u016bze komplekt\u0101 neietilpst!<\/p>\n<h4>Specifik\u0101cija:<\/h4>\n<p><strong>Materi\u0101ls:<\/strong> Aum\u012bnijs <br \/><strong>Tilpums:<\/strong> 236 ml<br \/><strong>Svars:<\/strong> 201 grami<br \/><strong>Izm\u0113rs:<\/strong> 104 mm x 79 mm x 142 mm<\/p>\n<\/div>\n<\/div>\n","protected":false},"excerpt":{"rendered":"<p>\u0100rk\u0101rt\u012bgi viegli lietojams mini espresso kafijas apar\u0101ti\u0146&scaron;. &Scaron;is mazais apar\u0101ti\u0146&scaron; nepiln\u0101s 90 sekund\u0113s sp\u0113j uzv\u0101r\u012bt lielisku dubulto espresso. Kr\u016bze komplekt\u0101 neietilpst! Specifik\u0101cija: Materi\u0101ls: Aum\u012bnijs Tilpums: 236 mlSvars: 201 gramiIzm\u0113rs: 104 mm x 79 mm x 142 mm<\/p>\n","protected":false},"featured_media":70083,"template":"","meta":[],"product_brand":[959],"product_cat":[4558,4571,4730],"product_tag":[],"class_list":{"0":"post-78490","1":"product","2":"type-product","3":"status-publish","4":"has-post-thumbnail","6":"product_brand-gsi-outdoors","7":"product_cat-for-tourism-recreation","8":"product_cat-dishes-knives-folding-tables-for-tourism-recreation","9":"product_cat-pots-and-pans-dishes-knives-folding-tables-for-tourism-recreation","11":"first","12":"instock","13":"shipping-taxable","14":"purchasable","15":"product-type-simple"},"_links":{"self":[{"href":"https:\/\/sezona.lv\/en\/wp-json\/wp\/v2\/product\/78490","targetHints":{"allow":["GET"]}}],"collection":[{"href":"https:\/\/sezona.lv\/en\/wp-json\/wp\/v2\/product"}],"about":[{"href":"https:\/\/sezona.lv\/en\/wp-json\/wp\/v2\/types\/product"}],"wp:featuredmedia":[{"embeddable":true,"href":"https:\/\/sezona.lv\/en\/wp-json\/wp\/v2\/media\/70083"}],"wp:attachment":[{"href":"https:\/\/sezona.lv\/en\/wp-json\/wp\/v2\/media?parent=78490"}],"wp:term":[{"taxonomy":"product_brand","embeddable":true,"href":"https:\/\/sezona.lv\/en\/wp-json\/wp\/v2\/product_brand?post=78490"},{"taxonomy":"product_cat","embeddable":true,"href":"https:\/\/sezona.lv\/en\/wp-json\/wp\/v2\/product_cat?post=78490"},{"taxonomy":"product_tag","embeddable":true,"href":"https:\/\/sezona.lv\/en\/wp-json\/wp\/v2\/product_tag?post=78490"}],"curies":[{"name":"wp","href":"https:\/\/api.w.org\/{rel}","templated":true}]}}