{"id":78492,"date":"2025-07-14T15:24:58","date_gmt":"2025-07-14T12:24:58","guid":{"rendered":"https:\/\/demo8.ecube.lv\/sezona.lv\/products\/esbit-katlins-titanium-pot-750ml\/"},"modified":"2025-07-14T15:24:58","modified_gmt":"2025-07-14T12:24:58","slug":"esbit-katlins-titanium-pot-750ml","status":"publish","type":"product","link":"https:\/\/sezona.lv\/en\/products\/esbit-katlins-titanium-pot-750ml\/","title":{"rendered":"Esbit Katli\u0146\u0161 Titanium Pot 750ml"},"content":{"rendered":"<div class=\"rte\">\n<p>Ultra viegls tit\u0101na katli\u0146&scaron; &#8211; kr\u016bze.Piem\u0113rot  lieto&scaron;anas k\u0101 uz deg\u013ca, t\u0101 ar\u012b uz ugunskura. T\u0101 tilpums ir lielisks  kompromiss starp svaru, izm\u0113ru, tilpumu un cenu. Komplekt\u0101 ietilpst  auduma uzglab\u0101&scaron;anas maisi\u0146&scaron;.<\/p>\n<h4>Specifik\u0101cija:<\/h4>\n<p><strong>Materi\u0101ls<\/strong>: Tit\u0101ns <br \/><strong>Tilpums<\/strong>: 750ml <br \/><strong>Svars<\/strong>: 106 grami <br \/><strong>Izm\u0113rs<\/strong>: H 110 x &Oslash; 99 mm<\/p>\n<\/div>\n","protected":false},"excerpt":{"rendered":"<p>Ultra viegls tit\u0101na katli\u0146&scaron; &#8211; kr\u016bze.Piem\u0113rot lieto&scaron;anas k\u0101 uz deg\u013ca, t\u0101 ar\u012b uz ugunskura. T\u0101 tilpums ir lielisks kompromiss starp svaru, izm\u0113ru, tilpumu un cenu. Komplekt\u0101 ietilpst auduma uzglab\u0101&scaron;anas maisi\u0146&scaron;. Specifik\u0101cija: Materi\u0101ls: Tit\u0101ns Tilpums: 750ml Svars: 106 grami Izm\u0113rs: H 110 x &Oslash; 99 mm<\/p>\n","protected":false},"featured_media":0,"template":"","meta":[],"product_brand":[941],"product_cat":[4558,4571,4640,4730],"product_tag":[],"class_list":{"0":"post-78492","1":"product","2":"type-product","3":"status-publish","5":"product_brand-esbit","6":"product_cat-for-tourism-recreation","7":"product_cat-dishes-knives-folding-tables-for-tourism-recreation","8":"product_cat-recreation","9":"product_cat-pots-and-pans-dishes-knives-folding-tables-for-tourism-recreation","11":"first","12":"instock","13":"shipping-taxable","14":"purchasable","15":"product-type-simple"},"_links":{"self":[{"href":"https:\/\/sezona.lv\/en\/wp-json\/wp\/v2\/product\/78492","targetHints":{"allow":["GET"]}}],"collection":[{"href":"https:\/\/sezona.lv\/en\/wp-json\/wp\/v2\/product"}],"about":[{"href":"https:\/\/sezona.lv\/en\/wp-json\/wp\/v2\/types\/product"}],"wp:attachment":[{"href":"https:\/\/sezona.lv\/en\/wp-json\/wp\/v2\/media?parent=78492"}],"wp:term":[{"taxonomy":"product_brand","embeddable":true,"href":"https:\/\/sezona.lv\/en\/wp-json\/wp\/v2\/product_brand?post=78492"},{"taxonomy":"product_cat","embeddable":true,"href":"https:\/\/sezona.lv\/en\/wp-json\/wp\/v2\/product_cat?post=78492"},{"taxonomy":"product_tag","embeddable":true,"href":"https:\/\/sezona.lv\/en\/wp-json\/wp\/v2\/product_tag?post=78492"}],"curies":[{"name":"wp","href":"https:\/\/api.w.org\/{rel}","templated":true}]}}