{"id":78494,"date":"2025-07-11T16:39:01","date_gmt":"2025-07-11T13:39:01","guid":{"rendered":"https:\/\/demo8.ecube.lv\/sezona.lv\/products\/gsi-outdoors-tejkanna-coffee-pot-8-cup\/"},"modified":"2025-07-14T15:25:00","modified_gmt":"2025-07-14T12:25:00","slug":"gsi-outdoors-tejkanna-coffee-pot-8-cup","status":"publish","type":"product","link":"https:\/\/sezona.lv\/en\/products\/gsi-outdoors-tejkanna-coffee-pot-8-cup\/","title":{"rendered":"GSI Outdoors T\u0113jkanna Coffee Pot 8 Cup"},"content":{"rendered":"<div class=\"rte\">\n<p>Vecmod\u012bga emalj\u0113ta t\u0113rauda t\u0113jkanna ar v\u0101ku.  Emalj\u0113tais p\u0101rkl\u0101jums \u013cauj &scaron;o kanni\u0146u lietot ar\u012b ugunskur\u0101, jo t\u0101  iztur\u0113s l\u012bdz pat 760&deg;C temperat\u016bru. Augsta iztur\u012bba pret skr\u0101p\u0113jumiem.  Stil\u012bga t\u0113jkanna kempingam.<\/p>\n<h4>Specifik\u0101cija:<\/h4>\n<p><strong>Materi\u0101ls:<\/strong> Emalj\u0113ts t\u0113rauds<br \/><strong>Tilpums:<\/strong> ~750 ml (8 kr\u016bz\u012btes) <br \/><strong>Izm\u0113rs<\/strong>: 203 mm x&nbsp; 150 mm x 228 mm <br \/><strong>Svars:<\/strong> 541 grams<\/p>\n<\/div>\n","protected":false},"excerpt":{"rendered":"<p>Vecmod\u012bga emalj\u0113ta t\u0113rauda t\u0113jkanna ar v\u0101ku. Emalj\u0113tais p\u0101rkl\u0101jums \u013cauj &scaron;o kanni\u0146u lietot ar\u012b ugunskur\u0101, jo t\u0101 iztur\u0113s l\u012bdz pat 760&deg;C temperat\u016bru. Augsta iztur\u012bba pret skr\u0101p\u0113jumiem. Stil\u012bga t\u0113jkanna kempingam. Specifik\u0101cija: Materi\u0101ls: Emalj\u0113ts t\u0113raudsTilpums: ~750 ml (8 kr\u016bz\u012btes) Izm\u0113rs: 203 mm x&nbsp; 150 mm x 228 mm Svars: 541 grams<\/p>\n","protected":false},"featured_media":70101,"template":"","meta":[],"product_brand":[959],"product_cat":[4558,4571,4730],"product_tag":[],"class_list":{"0":"post-78494","1":"product","2":"type-product","3":"status-publish","4":"has-post-thumbnail","6":"product_brand-gsi-outdoors","7":"product_cat-for-tourism-recreation","8":"product_cat-dishes-knives-folding-tables-for-tourism-recreation","9":"product_cat-pots-and-pans-dishes-knives-folding-tables-for-tourism-recreation","11":"first","12":"instock","13":"shipping-taxable","14":"purchasable","15":"product-type-simple"},"_links":{"self":[{"href":"https:\/\/sezona.lv\/en\/wp-json\/wp\/v2\/product\/78494","targetHints":{"allow":["GET"]}}],"collection":[{"href":"https:\/\/sezona.lv\/en\/wp-json\/wp\/v2\/product"}],"about":[{"href":"https:\/\/sezona.lv\/en\/wp-json\/wp\/v2\/types\/product"}],"wp:featuredmedia":[{"embeddable":true,"href":"https:\/\/sezona.lv\/en\/wp-json\/wp\/v2\/media\/70101"}],"wp:attachment":[{"href":"https:\/\/sezona.lv\/en\/wp-json\/wp\/v2\/media?parent=78494"}],"wp:term":[{"taxonomy":"product_brand","embeddable":true,"href":"https:\/\/sezona.lv\/en\/wp-json\/wp\/v2\/product_brand?post=78494"},{"taxonomy":"product_cat","embeddable":true,"href":"https:\/\/sezona.lv\/en\/wp-json\/wp\/v2\/product_cat?post=78494"},{"taxonomy":"product_tag","embeddable":true,"href":"https:\/\/sezona.lv\/en\/wp-json\/wp\/v2\/product_tag?post=78494"}],"curies":[{"name":"wp","href":"https:\/\/api.w.org\/{rel}","templated":true}]}}