{"id":78495,"date":"2025-07-11T16:39:02","date_gmt":"2025-07-11T13:39:02","guid":{"rendered":"https:\/\/demo8.ecube.lv\/sezona.lv\/products\/gsi-outdoors-kafijas-aparats-1-cup-stainless-mini-expresso\/"},"modified":"2025-07-14T15:25:00","modified_gmt":"2025-07-14T12:25:00","slug":"gsi-outdoors-kafijas-aparats-1-cup-stainless-mini-expresso","status":"publish","type":"product","link":"https:\/\/sezona.lv\/en\/products\/gsi-outdoors-kafijas-aparats-1-cup-stainless-mini-expresso\/","title":{"rendered":"GSI Outdoors Kafijas apar\u0101ts 1 Cup Stainless Mini Expresso"},"content":{"rendered":"<div class=\"rte\">\n<div class=\"rte\">\n<p>\u0100rk\u0101rt\u012bgi viegli lietojams mini espresso kafijas  apar\u0101ti\u0146&scaron;. &Scaron;is mazais apar\u0101ti\u0146&scaron; nepiln\u0101s 90 sekund\u0113s sp\u0113j uzv\u0101r\u012bt  lielisku dubulto espresso. Iztur\u012bgs ner\u016bs\u0113jo&scaron;\u0101 t\u0113rauda korpuss  nodro&scaron;in\u0101s garu m\u016b\u017eu &scaron;im mazajam br\u012bnumapar\u0101tam. * Kr\u016bze komplekt\u0101  neietilpst!<\/p>\n<h4>Specifik\u0101cija:<\/h4>\n<p><strong>Materi\u0101ls:<\/strong> Stainless Steel <br \/><strong>Tilpums:<\/strong> 74 ml <br \/><strong>Svars:<\/strong> 232 grami <br \/><strong>Izm\u0113rs:<\/strong> 102 mm x 76 mm x 114 mm<\/p>\n<\/div>\n<\/div>\n","protected":false},"excerpt":{"rendered":"<p>\u0100rk\u0101rt\u012bgi viegli lietojams mini espresso kafijas apar\u0101ti\u0146&scaron;. &Scaron;is mazais apar\u0101ti\u0146&scaron; nepiln\u0101s 90 sekund\u0113s sp\u0113j uzv\u0101r\u012bt lielisku dubulto espresso. Iztur\u012bgs ner\u016bs\u0113jo&scaron;\u0101 t\u0113rauda korpuss nodro&scaron;in\u0101s garu m\u016b\u017eu &scaron;im mazajam br\u012bnumapar\u0101tam. * Kr\u016bze komplekt\u0101 neietilpst! Specifik\u0101cija: Materi\u0101ls: Stainless Steel Tilpums: 74 ml Svars: 232 grami Izm\u0113rs: 102 mm x 76 mm x 114 mm<\/p>\n","protected":false},"featured_media":70104,"template":"","meta":[],"product_brand":[959],"product_cat":[4558,4571,4730],"product_tag":[],"class_list":{"0":"post-78495","1":"product","2":"type-product","3":"status-publish","4":"has-post-thumbnail","6":"product_brand-gsi-outdoors","7":"product_cat-for-tourism-recreation","8":"product_cat-dishes-knives-folding-tables-for-tourism-recreation","9":"product_cat-pots-and-pans-dishes-knives-folding-tables-for-tourism-recreation","11":"first","12":"instock","13":"shipping-taxable","14":"purchasable","15":"product-type-simple"},"_links":{"self":[{"href":"https:\/\/sezona.lv\/en\/wp-json\/wp\/v2\/product\/78495","targetHints":{"allow":["GET"]}}],"collection":[{"href":"https:\/\/sezona.lv\/en\/wp-json\/wp\/v2\/product"}],"about":[{"href":"https:\/\/sezona.lv\/en\/wp-json\/wp\/v2\/types\/product"}],"wp:featuredmedia":[{"embeddable":true,"href":"https:\/\/sezona.lv\/en\/wp-json\/wp\/v2\/media\/70104"}],"wp:attachment":[{"href":"https:\/\/sezona.lv\/en\/wp-json\/wp\/v2\/media?parent=78495"}],"wp:term":[{"taxonomy":"product_brand","embeddable":true,"href":"https:\/\/sezona.lv\/en\/wp-json\/wp\/v2\/product_brand?post=78495"},{"taxonomy":"product_cat","embeddable":true,"href":"https:\/\/sezona.lv\/en\/wp-json\/wp\/v2\/product_cat?post=78495"},{"taxonomy":"product_tag","embeddable":true,"href":"https:\/\/sezona.lv\/en\/wp-json\/wp\/v2\/product_tag?post=78495"}],"curies":[{"name":"wp","href":"https:\/\/api.w.org\/{rel}","templated":true}]}}