{"id":78496,"date":"2025-07-14T15:25:01","date_gmt":"2025-07-14T12:25:01","guid":{"rendered":"https:\/\/demo8.ecube.lv\/sezona.lv\/products\/gsi-outdoors-tejkanna-halulite-ketalist\/"},"modified":"2025-07-14T15:25:01","modified_gmt":"2025-07-14T12:25:01","slug":"gsi-outdoors-tejkanna-halulite-ketalist","status":"publish","type":"product","link":"https:\/\/sezona.lv\/en\/products\/gsi-outdoors-tejkanna-halulite-ketalist\/","title":{"rendered":"GSI Outdoors T\u0113jkanna Halulite Ketalist"},"content":{"rendered":"<div class=\"rte\">\n<div class=\"rte\">\n<p>Klasiska zema profila t\u0113jkanna ar 1 litra ietilp\u012bbu  lieti noder\u0113s jebkur\u0101 outdoor ce\u013cojum\u0101. Plats kakli\u0146&scaron; un nofiks\u0113jams  roktur\u012btis padar\u012bs t\u0101s lieto&scaron;anu v\u0113l \u0113rt\u0101ku. Komplekt\u0101 ir iek\u013cautas  divas b\u013codi\u0146as un dak&scaron;karote. &Scaron;aj\u0101 t\u0113jkann\u0101 var ielikt ar\u012b 110 g g\u0101zes  balonu.<\/p>\n<h4>Specifik\u0101cija:<\/h4>\n<p><strong>Materi\u0101ls:<\/strong> Anodiz\u0113ts alum\u012bnijs, BPA-Free Polipropil\u0113ns <br \/><strong>Tilpums:<\/strong> 1.0 litrs <br \/><strong>Izm\u0113rs:<\/strong> 160 mm x 149 mm x 89 mm <br \/><strong>Svars:<\/strong> 314 grami<\/p>\n<h4>Komplekt\u0101 ietilpst:<\/h4>\n<ul>\n<li>1.0 L T\u0113jkanna<\/li>\n<li>414 ml b\u013coda ar termoizol\u0101ciju un v\u0101ku<\/li>\n<li>414 ml b\u013coda\/kr\u016bze<\/li>\n<li>Teleskopiska dak&scaron;karote<\/li>\n<li>Uzglab\u0101&scaron;anas maisi\u0146&scaron;<\/li>\n<\/ul>\n<\/div>\n<\/div>\n","protected":false},"excerpt":{"rendered":"<p>Klasiska zema profila t\u0113jkanna ar 1 litra ietilp\u012bbu lieti noder\u0113s jebkur\u0101 outdoor ce\u013cojum\u0101. Plats kakli\u0146&scaron; un nofiks\u0113jams roktur\u012btis padar\u012bs t\u0101s lieto&scaron;anu v\u0113l \u0113rt\u0101ku. Komplekt\u0101 ir iek\u013cautas divas b\u013codi\u0146as un dak&scaron;karote. &Scaron;aj\u0101 t\u0113jkann\u0101 var ielikt ar\u012b 110 g g\u0101zes balonu. Specifik\u0101cija: Materi\u0101ls: Anodiz\u0113ts alum\u012bnijs, BPA-Free Polipropil\u0113ns Tilpums: 1.0 litrs Izm\u0113rs: 160 mm x 149 mm x [&hellip;]<\/p>\n","protected":false},"featured_media":0,"template":"","meta":[],"product_brand":[959],"product_cat":[4558,4571,4640,4730],"product_tag":[],"class_list":{"0":"post-78496","1":"product","2":"type-product","3":"status-publish","5":"product_brand-gsi-outdoors","6":"product_cat-for-tourism-recreation","7":"product_cat-dishes-knives-folding-tables-for-tourism-recreation","8":"product_cat-recreation","9":"product_cat-pots-and-pans-dishes-knives-folding-tables-for-tourism-recreation","11":"first","12":"instock","13":"shipping-taxable","14":"purchasable","15":"product-type-simple"},"_links":{"self":[{"href":"https:\/\/sezona.lv\/en\/wp-json\/wp\/v2\/product\/78496","targetHints":{"allow":["GET"]}}],"collection":[{"href":"https:\/\/sezona.lv\/en\/wp-json\/wp\/v2\/product"}],"about":[{"href":"https:\/\/sezona.lv\/en\/wp-json\/wp\/v2\/types\/product"}],"wp:attachment":[{"href":"https:\/\/sezona.lv\/en\/wp-json\/wp\/v2\/media?parent=78496"}],"wp:term":[{"taxonomy":"product_brand","embeddable":true,"href":"https:\/\/sezona.lv\/en\/wp-json\/wp\/v2\/product_brand?post=78496"},{"taxonomy":"product_cat","embeddable":true,"href":"https:\/\/sezona.lv\/en\/wp-json\/wp\/v2\/product_cat?post=78496"},{"taxonomy":"product_tag","embeddable":true,"href":"https:\/\/sezona.lv\/en\/wp-json\/wp\/v2\/product_tag?post=78496"}],"curies":[{"name":"wp","href":"https:\/\/api.w.org\/{rel}","templated":true}]}}