{"id":78497,"date":"2025-07-11T16:39:08","date_gmt":"2025-07-11T13:39:08","guid":{"rendered":"https:\/\/demo8.ecube.lv\/sezona.lv\/products\/gsi-outdoors-tejkanna-tea-kettle-halulite\/"},"modified":"2025-07-14T15:25:02","modified_gmt":"2025-07-14T12:25:02","slug":"gsi-outdoors-tejkanna-tea-kettle-halulite","status":"publish","type":"product","link":"https:\/\/sezona.lv\/en\/products\/gsi-outdoors-tejkanna-tea-kettle-halulite\/","title":{"rendered":"GSI Outdoors T\u0113jkanna Tea Kettle Halulite"},"content":{"rendered":"<div class=\"rte\">\n<div class=\"rte\">\n<div class=\"rte\">\n<p>Klasiska, zema profila t\u0113jkanna ar nolok\u0101mu  roktur\u012bti. Anodiz\u0113tais alum\u012bnijs ir viegls un iztur\u012bgs. Platais kakli\u0146&scaron;  \u013cauj viegl\u0101k kaus\u0113t sniegu ziemas apst\u0101k\u013cos.<\/p>\n<h4>Specifik\u0101cija:<\/h4>\n<p><strong> Materi\u0101ls:<\/strong>&nbsp; Proprietary, Hard Anodized Alloy <br \/><strong>Tilpums:<\/strong> 1 Litrs<br \/><strong>Izm\u0113rs:<\/strong> 160 mm x 152 mm x 81 mm <br \/><strong>Svars:<\/strong> 164 grami<\/p>\n<\/div>\n<\/div>\n<\/div>\n","protected":false},"excerpt":{"rendered":"<p>Klasiska, zema profila t\u0113jkanna ar nolok\u0101mu roktur\u012bti. Anodiz\u0113tais alum\u012bnijs ir viegls un iztur\u012bgs. Platais kakli\u0146&scaron; \u013cauj viegl\u0101k kaus\u0113t sniegu ziemas apst\u0101k\u013cos. Specifik\u0101cija: Materi\u0101ls:&nbsp; Proprietary, Hard Anodized Alloy Tilpums: 1 LitrsIzm\u0113rs: 160 mm x 152 mm x 81 mm Svars: 164 grami<\/p>\n","protected":false},"featured_media":70121,"template":"","meta":[],"product_brand":[959],"product_cat":[4558,4571,4730],"product_tag":[],"class_list":{"0":"post-78497","1":"product","2":"type-product","3":"status-publish","4":"has-post-thumbnail","6":"product_brand-gsi-outdoors","7":"product_cat-for-tourism-recreation","8":"product_cat-dishes-knives-folding-tables-for-tourism-recreation","9":"product_cat-pots-and-pans-dishes-knives-folding-tables-for-tourism-recreation","11":"first","12":"instock","13":"shipping-taxable","14":"purchasable","15":"product-type-simple"},"_links":{"self":[{"href":"https:\/\/sezona.lv\/en\/wp-json\/wp\/v2\/product\/78497","targetHints":{"allow":["GET"]}}],"collection":[{"href":"https:\/\/sezona.lv\/en\/wp-json\/wp\/v2\/product"}],"about":[{"href":"https:\/\/sezona.lv\/en\/wp-json\/wp\/v2\/types\/product"}],"wp:featuredmedia":[{"embeddable":true,"href":"https:\/\/sezona.lv\/en\/wp-json\/wp\/v2\/media\/70121"}],"wp:attachment":[{"href":"https:\/\/sezona.lv\/en\/wp-json\/wp\/v2\/media?parent=78497"}],"wp:term":[{"taxonomy":"product_brand","embeddable":true,"href":"https:\/\/sezona.lv\/en\/wp-json\/wp\/v2\/product_brand?post=78497"},{"taxonomy":"product_cat","embeddable":true,"href":"https:\/\/sezona.lv\/en\/wp-json\/wp\/v2\/product_cat?post=78497"},{"taxonomy":"product_tag","embeddable":true,"href":"https:\/\/sezona.lv\/en\/wp-json\/wp\/v2\/product_tag?post=78497"}],"curies":[{"name":"wp","href":"https:\/\/api.w.org\/{rel}","templated":true}]}}