{"id":78498,"date":"2025-07-14T15:25:04","date_gmt":"2025-07-14T12:25:04","guid":{"rendered":"https:\/\/demo8.ecube.lv\/sezona.lv\/products\/kovea-katlu-komplekts-hard-56\/"},"modified":"2025-07-14T15:25:04","modified_gmt":"2025-07-14T12:25:04","slug":"kovea-katlu-komplekts-hard-56","status":"publish","type":"product","link":"https:\/\/sezona.lv\/en\/products\/kovea-katlu-komplekts-hard-56\/","title":{"rendered":"Kovea Katlu komplekts Hard 56"},"content":{"rendered":"<div class=\"rte\">\n<div class=\"rte\">\n<p>\u0112rts kempinga katlu un trauku komplekts piec\u0101m  person\u0101m. Katli ir izgatavoti no anodiz\u0113ta alum\u012bnija, pateicoties kuram  \u0113diena gatavo&scaron;ana ir \u0113rt\u0101ka un \u0101tr\u0101ka. Pannai ir speci\u0101ls teflona  p\u0101rkl\u0101jums, pie kura nekas nel\u012bp kl\u0101t. Viss komplekts sapakoj\u0101s neliel\u0101  somi\u0146\u0101 ar roktur\u012bti.<\/p>\n<h4>Specifik\u0101cija:<\/h4>\n<p><strong>Materi\u0101ls:<\/strong> Anodiz\u0113ts alum\u012bnijs <br \/><strong>Izm\u0113rs:<\/strong> 20,7 cm x 20,7 cm x 17,5 cm<br \/><strong>Tilpums:<\/strong> 2,8, 1,8 un 1.0 Litri<br \/><strong>Svars:<\/strong> 1500 grami (viss komplekts)<\/p>\n<h4>Komplekt\u0101 ietilpst:<\/h4>\n<ul>\n<li>Katls ar v\u0101ku 2800 ml&nbsp;<\/li>\n<li>Katls ar v\u0101ku 1800 ml&nbsp;<\/li>\n<li>Katls ar v\u0101ku 1000 ml<\/li>\n<li>Teflona panna<\/li>\n<li>Sieti\u0146&scaron;&nbsp;<\/li>\n<li>5x plastmasas b\u013codi\u0146as<\/li>\n<li>3x plastmasas &scaron;\u0137\u012bvji<\/li>\n<li>Plastmasas l\u0101psti\u0146a&nbsp;<\/li>\n<li>Saliekams kausi\u0146&scaron;&nbsp;<\/li>\n<li>Uzglab\u0101&scaron;anas iepakojums<\/li>\n<\/ul>\n<\/div>\n<\/div>\n","protected":false},"excerpt":{"rendered":"<p>\u0112rts kempinga katlu un trauku komplekts piec\u0101m person\u0101m. Katli ir izgatavoti no anodiz\u0113ta alum\u012bnija, pateicoties kuram \u0113diena gatavo&scaron;ana ir \u0113rt\u0101ka un \u0101tr\u0101ka. Pannai ir speci\u0101ls teflona p\u0101rkl\u0101jums, pie kura nekas nel\u012bp kl\u0101t. Viss komplekts sapakoj\u0101s neliel\u0101 somi\u0146\u0101 ar roktur\u012bti. Specifik\u0101cija: Materi\u0101ls: Anodiz\u0113ts alum\u012bnijs Izm\u0113rs: 20,7 cm x 20,7 cm x 17,5 cmTilpums: 2,8, 1,8 un [&hellip;]<\/p>\n","protected":false},"featured_media":0,"template":"","meta":[],"product_brand":[934],"product_cat":[4558,4571,4640,4730],"product_tag":[],"class_list":{"0":"post-78498","1":"product","2":"type-product","3":"status-publish","5":"product_brand-kovea","6":"product_cat-for-tourism-recreation","7":"product_cat-dishes-knives-folding-tables-for-tourism-recreation","8":"product_cat-recreation","9":"product_cat-pots-and-pans-dishes-knives-folding-tables-for-tourism-recreation","11":"first","12":"instock","13":"shipping-taxable","14":"purchasable","15":"product-type-simple"},"_links":{"self":[{"href":"https:\/\/sezona.lv\/en\/wp-json\/wp\/v2\/product\/78498","targetHints":{"allow":["GET"]}}],"collection":[{"href":"https:\/\/sezona.lv\/en\/wp-json\/wp\/v2\/product"}],"about":[{"href":"https:\/\/sezona.lv\/en\/wp-json\/wp\/v2\/types\/product"}],"wp:attachment":[{"href":"https:\/\/sezona.lv\/en\/wp-json\/wp\/v2\/media?parent=78498"}],"wp:term":[{"taxonomy":"product_brand","embeddable":true,"href":"https:\/\/sezona.lv\/en\/wp-json\/wp\/v2\/product_brand?post=78498"},{"taxonomy":"product_cat","embeddable":true,"href":"https:\/\/sezona.lv\/en\/wp-json\/wp\/v2\/product_cat?post=78498"},{"taxonomy":"product_tag","embeddable":true,"href":"https:\/\/sezona.lv\/en\/wp-json\/wp\/v2\/product_tag?post=78498"}],"curies":[{"name":"wp","href":"https:\/\/api.w.org\/{rel}","templated":true}]}}