{"id":78499,"date":"2025-07-14T15:25:05","date_gmt":"2025-07-14T12:25:05","guid":{"rendered":"https:\/\/demo8.ecube.lv\/sezona.lv\/products\/kovea-katlu-komplekts-hard-23\/"},"modified":"2025-07-14T15:25:05","modified_gmt":"2025-07-14T12:25:05","slug":"kovea-katlu-komplekts-hard-23","status":"publish","type":"product","link":"https:\/\/sezona.lv\/en\/products\/kovea-katlu-komplekts-hard-23\/","title":{"rendered":"Kovea Katlu komplekts Hard 23"},"content":{"rendered":"<div class=\"rte\">\n<div class=\"rte\">\n<div class=\"rte\">\n<p>2-3 personu katlu un trauku komplekts no anodiz\u0113ta  alum\u012bnija. \u013boti viegls un paroc\u012bgs. Pateicoties anodiz\u0113tajam alum\u012bnijam,  kura galven\u0101 \u012bpa&scaron;\u012bba ir nevainojama siltumvad\u0101m\u012bba, \u0113diena gatavo&scaron;ana  ir \u0101tr\u0101ka.<\/p>\n<h4>Specifik\u0101cija:<\/h4>\n<p><strong>Materi\u0101ls:<\/strong> Anodiz\u0113ts alum\u012bnijs <br \/><strong>Izm\u0113rs:<\/strong> 16.5 cm x 16,5 cm x 11,5 cm<br \/><strong>Tilpums:<\/strong> 1,8 un 1.0 Litri <br \/><strong>Svars:<\/strong> 814 grami (viss komplekts)<\/p>\n<h4>Komplekt\u0101 ietilpst:<\/h4>\n<ul>\n<li>Katls ar v\u0101ku 1800 ml<\/li>\n<li>Katls ar v\u0101ku 1000 ml<\/li>\n<li>Panna<\/li>\n<li>3x plastmasas b\u013codi\u0146as<\/li>\n<li>Plastmasas l\u0101psti\u0146a<\/li>\n<li>Saliekams kausi\u0146&scaron;<\/li>\n<li>Uzglab\u0101&scaron;anas iepakojums<\/li>\n<\/ul>\n<\/div>\n<\/div>\n<\/div>\n","protected":false},"excerpt":{"rendered":"<p>2-3 personu katlu un trauku komplekts no anodiz\u0113ta alum\u012bnija. \u013boti viegls un paroc\u012bgs. Pateicoties anodiz\u0113tajam alum\u012bnijam, kura galven\u0101 \u012bpa&scaron;\u012bba ir nevainojama siltumvad\u0101m\u012bba, \u0113diena gatavo&scaron;ana ir \u0101tr\u0101ka. Specifik\u0101cija: Materi\u0101ls: Anodiz\u0113ts alum\u012bnijs Izm\u0113rs: 16.5 cm x 16,5 cm x 11,5 cmTilpums: 1,8 un 1.0 Litri Svars: 814 grami (viss komplekts) Komplekt\u0101 ietilpst: Katls ar v\u0101ku 1800 ml [&hellip;]<\/p>\n","protected":false},"featured_media":0,"template":"","meta":[],"product_brand":[934],"product_cat":[4558,4571,4640,4730],"product_tag":[],"class_list":{"0":"post-78499","1":"product","2":"type-product","3":"status-publish","5":"product_brand-kovea","6":"product_cat-for-tourism-recreation","7":"product_cat-dishes-knives-folding-tables-for-tourism-recreation","8":"product_cat-recreation","9":"product_cat-pots-and-pans-dishes-knives-folding-tables-for-tourism-recreation","11":"first","12":"instock","13":"shipping-taxable","14":"purchasable","15":"product-type-simple"},"_links":{"self":[{"href":"https:\/\/sezona.lv\/en\/wp-json\/wp\/v2\/product\/78499","targetHints":{"allow":["GET"]}}],"collection":[{"href":"https:\/\/sezona.lv\/en\/wp-json\/wp\/v2\/product"}],"about":[{"href":"https:\/\/sezona.lv\/en\/wp-json\/wp\/v2\/types\/product"}],"wp:attachment":[{"href":"https:\/\/sezona.lv\/en\/wp-json\/wp\/v2\/media?parent=78499"}],"wp:term":[{"taxonomy":"product_brand","embeddable":true,"href":"https:\/\/sezona.lv\/en\/wp-json\/wp\/v2\/product_brand?post=78499"},{"taxonomy":"product_cat","embeddable":true,"href":"https:\/\/sezona.lv\/en\/wp-json\/wp\/v2\/product_cat?post=78499"},{"taxonomy":"product_tag","embeddable":true,"href":"https:\/\/sezona.lv\/en\/wp-json\/wp\/v2\/product_tag?post=78499"}],"curies":[{"name":"wp","href":"https:\/\/api.w.org\/{rel}","templated":true}]}}