{"id":78500,"date":"2025-07-14T15:25:07","date_gmt":"2025-07-14T12:25:07","guid":{"rendered":"https:\/\/demo8.ecube.lv\/sezona.lv\/products\/kovea-katlu-komplekts-escape\/"},"modified":"2025-07-14T15:25:07","modified_gmt":"2025-07-14T12:25:07","slug":"kovea-katlu-komplekts-escape","status":"publish","type":"product","link":"https:\/\/sezona.lv\/en\/products\/kovea-katlu-komplekts-escape\/","title":{"rendered":"Kovea Katlu komplekts Escape"},"content":{"rendered":"<div class=\"rte\">\n<div class=\"rte\">\n<p>\u0112rts vienas &#8211; divu personu katlu komplekts Kovea  Escape. Izgatavots no anodiz\u0113ta alum\u012bnija. Katlu v\u0101ki ir izveidoti t\u0101,  lai tos var\u0113tu lietot ar\u012b k\u0101 pannu. Katla iek&scaron;pus\u0113 ietilpst 230 g g\u0101zes  balons.<\/p>\n<h4>Specifik\u0101cija:<\/h4>\n<p><strong>Materi\u0101ls:<\/strong> Anodiz\u0113ts alum\u012bnijs<br \/><strong>Izm\u0113rs:<\/strong> 15 cm x 15 cm x 16 cm<br \/><strong>Tilpums:<\/strong> 1 Litrs un 0.6 Litri <br \/><strong>Svars:<\/strong> 511 grami (viss komplekts)<\/p>\n<h4>Komplekt\u0101 ietilpst:<\/h4>\n<ul>\n<li>Katls 1200 ml<\/li>\n<li>Katls 900 ml<\/li>\n<li>Uzglab\u0101&scaron;anas iepakojums<\/li>\n<\/ul>\n<\/div>\n<\/div>\n","protected":false},"excerpt":{"rendered":"<p>\u0112rts vienas &#8211; divu personu katlu komplekts Kovea Escape. Izgatavots no anodiz\u0113ta alum\u012bnija. Katlu v\u0101ki ir izveidoti t\u0101, lai tos var\u0113tu lietot ar\u012b k\u0101 pannu. Katla iek&scaron;pus\u0113 ietilpst 230 g g\u0101zes balons. Specifik\u0101cija: Materi\u0101ls: Anodiz\u0113ts alum\u012bnijsIzm\u0113rs: 15 cm x 15 cm x 16 cmTilpums: 1 Litrs un 0.6 Litri Svars: 511 grami (viss komplekts) Komplekt\u0101 [&hellip;]<\/p>\n","protected":false},"featured_media":0,"template":"","meta":[],"product_brand":[934],"product_cat":[4558,4571,4640,4730],"product_tag":[],"class_list":{"0":"post-78500","1":"product","2":"type-product","3":"status-publish","5":"product_brand-kovea","6":"product_cat-for-tourism-recreation","7":"product_cat-dishes-knives-folding-tables-for-tourism-recreation","8":"product_cat-recreation","9":"product_cat-pots-and-pans-dishes-knives-folding-tables-for-tourism-recreation","11":"first","12":"instock","13":"shipping-taxable","14":"purchasable","15":"product-type-simple"},"_links":{"self":[{"href":"https:\/\/sezona.lv\/en\/wp-json\/wp\/v2\/product\/78500","targetHints":{"allow":["GET"]}}],"collection":[{"href":"https:\/\/sezona.lv\/en\/wp-json\/wp\/v2\/product"}],"about":[{"href":"https:\/\/sezona.lv\/en\/wp-json\/wp\/v2\/types\/product"}],"wp:attachment":[{"href":"https:\/\/sezona.lv\/en\/wp-json\/wp\/v2\/media?parent=78500"}],"wp:term":[{"taxonomy":"product_brand","embeddable":true,"href":"https:\/\/sezona.lv\/en\/wp-json\/wp\/v2\/product_brand?post=78500"},{"taxonomy":"product_cat","embeddable":true,"href":"https:\/\/sezona.lv\/en\/wp-json\/wp\/v2\/product_cat?post=78500"},{"taxonomy":"product_tag","embeddable":true,"href":"https:\/\/sezona.lv\/en\/wp-json\/wp\/v2\/product_tag?post=78500"}],"curies":[{"name":"wp","href":"https:\/\/api.w.org\/{rel}","templated":true}]}}