{"id":78501,"date":"2025-07-14T15:25:08","date_gmt":"2025-07-14T12:25:08","guid":{"rendered":"https:\/\/demo8.ecube.lv\/sezona.lv\/products\/light-my-fire-edamriks-spork-titanium\/"},"modified":"2025-07-14T15:25:08","modified_gmt":"2025-07-14T12:25:08","slug":"light-my-fire-edamriks-spork-titanium","status":"publish","type":"product","link":"https:\/\/sezona.lv\/en\/products\/light-my-fire-edamriks-spork-titanium\/","title":{"rendered":"Light My Fire \u0112damr\u012bks Spork Titanium"},"content":{"rendered":"<div class=\"rte\">\n<p>\u013boti viegla karote, dak&scaron;i\u0146a un nazis viss vien\u0101, kas  kalpos m\u016b\u017e\u012bgi. Izgatavota no Tit\u0101na, kas ir viens no visiztur\u012bg\u0101kajiem  sakaus\u0113jumiem uz plan\u0113tas. Tit\u0101ns tiek pla&scaron;i izmantots gaisa ku\u0123u  b\u016bvniec\u012bb\u0101, jo tas ir viegls un iztur\u012bgs, to izmanto ar\u012b medic\u012bn\u0101,  da\u017e\u0101diem implantiem, jo tam ir augsta biolo\u0123isk\u0101 sader\u012bba un ts nav  toksisks.<\/p>\n<h4>Specifik\u0101cija:<\/h4>\n<table style=\"height: 44px\" border=\"0\" width=\"562\">\n<tbody>\n<tr>\n<td><strong>Materi\u0101ls:<\/strong><\/td>\n<td>Tit\u0101ns<\/td>\n<\/tr>\n<tr>\n<td><strong>Izm\u0113rs:<\/strong><\/td>\n<td>170x39x20mm<\/td>\n<\/tr>\n<tr>\n<td><strong>Svars:<\/strong><\/td>\n<td>20 grami<\/td>\n<\/tr>\n<\/tbody>\n<\/table>\n<h4>Raksturojums:<\/h4>\n<ul>\n<li>Pul\u0113ta virsma, lai izvair\u012bts no met\u0101liskas piegar&scaron;as.<\/li>\n<li>Var mazg\u0101t trauku mazg\u0101jamaj\u0101 ma&scaron;\u012bn\u0101<\/li>\n<li>Ner\u016bs\u0113, nemagnetiz\u0113jas<\/li>\n<li>Hipoaler\u0123isks<\/li>\n<\/ul>\n<\/div>\n","protected":false},"excerpt":{"rendered":"<p>\u013boti viegla karote, dak&scaron;i\u0146a un nazis viss vien\u0101, kas kalpos m\u016b\u017e\u012bgi. Izgatavota no Tit\u0101na, kas ir viens no visiztur\u012bg\u0101kajiem sakaus\u0113jumiem uz plan\u0113tas. Tit\u0101ns tiek pla&scaron;i izmantots gaisa ku\u0123u b\u016bvniec\u012bb\u0101, jo tas ir viegls un iztur\u012bgs, to izmanto ar\u012b medic\u012bn\u0101, da\u017e\u0101diem implantiem, jo tam ir augsta biolo\u0123isk\u0101 sader\u012bba un ts nav toksisks. Specifik\u0101cija: Materi\u0101ls: Tit\u0101ns Izm\u0113rs: [&hellip;]<\/p>\n","protected":false},"featured_media":0,"template":"","meta":[],"product_brand":[942],"product_cat":[4558,4571,4640,4732],"product_tag":[],"class_list":{"0":"post-78501","1":"product","2":"type-product","3":"status-publish","5":"product_brand-light-my-fire","6":"product_cat-for-tourism-recreation","7":"product_cat-dishes-knives-folding-tables-for-tourism-recreation","8":"product_cat-recreation","9":"product_cat-cutlery-dishes-knives-folding-tables-for-tourism-recreation","11":"first","12":"instock","13":"shipping-taxable","14":"purchasable","15":"product-type-simple"},"_links":{"self":[{"href":"https:\/\/sezona.lv\/en\/wp-json\/wp\/v2\/product\/78501","targetHints":{"allow":["GET"]}}],"collection":[{"href":"https:\/\/sezona.lv\/en\/wp-json\/wp\/v2\/product"}],"about":[{"href":"https:\/\/sezona.lv\/en\/wp-json\/wp\/v2\/types\/product"}],"wp:attachment":[{"href":"https:\/\/sezona.lv\/en\/wp-json\/wp\/v2\/media?parent=78501"}],"wp:term":[{"taxonomy":"product_brand","embeddable":true,"href":"https:\/\/sezona.lv\/en\/wp-json\/wp\/v2\/product_brand?post=78501"},{"taxonomy":"product_cat","embeddable":true,"href":"https:\/\/sezona.lv\/en\/wp-json\/wp\/v2\/product_cat?post=78501"},{"taxonomy":"product_tag","embeddable":true,"href":"https:\/\/sezona.lv\/en\/wp-json\/wp\/v2\/product_tag?post=78501"}],"curies":[{"name":"wp","href":"https:\/\/api.w.org\/{rel}","templated":true}]}}