{"id":78502,"date":"2025-07-14T15:25:09","date_gmt":"2025-07-14T12:25:09","guid":{"rendered":"https:\/\/demo8.ecube.lv\/sezona.lv\/products\/gsi-outdoors-nazis-santoku-knife-set\/"},"modified":"2025-07-14T15:25:09","modified_gmt":"2025-07-14T12:25:09","slug":"gsi-outdoors-nazis-santoku-knife-set","status":"publish","type":"product","link":"https:\/\/sezona.lv\/en\/products\/gsi-outdoors-nazis-santoku-knife-set\/","title":{"rendered":"GSI Outdoors Nazis Santoku Knife Set"},"content":{"rendered":"<div class=\"rte\">\n<p>Santoku komplekts ar tr\u012bs da\u017e\u0101diem na\u017eiem, d\u0113l\u012bti grie&scaron;anai, pudel\u012bti  ziep\u0113m un divpus\u0113ju trauku lupati\u0146u. Iepakots neilona somi\u0146\u0101. <br \/>Visiem  na\u017eiem ir ner\u016bs\u0113jo&scaron;\u0101 t\u0113rauda asme\u0146i un asme\u0146u aizsargi dro&scaron;ai  transport\u0113&scaron;anai, k\u0101 ar\u012b gumijas rokturi labam satv\u0113rienam. Divpus\u0113js  d\u0113l\u012btis grie&scaron;anai, kas mar\u0137\u0113ts ar ga\u013cas vai d\u0101rze\u0146u ikonu. \u0100tri \u017e\u016bsto&scaron;a  mikro&scaron;\u0137iedras dr\u0101ni\u0146a, ar m\u012bkstu un raupj\u0101ku pusi.<\/p>\n<h4><span lang=\"lv\"><span>Specifik\u0101cija:<\/span><\/span><\/h4>\n<table style=\"height: 86px\" border=\"0\" width=\"564\">\n<tbody>\n<tr>\n<td><strong>Asmens:<\/strong><\/td>\n<td>10cm, 15cm un 15cm rievots asmens<\/td>\n<\/tr>\n<tr>\n<td><strong>Svars:<\/strong><\/td>\n<td>725 grami<\/td>\n<\/tr>\n<\/tbody>\n<\/table>\n<\/div>\n","protected":false},"excerpt":{"rendered":"<p>Santoku komplekts ar tr\u012bs da\u017e\u0101diem na\u017eiem, d\u0113l\u012bti grie&scaron;anai, pudel\u012bti ziep\u0113m un divpus\u0113ju trauku lupati\u0146u. Iepakots neilona somi\u0146\u0101. Visiem na\u017eiem ir ner\u016bs\u0113jo&scaron;\u0101 t\u0113rauda asme\u0146i un asme\u0146u aizsargi dro&scaron;ai transport\u0113&scaron;anai, k\u0101 ar\u012b gumijas rokturi labam satv\u0113rienam. Divpus\u0113js d\u0113l\u012btis grie&scaron;anai, kas mar\u0137\u0113ts ar ga\u013cas vai d\u0101rze\u0146u ikonu. \u0100tri \u017e\u016bsto&scaron;a mikro&scaron;\u0137iedras dr\u0101ni\u0146a, ar m\u012bkstu un raupj\u0101ku pusi. Specifik\u0101cija: Asmens: [&hellip;]<\/p>\n","protected":false},"featured_media":0,"template":"","meta":[],"product_brand":[942],"product_cat":[4558,4571,4640,4733],"product_tag":[],"class_list":{"0":"post-78502","1":"product","2":"type-product","3":"status-publish","5":"product_brand-light-my-fire","6":"product_cat-for-tourism-recreation","7":"product_cat-dishes-knives-folding-tables-for-tourism-recreation","8":"product_cat-recreation","9":"product_cat-knives-dishes-knives-folding-tables-for-tourism-recreation","11":"first","12":"instock","13":"shipping-taxable","14":"purchasable","15":"product-type-simple"},"_links":{"self":[{"href":"https:\/\/sezona.lv\/en\/wp-json\/wp\/v2\/product\/78502","targetHints":{"allow":["GET"]}}],"collection":[{"href":"https:\/\/sezona.lv\/en\/wp-json\/wp\/v2\/product"}],"about":[{"href":"https:\/\/sezona.lv\/en\/wp-json\/wp\/v2\/types\/product"}],"wp:attachment":[{"href":"https:\/\/sezona.lv\/en\/wp-json\/wp\/v2\/media?parent=78502"}],"wp:term":[{"taxonomy":"product_brand","embeddable":true,"href":"https:\/\/sezona.lv\/en\/wp-json\/wp\/v2\/product_brand?post=78502"},{"taxonomy":"product_cat","embeddable":true,"href":"https:\/\/sezona.lv\/en\/wp-json\/wp\/v2\/product_cat?post=78502"},{"taxonomy":"product_tag","embeddable":true,"href":"https:\/\/sezona.lv\/en\/wp-json\/wp\/v2\/product_tag?post=78502"}],"curies":[{"name":"wp","href":"https:\/\/api.w.org\/{rel}","templated":true}]}}