{"id":78503,"date":"2025-07-14T15:25:11","date_gmt":"2025-07-14T12:25:11","guid":{"rendered":"https:\/\/demo8.ecube.lv\/sezona.lv\/products\/gsi-outdoors-nazis-santoku-6-chef-knife\/"},"modified":"2025-07-14T15:25:11","modified_gmt":"2025-07-14T12:25:11","slug":"gsi-outdoors-nazis-santoku-6-chef-knife","status":"publish","type":"product","link":"https:\/\/sezona.lv\/en\/products\/gsi-outdoors-nazis-santoku-6-chef-knife\/","title":{"rendered":"GSI Outdoors Nazis Santoku 6&#8243; Chef Knife"},"content":{"rendered":"<div class=\"rte\">\n<p><span id=\"result_box\" lang=\"lv\"><span>Kompakts ner\u016bs\u0113jo&scaron;\u0101 t\u0113rauda asmens ir perfekti piem\u0113rots smalcin\u0101&scaron;anai, kap\u0101&scaron;anai, grie&scaron;anai, u.c. <span lang=\"lv\"><span>Asmens aizsargs, dro&scaron;ai transport\u0113&scaron;anai. <\/span><\/span><span lang=\"lv\"><span>Ergonomisks gumijas rokturis nodro&scaron;ina dro&scaron;u sa\u0137eri.<\/span><\/span><br \/><\/span><\/span><\/p>\n<h4><span lang=\"lv\"><span>Specifik\u0101cija:<\/span><\/span><\/h4>\n<table style=\"height: 86px\" border=\"0\" width=\"564\">\n<tbody>\n<tr>\n<td><strong>Asmens:<\/strong><\/td>\n<td>15 cm ner\u016bs\u0113jo&scaron;s t\u0113rauds<\/td>\n<\/tr>\n<tr>\n<td><strong>Svars:<\/strong><\/td>\n<td>112 grami<\/td>\n<\/tr>\n<\/tbody>\n<\/table>\n<\/div>\n","protected":false},"excerpt":{"rendered":"<p>Kompakts ner\u016bs\u0113jo&scaron;\u0101 t\u0113rauda asmens ir perfekti piem\u0113rots smalcin\u0101&scaron;anai, kap\u0101&scaron;anai, grie&scaron;anai, u.c. Asmens aizsargs, dro&scaron;ai transport\u0113&scaron;anai. Ergonomisks gumijas rokturis nodro&scaron;ina dro&scaron;u sa\u0137eri. Specifik\u0101cija: Asmens: 15 cm ner\u016bs\u0113jo&scaron;s t\u0113rauds Svars: 112 grami<\/p>\n","protected":false},"featured_media":0,"template":"","meta":[],"product_brand":[942],"product_cat":[4558,4571,4640,4733],"product_tag":[],"class_list":{"0":"post-78503","1":"product","2":"type-product","3":"status-publish","5":"product_brand-light-my-fire","6":"product_cat-for-tourism-recreation","7":"product_cat-dishes-knives-folding-tables-for-tourism-recreation","8":"product_cat-recreation","9":"product_cat-knives-dishes-knives-folding-tables-for-tourism-recreation","11":"first","12":"instock","13":"shipping-taxable","14":"purchasable","15":"product-type-simple"},"_links":{"self":[{"href":"https:\/\/sezona.lv\/en\/wp-json\/wp\/v2\/product\/78503","targetHints":{"allow":["GET"]}}],"collection":[{"href":"https:\/\/sezona.lv\/en\/wp-json\/wp\/v2\/product"}],"about":[{"href":"https:\/\/sezona.lv\/en\/wp-json\/wp\/v2\/types\/product"}],"wp:attachment":[{"href":"https:\/\/sezona.lv\/en\/wp-json\/wp\/v2\/media?parent=78503"}],"wp:term":[{"taxonomy":"product_brand","embeddable":true,"href":"https:\/\/sezona.lv\/en\/wp-json\/wp\/v2\/product_brand?post=78503"},{"taxonomy":"product_cat","embeddable":true,"href":"https:\/\/sezona.lv\/en\/wp-json\/wp\/v2\/product_cat?post=78503"},{"taxonomy":"product_tag","embeddable":true,"href":"https:\/\/sezona.lv\/en\/wp-json\/wp\/v2\/product_tag?post=78503"}],"curies":[{"name":"wp","href":"https:\/\/api.w.org\/{rel}","templated":true}]}}