{"id":78504,"date":"2025-07-14T15:25:11","date_gmt":"2025-07-14T12:25:11","guid":{"rendered":"https:\/\/demo8.ecube.lv\/sezona.lv\/products\/gsi-outdoors-nazis-santoku-4-paring-knife\/"},"modified":"2025-07-14T15:25:11","modified_gmt":"2025-07-14T12:25:11","slug":"gsi-outdoors-nazis-santoku-4-paring-knife","status":"publish","type":"product","link":"https:\/\/sezona.lv\/en\/products\/gsi-outdoors-nazis-santoku-4-paring-knife\/","title":{"rendered":"GSI Outdoors Nazis Santoku 4&#8243; Paring Knife"},"content":{"rendered":"<div class=\"rte\">\n<p>Kompakts kempinga nazis ar ner\u016bs\u0113jo&scaron;\u0101 t\u0113rauda asmeni. <span id=\"result_box\" lang=\"lv\"><span>Ergonomisks gumijas rokturis nodro&scaron;ina dro&scaron;u sa\u0137eri. Asmens aizsargs, dro&scaron;ai transport\u0113&scaron;anai. <\/span><\/span><\/p>\n<h4><span lang=\"lv\"><span>Specifik\u0101cija:<\/span><\/span><\/h4>\n<table style=\"height: 86px\" border=\"0\" width=\"564\">\n<tbody>\n<tr>\n<td><strong>Asmens:<\/strong><\/td>\n<td>10 cm ner\u016bs\u0113jo&scaron;s t\u0113rauds<\/td>\n<\/tr>\n<tr>\n<td><strong>Svars:<\/strong><\/td>\n<td>51 grams<\/td>\n<\/tr>\n<\/tbody>\n<\/table>\n<\/div>\n","protected":false},"excerpt":{"rendered":"<p>Kompakts kempinga nazis ar ner\u016bs\u0113jo&scaron;\u0101 t\u0113rauda asmeni. Ergonomisks gumijas rokturis nodro&scaron;ina dro&scaron;u sa\u0137eri. Asmens aizsargs, dro&scaron;ai transport\u0113&scaron;anai. Specifik\u0101cija: Asmens: 10 cm ner\u016bs\u0113jo&scaron;s t\u0113rauds Svars: 51 grams<\/p>\n","protected":false},"featured_media":0,"template":"","meta":[],"product_brand":[959],"product_cat":[4558,4571,4640,4733],"product_tag":[],"class_list":{"0":"post-78504","1":"product","2":"type-product","3":"status-publish","5":"product_brand-gsi-outdoors","6":"product_cat-for-tourism-recreation","7":"product_cat-dishes-knives-folding-tables-for-tourism-recreation","8":"product_cat-recreation","9":"product_cat-knives-dishes-knives-folding-tables-for-tourism-recreation","11":"first","12":"instock","13":"shipping-taxable","14":"purchasable","15":"product-type-simple"},"_links":{"self":[{"href":"https:\/\/sezona.lv\/en\/wp-json\/wp\/v2\/product\/78504","targetHints":{"allow":["GET"]}}],"collection":[{"href":"https:\/\/sezona.lv\/en\/wp-json\/wp\/v2\/product"}],"about":[{"href":"https:\/\/sezona.lv\/en\/wp-json\/wp\/v2\/types\/product"}],"wp:attachment":[{"href":"https:\/\/sezona.lv\/en\/wp-json\/wp\/v2\/media?parent=78504"}],"wp:term":[{"taxonomy":"product_brand","embeddable":true,"href":"https:\/\/sezona.lv\/en\/wp-json\/wp\/v2\/product_brand?post=78504"},{"taxonomy":"product_cat","embeddable":true,"href":"https:\/\/sezona.lv\/en\/wp-json\/wp\/v2\/product_cat?post=78504"},{"taxonomy":"product_tag","embeddable":true,"href":"https:\/\/sezona.lv\/en\/wp-json\/wp\/v2\/product_tag?post=78504"}],"curies":[{"name":"wp","href":"https:\/\/api.w.org\/{rel}","templated":true}]}}