{"id":78506,"date":"2025-07-11T16:39:23","date_gmt":"2025-07-11T13:39:23","guid":{"rendered":"https:\/\/demo8.ecube.lv\/sezona.lv\/products\/gsi-outdoors-edamriks-table-spork-grey\/"},"modified":"2025-07-14T15:25:14","modified_gmt":"2025-07-14T12:25:14","slug":"gsi-outdoors-edamriks-table-spork-grey","status":"publish","type":"product","link":"https:\/\/sezona.lv\/en\/products\/gsi-outdoors-edamriks-table-spork-grey\/","title":{"rendered":"GSI Outdoors \u0112damr\u012bks Table Spork Grey"},"content":{"rendered":"<div class=\"rte\">Univers\u0101la karote ar nelieliem dak&scaron;i\u0146as zobi\u0146iem.<\/div>\n<div class=\"rte\">\n<div class=\"rte\">\n<p>Ja parasti ce\u013cojumos pietiek vien ar karoti, &scaron;aj\u0101 gad\u012bjum\u0101 j\u016bs ieg\u016bstat ar\u012b nelielu, bet reiz\u0113m lietder\u012bgu da\u013cu dak&scaron;i\u0146as.&nbsp;<\/p>\n<h4>Specifik\u0101cija:<\/h4>\n<p><strong>Materi\u0101ls:<\/strong> Acetal plastik\u0101ts<br \/><strong>Garums:<\/strong> 18 cm<br \/><strong>Svars:<\/strong> 12 g<\/p>\n<\/div>\n<\/div>\n","protected":false},"excerpt":{"rendered":"<p>Univers\u0101la karote ar nelieliem dak&scaron;i\u0146as zobi\u0146iem. Ja parasti ce\u013cojumos pietiek vien ar karoti, &scaron;aj\u0101 gad\u012bjum\u0101 j\u016bs ieg\u016bstat ar\u012b nelielu, bet reiz\u0113m lietder\u012bgu da\u013cu dak&scaron;i\u0146as.&nbsp; Specifik\u0101cija: Materi\u0101ls: Acetal plastik\u0101tsGarums: 18 cmSvars: 12 g<\/p>\n","protected":false},"featured_media":70166,"template":"","meta":[],"product_brand":[959],"product_cat":[4558,4571,4732],"product_tag":[],"class_list":{"0":"post-78506","1":"product","2":"type-product","3":"status-publish","4":"has-post-thumbnail","6":"product_brand-gsi-outdoors","7":"product_cat-for-tourism-recreation","8":"product_cat-dishes-knives-folding-tables-for-tourism-recreation","9":"product_cat-cutlery-dishes-knives-folding-tables-for-tourism-recreation","11":"first","12":"instock","13":"shipping-taxable","14":"purchasable","15":"product-type-simple"},"_links":{"self":[{"href":"https:\/\/sezona.lv\/en\/wp-json\/wp\/v2\/product\/78506","targetHints":{"allow":["GET"]}}],"collection":[{"href":"https:\/\/sezona.lv\/en\/wp-json\/wp\/v2\/product"}],"about":[{"href":"https:\/\/sezona.lv\/en\/wp-json\/wp\/v2\/types\/product"}],"wp:featuredmedia":[{"embeddable":true,"href":"https:\/\/sezona.lv\/en\/wp-json\/wp\/v2\/media\/70166"}],"wp:attachment":[{"href":"https:\/\/sezona.lv\/en\/wp-json\/wp\/v2\/media?parent=78506"}],"wp:term":[{"taxonomy":"product_brand","embeddable":true,"href":"https:\/\/sezona.lv\/en\/wp-json\/wp\/v2\/product_brand?post=78506"},{"taxonomy":"product_cat","embeddable":true,"href":"https:\/\/sezona.lv\/en\/wp-json\/wp\/v2\/product_cat?post=78506"},{"taxonomy":"product_tag","embeddable":true,"href":"https:\/\/sezona.lv\/en\/wp-json\/wp\/v2\/product_tag?post=78506"}],"curies":[{"name":"wp","href":"https:\/\/api.w.org\/{rel}","templated":true}]}}