{"id":78507,"date":"2025-07-14T15:25:15","date_gmt":"2025-07-14T12:25:15","guid":{"rendered":"https:\/\/demo8.ecube.lv\/sezona.lv\/products\/gsi-outdoors-edamriks-essential-long-spoon\/"},"modified":"2025-07-14T15:25:15","modified_gmt":"2025-07-14T12:25:15","slug":"gsi-outdoors-edamriks-essential-long-spoon","status":"publish","type":"product","link":"https:\/\/sezona.lv\/en\/products\/gsi-outdoors-edamriks-essential-long-spoon\/","title":{"rendered":"GSI Outdoors \u0112damr\u012bks Essential Long Spoon"},"content":{"rendered":"<div class=\"rte\">\n<div class=\"rte\">\n<p>Gar\u0101 k\u0101ta karote, lielisks pal\u012bgs p\u0101rpus m\u0101jas  virtuves darbos. Silikona karotes da\u013ca nodro&scaron;ina t\u012br\u0101ku katla vai b\u013cotas  &#8220;izslauc\u012b&scaron;anu&#8221;.<\/p>\n<h4>Specifik\u0101cija:<\/h4>\n<p><strong>Materi\u0101ls:<\/strong> Neilona rokturis, silikona karote<br \/><strong>Garums:<\/strong> 25 cm<br \/><strong>Svars:<\/strong> 28 g<\/p>\n<\/div>\n<\/div>\n","protected":false},"excerpt":{"rendered":"<p>Gar\u0101 k\u0101ta karote, lielisks pal\u012bgs p\u0101rpus m\u0101jas virtuves darbos. Silikona karotes da\u013ca nodro&scaron;ina t\u012br\u0101ku katla vai b\u013cotas &#8220;izslauc\u012b&scaron;anu&#8221;. Specifik\u0101cija: Materi\u0101ls: Neilona rokturis, silikona karoteGarums: 25 cmSvars: 28 g<\/p>\n","protected":false},"featured_media":0,"template":"","meta":[],"product_brand":[959],"product_cat":[4558,4571,4640,4732],"product_tag":[],"class_list":{"0":"post-78507","1":"product","2":"type-product","3":"status-publish","5":"product_brand-gsi-outdoors","6":"product_cat-for-tourism-recreation","7":"product_cat-dishes-knives-folding-tables-for-tourism-recreation","8":"product_cat-recreation","9":"product_cat-cutlery-dishes-knives-folding-tables-for-tourism-recreation","11":"first","12":"instock","13":"shipping-taxable","14":"purchasable","15":"product-type-simple"},"_links":{"self":[{"href":"https:\/\/sezona.lv\/en\/wp-json\/wp\/v2\/product\/78507","targetHints":{"allow":["GET"]}}],"collection":[{"href":"https:\/\/sezona.lv\/en\/wp-json\/wp\/v2\/product"}],"about":[{"href":"https:\/\/sezona.lv\/en\/wp-json\/wp\/v2\/types\/product"}],"wp:attachment":[{"href":"https:\/\/sezona.lv\/en\/wp-json\/wp\/v2\/media?parent=78507"}],"wp:term":[{"taxonomy":"product_brand","embeddable":true,"href":"https:\/\/sezona.lv\/en\/wp-json\/wp\/v2\/product_brand?post=78507"},{"taxonomy":"product_cat","embeddable":true,"href":"https:\/\/sezona.lv\/en\/wp-json\/wp\/v2\/product_cat?post=78507"},{"taxonomy":"product_tag","embeddable":true,"href":"https:\/\/sezona.lv\/en\/wp-json\/wp\/v2\/product_tag?post=78507"}],"curies":[{"name":"wp","href":"https:\/\/api.w.org\/{rel}","templated":true}]}}