{"id":78508,"date":"2025-07-14T15:25:15","date_gmt":"2025-07-14T12:25:15","guid":{"rendered":"https:\/\/demo8.ecube.lv\/sezona.lv\/products\/mora-kniv-nazis-companion-tactical-gift\/"},"modified":"2025-07-14T15:25:15","modified_gmt":"2025-07-14T12:25:15","slug":"mora-kniv-nazis-companion-tactical-gift","status":"publish","type":"product","link":"https:\/\/sezona.lv\/en\/products\/mora-kniv-nazis-companion-tactical-gift\/","title":{"rendered":"Mora Kniv Nazis Companion Tactical Gift"},"content":{"rendered":"<div class=\"rte\">\n<p>Companion Tactical Gift ir popul\u0101r\u0101 na\u017ea taktisk\u0101  versija, kura ir apstr\u0101d\u0101ta ar speci\u0101lu melnu ED p\u0101rkl\u0101jumu un na\u017ea  maksts ir savietojama ar MOLLE stiprin\u0101jumu.&nbsp;<\/p>\n<h4>Specifik\u0101cija:<\/h4>\n<p><strong>Materi\u0101ls:<\/strong> T\u0113rauds Sandvik 12C27 <br \/><strong>Ciet\u012bba:<\/strong> 56-58 HRC <br \/><strong>Svars:<\/strong> 157 grami <br \/><strong>Asmens garums:<\/strong> 104mm <br \/><strong>Na\u017ea garums:<\/strong> 224mm <br \/><strong>Asmens biezums:<\/strong> 2.5mm<\/p>\n<\/div>\n","protected":false},"excerpt":{"rendered":"<p>Companion Tactical Gift ir popul\u0101r\u0101 na\u017ea taktisk\u0101 versija, kura ir apstr\u0101d\u0101ta ar speci\u0101lu melnu ED p\u0101rkl\u0101jumu un na\u017ea maksts ir savietojama ar MOLLE stiprin\u0101jumu.&nbsp; Specifik\u0101cija: Materi\u0101ls: T\u0113rauds Sandvik 12C27 Ciet\u012bba: 56-58 HRC Svars: 157 grami Asmens garums: 104mm Na\u017ea garums: 224mm Asmens biezums: 2.5mm<\/p>\n","protected":false},"featured_media":0,"template":"","meta":[],"product_brand":[],"product_cat":[4558,4571,4640,4733],"product_tag":[],"class_list":{"0":"post-78508","1":"product","2":"type-product","3":"status-publish","5":"product_cat-for-tourism-recreation","6":"product_cat-dishes-knives-folding-tables-for-tourism-recreation","7":"product_cat-recreation","8":"product_cat-knives-dishes-knives-folding-tables-for-tourism-recreation","10":"first","11":"instock","12":"shipping-taxable","13":"purchasable","14":"product-type-simple"},"_links":{"self":[{"href":"https:\/\/sezona.lv\/en\/wp-json\/wp\/v2\/product\/78508","targetHints":{"allow":["GET"]}}],"collection":[{"href":"https:\/\/sezona.lv\/en\/wp-json\/wp\/v2\/product"}],"about":[{"href":"https:\/\/sezona.lv\/en\/wp-json\/wp\/v2\/types\/product"}],"wp:attachment":[{"href":"https:\/\/sezona.lv\/en\/wp-json\/wp\/v2\/media?parent=78508"}],"wp:term":[{"taxonomy":"product_brand","embeddable":true,"href":"https:\/\/sezona.lv\/en\/wp-json\/wp\/v2\/product_brand?post=78508"},{"taxonomy":"product_cat","embeddable":true,"href":"https:\/\/sezona.lv\/en\/wp-json\/wp\/v2\/product_cat?post=78508"},{"taxonomy":"product_tag","embeddable":true,"href":"https:\/\/sezona.lv\/en\/wp-json\/wp\/v2\/product_tag?post=78508"}],"curies":[{"name":"wp","href":"https:\/\/api.w.org\/{rel}","templated":true}]}}