{"id":78509,"date":"2025-07-14T15:25:16","date_gmt":"2025-07-14T12:25:16","guid":{"rendered":"https:\/\/demo8.ecube.lv\/sezona.lv\/products\/mora-kniv-nazis-bushcraft-black-gift\/"},"modified":"2025-07-14T15:25:16","modified_gmt":"2025-07-14T12:25:16","slug":"mora-kniv-nazis-bushcraft-black-gift","status":"publish","type":"product","link":"https:\/\/sezona.lv\/en\/products\/mora-kniv-nazis-bushcraft-black-gift\/","title":{"rendered":"Mora Kniv Nazis Bushcraft Black Gift"},"content":{"rendered":"<div class=\"rte\">\n<div class=\"rte\">\n<p>Bushcraft Black Gift ir vienk\u0101r&scaron;s t\u016brisma vai med\u012bbu  nazis ar fiks\u0113tu, 3.2mm beizu asmeni, kas nodro&scaron;ina teicamu iztur\u012bbu un  nedeform\u0113j\u0101s pie spiediena. Izgatavots no oglek\u013ca t\u0113rauda un &scaron;is asmens  ir viegli asin\u0101ms. Savuk\u0101rt gumijas spals neizsl\u012bd\u0113s no rokas pat ja  b\u016bs slapj&scaron;.<\/p>\n<h4>Specifik\u0101cija:<\/h4>\n<p><strong>Materi\u0101ls:<\/strong> Oglek\u013ca t\u0113rauds C100 <br \/><strong>Ciet\u012bba:<\/strong> 59-60 HRC <br \/><strong>Svars:<\/strong> 212 grami <br \/><strong>Asmens garums:<\/strong> 109 mm <br \/><strong>Na\u017ea garums:<\/strong> 232 mm <br \/><strong>Asmens biezums:<\/strong> 3.2mm<\/p>\n<\/div>\n<\/div>\n","protected":false},"excerpt":{"rendered":"<p>Bushcraft Black Gift ir vienk\u0101r&scaron;s t\u016brisma vai med\u012bbu nazis ar fiks\u0113tu, 3.2mm beizu asmeni, kas nodro&scaron;ina teicamu iztur\u012bbu un nedeform\u0113j\u0101s pie spiediena. Izgatavots no oglek\u013ca t\u0113rauda un &scaron;is asmens ir viegli asin\u0101ms. Savuk\u0101rt gumijas spals neizsl\u012bd\u0113s no rokas pat ja b\u016bs slapj&scaron;. Specifik\u0101cija: Materi\u0101ls: Oglek\u013ca t\u0113rauds C100 Ciet\u012bba: 59-60 HRC Svars: 212 grami Asmens garums: [&hellip;]<\/p>\n","protected":false},"featured_media":0,"template":"","meta":[],"product_brand":[],"product_cat":[4558,4571,4640,4733],"product_tag":[],"class_list":{"0":"post-78509","1":"product","2":"type-product","3":"status-publish","5":"product_cat-for-tourism-recreation","6":"product_cat-dishes-knives-folding-tables-for-tourism-recreation","7":"product_cat-recreation","8":"product_cat-knives-dishes-knives-folding-tables-for-tourism-recreation","10":"first","11":"instock","12":"shipping-taxable","13":"purchasable","14":"product-type-simple"},"_links":{"self":[{"href":"https:\/\/sezona.lv\/en\/wp-json\/wp\/v2\/product\/78509","targetHints":{"allow":["GET"]}}],"collection":[{"href":"https:\/\/sezona.lv\/en\/wp-json\/wp\/v2\/product"}],"about":[{"href":"https:\/\/sezona.lv\/en\/wp-json\/wp\/v2\/types\/product"}],"wp:attachment":[{"href":"https:\/\/sezona.lv\/en\/wp-json\/wp\/v2\/media?parent=78509"}],"wp:term":[{"taxonomy":"product_brand","embeddable":true,"href":"https:\/\/sezona.lv\/en\/wp-json\/wp\/v2\/product_brand?post=78509"},{"taxonomy":"product_cat","embeddable":true,"href":"https:\/\/sezona.lv\/en\/wp-json\/wp\/v2\/product_cat?post=78509"},{"taxonomy":"product_tag","embeddable":true,"href":"https:\/\/sezona.lv\/en\/wp-json\/wp\/v2\/product_tag?post=78509"}],"curies":[{"name":"wp","href":"https:\/\/api.w.org\/{rel}","templated":true}]}}