{"id":78510,"date":"2025-07-11T16:39:30","date_gmt":"2025-07-11T13:39:30","guid":{"rendered":"https:\/\/demo8.ecube.lv\/sezona.lv\/products\/mora-kniv-nazis-bushcraft-survival-black\/"},"modified":"2025-07-14T15:25:17","modified_gmt":"2025-07-14T12:25:17","slug":"mora-kniv-nazis-bushcraft-survival-black","status":"publish","type":"product","link":"https:\/\/sezona.lv\/en\/products\/mora-kniv-nazis-bushcraft-survival-black\/","title":{"rendered":"Mora Kniv Nazis Bushcraft Survival Black"},"content":{"rendered":"<div class=\"rte\">\n<div class=\"rte\">\n<div class=\"rte\">\n<p>Bushcraft Survival Black. \u0112rts nazis ar fiks\u0113tu,  3.2mm biezu asmeni, kas nodro&scaron;ina teicamu iztur\u012bbu un nedeform\u0113j\u0101s pie  spiediena. Izgatavots no oglek\u013ca t\u0113rauda ar \u012bpa&scaron;u pretkorozijas DLC  p\u0101rkl\u0101jumu, kas neatstaro gaismu. Savuk\u0101rt gumijas spals neizsl\u012bd\u0113s no  rokas pat ja b\u016bs slapj&scaron;.<\/p>\n<h4>Specifik\u0101cija:<\/h4>\n<p><strong>Materi\u0101ls:<\/strong> Oglek\u013ca t\u0113rauds C100 <br \/><strong>Ciet\u012bba:<\/strong> 59-60 HRC <br \/><strong>Svars:<\/strong> 212 grami <br \/><strong>Asmens garums:<\/strong> 109mm <br \/><strong>Na\u017ea garums:<\/strong> 232mm <br \/><strong>Asmens biezums:<\/strong> 3.2mm<\/p>\n<\/div>\n<\/div>\n<\/div>\n","protected":false},"excerpt":{"rendered":"<p>Bushcraft Survival Black. \u0112rts nazis ar fiks\u0113tu, 3.2mm biezu asmeni, kas nodro&scaron;ina teicamu iztur\u012bbu un nedeform\u0113j\u0101s pie spiediena. Izgatavots no oglek\u013ca t\u0113rauda ar \u012bpa&scaron;u pretkorozijas DLC p\u0101rkl\u0101jumu, kas neatstaro gaismu. Savuk\u0101rt gumijas spals neizsl\u012bd\u0113s no rokas pat ja b\u016bs slapj&scaron;. Specifik\u0101cija: Materi\u0101ls: Oglek\u013ca t\u0113rauds C100 Ciet\u012bba: 59-60 HRC Svars: 212 grami Asmens garums: 109mm Na\u017ea [&hellip;]<\/p>\n","protected":false},"featured_media":70172,"template":"","meta":[],"product_brand":[],"product_cat":[4558,4571,4733],"product_tag":[],"class_list":{"0":"post-78510","1":"product","2":"type-product","3":"status-publish","4":"has-post-thumbnail","6":"product_cat-for-tourism-recreation","7":"product_cat-dishes-knives-folding-tables-for-tourism-recreation","8":"product_cat-knives-dishes-knives-folding-tables-for-tourism-recreation","10":"first","11":"instock","12":"shipping-taxable","13":"purchasable","14":"product-type-simple"},"_links":{"self":[{"href":"https:\/\/sezona.lv\/en\/wp-json\/wp\/v2\/product\/78510","targetHints":{"allow":["GET"]}}],"collection":[{"href":"https:\/\/sezona.lv\/en\/wp-json\/wp\/v2\/product"}],"about":[{"href":"https:\/\/sezona.lv\/en\/wp-json\/wp\/v2\/types\/product"}],"wp:featuredmedia":[{"embeddable":true,"href":"https:\/\/sezona.lv\/en\/wp-json\/wp\/v2\/media\/70172"}],"wp:attachment":[{"href":"https:\/\/sezona.lv\/en\/wp-json\/wp\/v2\/media?parent=78510"}],"wp:term":[{"taxonomy":"product_brand","embeddable":true,"href":"https:\/\/sezona.lv\/en\/wp-json\/wp\/v2\/product_brand?post=78510"},{"taxonomy":"product_cat","embeddable":true,"href":"https:\/\/sezona.lv\/en\/wp-json\/wp\/v2\/product_cat?post=78510"},{"taxonomy":"product_tag","embeddable":true,"href":"https:\/\/sezona.lv\/en\/wp-json\/wp\/v2\/product_tag?post=78510"}],"curies":[{"name":"wp","href":"https:\/\/api.w.org\/{rel}","templated":true}]}}